{"id":10,"date":"2019-11-15T15:05:45","date_gmt":"2019-11-15T14:05:45","guid":{"rendered":"https:\/\/www.vievaldis.com\/valdisere\/?page_id=10"},"modified":"2026-01-13T09:05:37","modified_gmt":"2026-01-13T08:05:37","slug":"les-avantages","status":"publish","type":"page","link":"https:\/\/www.vievaldis.com\/valdisere\/les-avantages\/","title":{"rendered":"Les autres avantages"},"content":{"rendered":"<h1>Pr\u00e9sentation de la carte Vie Val d&rsquo;Is<\/h1>\n<p>L&rsquo;obtention de la carte Vie Val d&rsquo;Is est <b>r\u00e9serv\u00e9e aux personnes travaillant sur Val d\u2019Is\u00e8re <\/b>et \u00e0 leur famille (sous certaines conditions). Cette carte r\u00e9pond \u00e0 l&rsquo;une des priorit\u00e9s de l&rsquo;association, qui est de lutter contre le co\u00fbt \u00e9lev\u00e9 de la vie \u00e0 Val d&rsquo;Is\u00e8re.<\/p>\n<p>Les d\u00e9tenteur.rices de la carte b\u00e9n\u00e9ficient de plusieurs avantages :<\/p>\n<p style=\"text-align: left;\">&#8211; <span style=\"color: #339966;\"><strong>Une adh\u00e9sion<\/strong><\/span> incluse \u00e0 l\u2019association <strong>Actimut<\/strong> avec de <strong>Bons plans partenaires et un Contrat MAS<\/strong> souscrit aupr\u00e8s de la <strong>Macif <\/strong>(Assurance pour toutes vos activit\u00e9s sports et loisirs notamment pour le ski piste et hors piste). En cas d\u2019accident, elle couvre les premiers frais de transport du lieu d\u2019accident au lieu de soin le plus proche. <a href=\"https:\/\/actimut.org\/garanties\/multigaranties\/\" target=\"_blank\" rel=\"noopener noreferrer\">les garanties<\/a><\/p>\n<p style=\"text-align: left;\">Plus d&rsquo;infos <a href=\"https:\/\/www.actimut.org\/\" target=\"_blank\" rel=\"noopener noreferrer\">www.actimut.org<\/a><\/p>\n<p style=\"text-align: left;\"><span style=\"color: #19aa4b;\"><span style=\"color: #003300;\">&#8211; <\/span><span style=\"color: #339966;\"><strong>Un acc\u00e8s gratuit<\/strong><\/span><\/span> \u00e0 l\u2019ensemble des activit\u00e9s mises en place par l\u2019association<br \/>\n&#8211; <span style=\"color: #339966;\"><strong>Un acc\u00e8s gratuit \u00e0 internet<\/strong><\/span> via les ordinateurs de l&rsquo;association<\/p>\n<p style=\"text-align: left;\">&#8211; <span style=\"color: #339966;\"><strong>Des r\u00e9ductions<\/strong><\/span> dans <b>plus de 100 commerces<\/b> partenaires de la station et <span style=\"color: #000000;\">ainsi qu&rsquo;un tarif pr\u00e9f\u00e9rentiel sur le forfait de ski saison !<\/span><\/p>\n<h3>Nos partenaires dans la station<\/h3>\n<p><a href=\"https:\/\/www.vievaldis.com\/valdisere\/wp-content\/uploads\/2026\/01\/20260113090102614.pdf\"><img loading=\"lazy\" class=\"aligncenter size-large wp-image-10500\" src=\"https:\/\/www.vievaldis.com\/valdisere\/wp-content\/uploads\/2026\/01\/Capture-decran-2026-01-13-090410-1024x720.png\" alt=\"\" width=\"960\" height=\"675\" srcset=\"https:\/\/www.vievaldis.com\/valdisere\/wp-content\/uploads\/2026\/01\/Capture-decran-2026-01-13-090410-1024x720.png 1024w, https:\/\/www.vievaldis.com\/valdisere\/wp-content\/uploads\/2026\/01\/Capture-decran-2026-01-13-090410-300x211.png 300w, https:\/\/www.vievaldis.com\/valdisere\/wp-content\/uploads\/2026\/01\/Capture-decran-2026-01-13-090410-768x540.png 768w, https:\/\/www.vievaldis.com\/valdisere\/wp-content\/uploads\/2026\/01\/Capture-decran-2026-01-13-090410.png 1349w\" sizes=\"(max-width: 960px) 100vw, 960px\" \/><\/a><\/p>\n","protected":false},"excerpt":{"rendered":"<p>Pr\u00e9sentation de la carte Vie Val d&rsquo;Is L&rsquo;obtention de la carte Vie Val d&rsquo;Is est r\u00e9serv\u00e9e aux personnes travaillant sur Val d\u2019Is\u00e8re et \u00e0 leur famille (sous certaines conditions). Cette carte r\u00e9pond&#8230;<\/p>\n","protected":false},"author":1,"featured_media":0,"parent":0,"menu_order":0,"comment_status":"closed","ping_status":"closed","template":"","meta":[],"_links":{"self":[{"href":"https:\/\/www.vievaldis.com\/valdisere\/wp-json\/wp\/v2\/pages\/10"}],"collection":[{"href":"https:\/\/www.vievaldis.com\/valdisere\/wp-json\/wp\/v2\/pages"}],"about":[{"href":"https:\/\/www.vievaldis.com\/valdisere\/wp-json\/wp\/v2\/types\/page"}],"author":[{"embeddable":true,"href":"https:\/\/www.vievaldis.com\/valdisere\/wp-json\/wp\/v2\/users\/1"}],"replies":[{"embeddable":true,"href":"https:\/\/www.vievaldis.com\/valdisere\/wp-json\/wp\/v2\/comments?post=10"}],"version-history":[{"count":275,"href":"https:\/\/www.vievaldis.com\/valdisere\/wp-json\/wp\/v2\/pages\/10\/revisions"}],"predecessor-version":[{"id":10501,"href":"https:\/\/www.vievaldis.com\/valdisere\/wp-json\/wp\/v2\/pages\/10\/revisions\/10501"}],"wp:attachment":[{"href":"https:\/\/www.vievaldis.com\/valdisere\/wp-json\/wp\/v2\/media?parent=10"}],"curies":[{"name":"wp","href":"https:\/\/api.w.org\/{rel}","templated":true}]}}