{"id":10777,"date":"2026-05-12T10:53:12","date_gmt":"2026-05-12T08:53:12","guid":{"rendered":"https:\/\/www.vievaldis.com\/valdisere\/?page_id=10777"},"modified":"2026-05-12T11:00:48","modified_gmt":"2026-05-12T09:00:48","slug":"10777-2","status":"publish","type":"page","link":"https:\/\/www.vievaldis.com\/valdisere\/vie-quotidienne\/10777-2\/","title":{"rendered":"Jardin Partag\u00e9"},"content":{"rendered":"<p><strong>POTAVAL : Un jardin partag\u00e9 et collectif \u00e0 Val-d\u2019Is\u00e8re : cultiver du lien\u00a0<\/strong><\/p>\n<p>Nich\u00e9e \u00e0 1 850 m\u00e8tres d\u2019altitude au c\u0153ur des Alpes, Val-d\u2019Is\u00e8re est surtout connue pour ses pistes de ski et son cadre naturel exceptionnel. Pourtant, derri\u00e8re cette image de station touristique se d\u00e9veloppent aussi des initiatives locales plus discr\u00e8tes, mais essentielles, dont fait partie le jardin partag\u00e9 POTAVAL. Cet espace cultiv\u00e9 en commun participe \u00e0 transformer la vie quotidienne des habitants, saisonniers comme permanents.<\/p>\n<p><strong>Une initiative port\u00e9e par l\u2019association Vie Val d&rsquo;Is <\/strong><\/p>\n<p>Le projet de jardin partag\u00e9 s\u2019inscrit notamment dans la dynamique de l\u2019association Vie Val d\u2019Is, qui \u0153uvre pour am\u00e9liorer les conditions de vie des habitants. Fin Avril 2026, une rencontre a \u00e9t\u00e9 organis\u00e9e pour pr\u00e9senter et co-construire le jardin, preuve d\u2019un int\u00e9r\u00eat croissant pour ces initiatives participatives.<\/p>\n<p>L\u2019objectif est simple : cr\u00e9er un espace ouvert o\u00f9 chacun peut cultiver, apprendre et \u00e9changer. Dans une station o\u00f9 le co\u00fbt de la vie est \u00e9lev\u00e9 et les logements souvent exigus, ces jardins offrent une opportunit\u00e9 rare de se reconnecter \u00e0 la terre.<\/p>\n<p><strong>Cultiver en altitude<\/strong><\/p>\n<p>Cr\u00e9er un jardin partag\u00e9 en altitude repr\u00e9sente un d\u00e9fi. Le climat de Val-d\u2019Is\u00e8re impose une saison de culture courte et des conditions parfois rudes. Pourtant, ces contraintes deviennent aussi une force : elles encouragent des pratiques adapt\u00e9es comme la permaculture, les cultures en carr\u00e9s potagers ou encore le choix de vari\u00e9t\u00e9s r\u00e9sistantes.<br \/>\nCes moments permettent de transmettre des savoir-faire \u00e0 toutes les g\u00e9n\u00e9rations, mais aussi de sensibiliser \u00e0 des pratiques \u00e9cologiques respectueuses de l\u2019environnement alpin.<\/p>\n<p><strong>Une d\u00e9marche \u00e9cologique et locale<\/strong><\/p>\n<p>Le jardin partag\u00e9 s\u2019inscrit \u00e9galement dans une logique de transition \u00e9cologique. En favorisant les circuits courts et la consommation de produits de saison, il compl\u00e8te d\u2019autres initiatives locales comme les paniers de l\u00e9gumes.<\/p>\n<p><a href=\"https:\/\/www.vievaldis.com\/valdisere\/tous-au-compost\/\">Des zones de compostage accessibles \u00e0 tous<\/a> permettent de valoriser les d\u00e9chets organiques produits\u00a0; ce compost est alors lui-m\u00eame utilis\u00e9 pour le jardin. Une boucle vertueuse qui permet de r\u00e9duire l\u2019impact environnemental de la station.<\/p>\n<p>Le terrain du jardin se trouve pr\u00e8s du centre-ville de Val d\u2019Is\u00e8re et est arbor\u00e9 de Cirses H\u00e9t\u00e9rophyllies, esp\u00e8ce prot\u00e9g\u00e9e qui est mise en valeur gr\u00e2ce \u00e0 un espace \u00ab jardin botanique \u00bb. Un moyen de valoriser les plantes end\u00e9miques tout en valorisant un terrain en friche.<\/p>\n<p><strong>Un projet d\u2019avenir pour les stations de montagne<\/strong><\/p>\n<p>\u00c0 travers ce type d\u2019initiative, le groupe interg\u00e9n\u00e9rationnel \u00e0 l\u2019initiative du jardin partag\u00e9 montre qu\u2019une commune touristique peut aussi \u00eatre un lieu d\u2019innovation sociale et \u00e9cologique. Le jardin collectif POTAVAL incarne une nouvelle mani\u00e8re d\u2019habiter la montagne : plus durable, plus solidaire et plus ancr\u00e9e dans le territoire.<\/p>\n<p>&nbsp;<\/p>\n<p><em><strong>Vous \u00eates int\u00e9ress\u00e9s, souhaitez participer, ou avez des questions sur le jardin POTAVAL ? <\/strong>Venez nous rendre visite directement sur le terrain entre le BBar et les chalets Covarel, tous les mercredis 17h ce printemps \/ \u00e9t\u00e9 2026 ! Ou directement \u00e0 Vievaldis \u00e0 nos horaires d&rsquo;ouverture si vous avez des questions.<\/em><\/p>\n<p><img loading=\"lazy\" class=\"aligncenter wp-image-10778\" src=\"https:\/\/www.vievaldis.com\/valdisere\/wp-content\/uploads\/2026\/05\/432a6192-bca6-499f-ba66-8a0b16406117-225x300.jpeg\" alt=\"\" width=\"276\" height=\"368\" srcset=\"https:\/\/www.vievaldis.com\/valdisere\/wp-content\/uploads\/2026\/05\/432a6192-bca6-499f-ba66-8a0b16406117-225x300.jpeg 225w, https:\/\/www.vievaldis.com\/valdisere\/wp-content\/uploads\/2026\/05\/432a6192-bca6-499f-ba66-8a0b16406117-768x1024.jpeg 768w, https:\/\/www.vievaldis.com\/valdisere\/wp-content\/uploads\/2026\/05\/432a6192-bca6-499f-ba66-8a0b16406117-1152x1536.jpeg 1152w, https:\/\/www.vievaldis.com\/valdisere\/wp-content\/uploads\/2026\/05\/432a6192-bca6-499f-ba66-8a0b16406117.jpeg 1500w\" sizes=\"(max-width: 276px) 100vw, 276px\" \/><\/p>\n","protected":false},"excerpt":{"rendered":"<p>POTAVAL : Un jardin partag\u00e9 et collectif \u00e0 Val-d\u2019Is\u00e8re : cultiver du lien\u00a0 Nich\u00e9e \u00e0 1 850 m\u00e8tres d\u2019altitude au c\u0153ur des Alpes, Val-d\u2019Is\u00e8re est surtout connue pour ses pistes de ski&#8230;<\/p>\n","protected":false},"author":1,"featured_media":10780,"parent":6359,"menu_order":6,"comment_status":"closed","ping_status":"closed","template":"","meta":[],"_links":{"self":[{"href":"https:\/\/www.vievaldis.com\/valdisere\/wp-json\/wp\/v2\/pages\/10777"}],"collection":[{"href":"https:\/\/www.vievaldis.com\/valdisere\/wp-json\/wp\/v2\/pages"}],"about":[{"href":"https:\/\/www.vievaldis.com\/valdisere\/wp-json\/wp\/v2\/types\/page"}],"author":[{"embeddable":true,"href":"https:\/\/www.vievaldis.com\/valdisere\/wp-json\/wp\/v2\/users\/1"}],"replies":[{"embeddable":true,"href":"https:\/\/www.vievaldis.com\/valdisere\/wp-json\/wp\/v2\/comments?post=10777"}],"version-history":[{"count":5,"href":"https:\/\/www.vievaldis.com\/valdisere\/wp-json\/wp\/v2\/pages\/10777\/revisions"}],"predecessor-version":[{"id":10785,"href":"https:\/\/www.vievaldis.com\/valdisere\/wp-json\/wp\/v2\/pages\/10777\/revisions\/10785"}],"up":[{"embeddable":true,"href":"https:\/\/www.vievaldis.com\/valdisere\/wp-json\/wp\/v2\/pages\/6359"}],"wp:featuredmedia":[{"embeddable":true,"href":"https:\/\/www.vievaldis.com\/valdisere\/wp-json\/wp\/v2\/media\/10780"}],"wp:attachment":[{"href":"https:\/\/www.vievaldis.com\/valdisere\/wp-json\/wp\/v2\/media?parent=10777"}],"curies":[{"name":"wp","href":"https:\/\/api.w.org\/{rel}","templated":true}]}}