{"id":10789,"date":"2026-05-12T17:57:52","date_gmt":"2026-05-12T15:57:52","guid":{"rendered":"https:\/\/www.vievaldis.com\/valdisere\/?page_id=10789"},"modified":"2026-05-12T17:57:52","modified_gmt":"2026-05-12T15:57:52","slug":"activites-intersaison","status":"publish","type":"page","link":"https:\/\/www.vievaldis.com\/valdisere\/activites-intersaison\/","title":{"rendered":"Activit\u00e9s intersaison"},"content":{"rendered":"<p>Tout au long de l&rsquo;ann\u00e9e, l\u2019association Vie Val d\u2019Is propose des activit\u00e9s gratuites et exclusivement r\u00e9serv\u00e9es aux adh\u00e9rent\u00b7e\u00b7s<\/p>\n<p>Ces activit\u00e9s sportives ou culturelles, hebdomadaires ou ponctuelles sont toutes anim\u00e9es par des b\u00e9n\u00e9voles.<\/p>\n<h4><span style=\"color: #ff0000;\"><strong>Mai et Juin 2026 :<\/strong><\/span><\/h4>\n<h5><strong>Mardi 18h-20h : VolleyBall<\/strong><\/h5>\n<h5><strong>Mercredi 12h-14h : Badminton<\/strong><\/h5>\n<h5><strong>Mercredi 20h-23h : Jeux de Soci\u00e9t\u00e9<\/strong><\/h5>\n<p>Pour y participer il vous suffit de vous inscrire \u00e0 Vie Val d&rsquo;Is, par t\u00e9l\u00e9phone au 0479068478 ou par mail \u00e0 <a href=\"mailto:accueil@vievaldis.com\">accueil@vievaldis.com<\/a><\/p>\n<p>Utilisation de SportEasy via internet ou l&rsquo;application t\u00e9l\u00e9chargement si besoin selon l&rsquo;activit\u00e9 :<\/p>\n<ul>\n<li><a href=\"https:\/\/play.google.com\/store\/apps\/details?id=com.sporteasy.android&amp;hl=fr&amp;gl=US&amp;pli=1\" target=\"_blank\" rel=\"noopener\">Android<\/a><\/li>\n<li><a href=\"https:\/\/apps.apple.com\/fr\/app\/sporteasy-gestion-sportive\/id599931266\" target=\"_blank\" rel=\"noopener\">Apple<\/a><\/li>\n<\/ul>\n<h3><span style=\"color: #ff0000;\">Attention !<\/span><\/h3>\n<h4>Pour chaque activit\u00e9 c&rsquo;est un b\u00e9n\u00e9vole qui donne de son temps pour partager avec vous une passion.<\/h4>\n<h4><span style=\"color: #ff0000;\">L&rsquo;inscription est \u00e0 la saison et chaque activit\u00e9 propose un nombre limit\u00e9 de place, ne vous inscrivez pas ou ne restez pas inscrit si vous savez ne pas pouvoir venir ou continuer !<\/span><\/h4>\n<h2 style=\"text-align: center;\">MERCI &#x1f49a;<\/h2>\n<div>\n<h2>Salle de musique<\/h2>\n<\/div>\n<div>\n<p>Envie de jouer de la musique mais t\u2019es venu sans mat\u00e9riel !?<\/p>\n<p>Vie Val d\u2019Is te met \u00e0 disposition gratuitement une salle de musique avec des instruments pour r\u00e9p\u00e9ter seul ou entre amis et laisser parler ta cr\u00e9ativit\u00e9 !<\/p>\n<p><strong>Conditions :<\/strong><\/p>\n<ul>\n<li>Sur r\u00e9servation \u00e0 l\u2019association uniquement.<\/li>\n<li>Passer \u00e0 l\u2019association signer la charte et laisser sa pi\u00e8ce d\u2019identit\u00e9.<\/li>\n<\/ul>\n<\/div>\n<p>&nbsp;<\/p>\n<p><strong>Si vous souhaitez vous investir dans l&rsquo;association et devenir \u00ab\u00a0b\u00e9n\u00e9vole d&rsquo;activit\u00e9\u00a0\u00bb d&rsquo;une passion qui vous anime, contactez nous pour en discuter.<\/strong><\/p>\n<p>&nbsp;<\/p>\n","protected":false},"excerpt":{"rendered":"<p>Tout au long de l&rsquo;ann\u00e9e, l\u2019association Vie Val d\u2019Is propose des activit\u00e9s gratuites et exclusivement r\u00e9serv\u00e9es aux adh\u00e9rent\u00b7e\u00b7s Ces activit\u00e9s sportives ou culturelles, hebdomadaires ou ponctuelles sont toutes anim\u00e9es par des b\u00e9n\u00e9voles&#8230;.<\/p>\n","protected":false},"author":1,"featured_media":0,"parent":0,"menu_order":0,"comment_status":"closed","ping_status":"closed","template":"","meta":[],"_links":{"self":[{"href":"https:\/\/www.vievaldis.com\/valdisere\/wp-json\/wp\/v2\/pages\/10789"}],"collection":[{"href":"https:\/\/www.vievaldis.com\/valdisere\/wp-json\/wp\/v2\/pages"}],"about":[{"href":"https:\/\/www.vievaldis.com\/valdisere\/wp-json\/wp\/v2\/types\/page"}],"author":[{"embeddable":true,"href":"https:\/\/www.vievaldis.com\/valdisere\/wp-json\/wp\/v2\/users\/1"}],"replies":[{"embeddable":true,"href":"https:\/\/www.vievaldis.com\/valdisere\/wp-json\/wp\/v2\/comments?post=10789"}],"version-history":[{"count":5,"href":"https:\/\/www.vievaldis.com\/valdisere\/wp-json\/wp\/v2\/pages\/10789\/revisions"}],"predecessor-version":[{"id":10794,"href":"https:\/\/www.vievaldis.com\/valdisere\/wp-json\/wp\/v2\/pages\/10789\/revisions\/10794"}],"wp:attachment":[{"href":"https:\/\/www.vievaldis.com\/valdisere\/wp-json\/wp\/v2\/media?parent=10789"}],"curies":[{"name":"wp","href":"https:\/\/api.w.org\/{rel}","templated":true}]}}