{"id":129,"date":"2018-03-13T13:32:15","date_gmt":"2018-03-13T12:32:15","guid":{"rendered":"https:\/\/www.vievaldis.com\/valdisere\/?page_id=129"},"modified":"2024-09-04T17:31:38","modified_gmt":"2024-09-04T15:31:38","slug":"etre-benevole","status":"publish","type":"page","link":"https:\/\/www.vievaldis.com\/valdisere\/etre-benevole\/","title":{"rendered":"\u00catre b\u00e9n\u00e9vole"},"content":{"rendered":"<p><img loading=\"lazy\" class=\"wp-image-9114 alignright\" src=\"https:\/\/www.vievaldis.com\/valdisere\/wp-content\/uploads\/2024\/09\/WhatsApp-Image-2024-04-22-a-20.51.22_14537a5d-1024x512.jpg\" alt=\"\" width=\"534\" height=\"267\" srcset=\"https:\/\/www.vievaldis.com\/valdisere\/wp-content\/uploads\/2024\/09\/WhatsApp-Image-2024-04-22-a-20.51.22_14537a5d-1024x512.jpg 1024w, https:\/\/www.vievaldis.com\/valdisere\/wp-content\/uploads\/2024\/09\/WhatsApp-Image-2024-04-22-a-20.51.22_14537a5d-300x150.jpg 300w, https:\/\/www.vievaldis.com\/valdisere\/wp-content\/uploads\/2024\/09\/WhatsApp-Image-2024-04-22-a-20.51.22_14537a5d-768x384.jpg 768w, https:\/\/www.vievaldis.com\/valdisere\/wp-content\/uploads\/2024\/09\/WhatsApp-Image-2024-04-22-a-20.51.22_14537a5d-1536x768.jpg 1536w, https:\/\/www.vievaldis.com\/valdisere\/wp-content\/uploads\/2024\/09\/WhatsApp-Image-2024-04-22-a-20.51.22_14537a5d.jpg 1600w\" sizes=\"(max-width: 534px) 100vw, 534px\" \/>\u00ab Est b\u00e9n\u00e9vole, toute personne qui s\u2019engage librement pour mener une action non salari\u00e9e en direction d\u2019autrui, en dehors de son temps professionnel et familial.\u00bb<\/p>\n<p>Le b\u00e9n\u00e9volat est donc un don de soi librement consenti et gratuit. Lorsque vous vous engagez en tant que b\u00e9n\u00e9vole au sein d\u2019une structure associative, vous n\u2019avez pas d\u2019obligation l\u00e9gale envers cette structure, c\u2019est un choix volontaire.<\/p>\n<p>\u00catre b\u00e9n\u00e9vole chez Vie Val d\u2019Is, c\u2019est : proposer son aide lors des diff\u00e9rents \u00e9v\u00e8nements organis\u00e9s par l\u2019association l\u2019hiver, l\u2019intersaison et l\u2019\u00e9t\u00e9. Lorsque Vie Val d\u2019Is fera appel \u00e0 vous, vous \u00eates libre d\u2019accepter ou non de venir apporter votre aide en fonction de vos disponibilit\u00e9s.<\/p>\n<p>Vous pouvez nous aider :<\/p>\n<p><strong>&#8211; Pour nos \u00e9v\u00e8nements,<br \/>\n<\/strong><\/p>\n<p><strong>&#8211; Pour proposer des activit\u00e9s gratuites,<br \/>\n<\/strong><\/p>\n<p><strong>&#8211; Ou en participant aux diff\u00e9rents groupes de travail et d&rsquo;\u00e9changes autour de :<\/strong><\/p>\n<ul>\n<li><strong>l&rsquo;environnement<\/strong><\/li>\n<li><strong>l&rsquo;<\/strong><b>\u00e9v\u00e8nementiel<\/b><\/li>\n<li><strong>le partenariat<\/strong><\/li>\n<li><strong>le Caf\u00e9 Queer<\/strong> pour am\u00e9liorer la visibilit\u00e9 et l&rsquo;inclusion du public LGBTQIA+<\/li>\n<\/ul>\n<p>Afin de construire ensemble, <strong>pour votre asso<\/strong>, les projets et les \u00e9v\u00e8nements de demain !<\/p>\n<p>Pour devenir b\u00e9n\u00e9vole, il vous suffit de vous pr\u00e9senter \u00e0 l&rsquo;association et nous parler de vos envies !<\/p>\n<p>Vie Val d\u2019Is met en place tout au long de l\u2019ann\u00e9e une vie associative pour les b\u00e9n\u00e9voles de l\u2019association (sorties, repas, etc).<\/p>\n<p>Vous souhaitez rejoindre notre \u00e9quipe de b\u00e9n\u00e9voles ? Alors n&rsquo;attendez plus et venez nous proposer vos id\u00e9es !<\/p>\n<p>&nbsp;<\/p>\n<p><a href=\"https:\/\/www.vievaldis.com\/valdisere\/wp-content\/uploads\/2023\/09\/Besoin-benevoles.jpg\" target=\"_blank\" rel=\"noopener\"><img loading=\"lazy\" class=\"aligncenter size-large wp-image-7936\" src=\"https:\/\/www.vievaldis.com\/valdisere\/wp-content\/uploads\/2023\/09\/Besoin-benevoles-724x1024.jpg\" alt=\"\" width=\"724\" height=\"1024\" srcset=\"https:\/\/www.vievaldis.com\/valdisere\/wp-content\/uploads\/2023\/09\/Besoin-benevoles-724x1024.jpg 724w, https:\/\/www.vievaldis.com\/valdisere\/wp-content\/uploads\/2023\/09\/Besoin-benevoles-212x300.jpg 212w, https:\/\/www.vievaldis.com\/valdisere\/wp-content\/uploads\/2023\/09\/Besoin-benevoles-768x1086.jpg 768w, https:\/\/www.vievaldis.com\/valdisere\/wp-content\/uploads\/2023\/09\/Besoin-benevoles-1086x1536.jpg 1086w, https:\/\/www.vievaldis.com\/valdisere\/wp-content\/uploads\/2023\/09\/Besoin-benevoles.jpg 1414w\" sizes=\"(max-width: 724px) 100vw, 724px\" \/><\/a><\/p>\n","protected":false},"excerpt":{"rendered":"<p>\u00ab Est b\u00e9n\u00e9vole, toute personne qui s\u2019engage librement pour mener une action non salari\u00e9e en direction d\u2019autrui, en dehors de son temps professionnel et familial.\u00bb Le b\u00e9n\u00e9volat est donc un don de&#8230;<\/p>\n","protected":false},"author":1,"featured_media":0,"parent":0,"menu_order":0,"comment_status":"closed","ping_status":"closed","template":"","meta":[],"_links":{"self":[{"href":"https:\/\/www.vievaldis.com\/valdisere\/wp-json\/wp\/v2\/pages\/129"}],"collection":[{"href":"https:\/\/www.vievaldis.com\/valdisere\/wp-json\/wp\/v2\/pages"}],"about":[{"href":"https:\/\/www.vievaldis.com\/valdisere\/wp-json\/wp\/v2\/types\/page"}],"author":[{"embeddable":true,"href":"https:\/\/www.vievaldis.com\/valdisere\/wp-json\/wp\/v2\/users\/1"}],"replies":[{"embeddable":true,"href":"https:\/\/www.vievaldis.com\/valdisere\/wp-json\/wp\/v2\/comments?post=129"}],"version-history":[{"count":46,"href":"https:\/\/www.vievaldis.com\/valdisere\/wp-json\/wp\/v2\/pages\/129\/revisions"}],"predecessor-version":[{"id":9117,"href":"https:\/\/www.vievaldis.com\/valdisere\/wp-json\/wp\/v2\/pages\/129\/revisions\/9117"}],"wp:attachment":[{"href":"https:\/\/www.vievaldis.com\/valdisere\/wp-json\/wp\/v2\/media?parent=129"}],"curies":[{"name":"wp","href":"https:\/\/api.w.org\/{rel}","templated":true}]}}