{"id":131,"date":"2018-03-13T13:32:39","date_gmt":"2018-03-13T12:32:39","guid":{"rendered":"https:\/\/www.vievaldis.com\/valdisere\/?page_id=131"},"modified":"2024-10-08T10:43:23","modified_gmt":"2024-10-08T08:43:23","slug":"maison-de-service-au-public","status":"publish","type":"page","link":"https:\/\/www.vievaldis.com\/valdisere\/maison-de-service-au-public\/","title":{"rendered":"C&rsquo;est quoi ?"},"content":{"rendered":"<h2><img loading=\"lazy\" class=\"aligncenter size-thumbnail wp-image-4298\" src=\"https:\/\/www.vievaldis.com\/valdisere\/wp-content\/uploads\/2021\/07\/logo_France-services_CMJN-2-150x150.jpg\" alt=\"\" width=\"150\" height=\"150\" srcset=\"https:\/\/www.vievaldis.com\/valdisere\/wp-content\/uploads\/2021\/07\/logo_France-services_CMJN-2-150x150.jpg 150w, https:\/\/www.vievaldis.com\/valdisere\/wp-content\/uploads\/2021\/07\/logo_France-services_CMJN-2-300x300.jpg 300w, https:\/\/www.vievaldis.com\/valdisere\/wp-content\/uploads\/2021\/07\/logo_France-services_CMJN-2-1024x1024.jpg 1024w, https:\/\/www.vievaldis.com\/valdisere\/wp-content\/uploads\/2021\/07\/logo_France-services_CMJN-2-768x768.jpg 768w, https:\/\/www.vievaldis.com\/valdisere\/wp-content\/uploads\/2021\/07\/logo_France-services_CMJN-2-1536x1536.jpg 1536w, https:\/\/www.vievaldis.com\/valdisere\/wp-content\/uploads\/2021\/07\/logo_France-services_CMJN-2-2048x2048.jpg 2048w\" sizes=\"(max-width: 150px) 100vw, 150px\" \/>La labellisation France Services<\/h2>\n<p>En 2021, l\u2019association Vie Val d\u2019Is a \u00e9t\u00e9 labellis\u00e9e \u00ab France Services \u00bb. Avec cette labellisation, l\u2019association est en mesure de pallier l\u2019absence de certains services publics sur la commune et d\u2019apporter des r\u00e9ponses rapides et concr\u00e8tes aux usagers, afin de limiter les d\u00e9placements.<\/p>\n<h3>Les partenaires<\/h3>\n<p>Avec cette labellisation, l\u2019association peut vous renseigner, vous fournir certains formulaires administratifs ou vous mettre en relation avec les partenaires suivants :<\/p>\n<p><a href=\"https:\/\/www.vievaldis.com\/valdisere\/wp-content\/uploads\/2024\/10\/Affiche-Partenaires-FS.png\" target=\"_blank\" rel=\"noopener\"><img loading=\"lazy\" class=\"size-medium wp-image-9225 aligncenter\" src=\"https:\/\/www.vievaldis.com\/valdisere\/wp-content\/uploads\/2024\/10\/Affiche-Partenaires-FS-300x212.png\" alt=\"\" width=\"300\" height=\"212\" srcset=\"https:\/\/www.vievaldis.com\/valdisere\/wp-content\/uploads\/2024\/10\/Affiche-Partenaires-FS-300x212.png 300w, https:\/\/www.vievaldis.com\/valdisere\/wp-content\/uploads\/2024\/10\/Affiche-Partenaires-FS-1024x724.png 1024w, https:\/\/www.vievaldis.com\/valdisere\/wp-content\/uploads\/2024\/10\/Affiche-Partenaires-FS-768x543.png 768w, https:\/\/www.vievaldis.com\/valdisere\/wp-content\/uploads\/2024\/10\/Affiche-Partenaires-FS-1536x1086.png 1536w, https:\/\/www.vievaldis.com\/valdisere\/wp-content\/uploads\/2024\/10\/Affiche-Partenaires-FS-2048x1448.png 2048w\" sizes=\"(max-width: 300px) 100vw, 300px\" \/><\/a><\/p>\n","protected":false},"excerpt":{"rendered":"<p>La labellisation France Services En 2021, l\u2019association Vie Val d\u2019Is a \u00e9t\u00e9 labellis\u00e9e \u00ab France Services \u00bb. Avec cette labellisation, l\u2019association est en mesure de pallier l\u2019absence de certains services publics sur&#8230;<\/p>\n","protected":false},"author":1,"featured_media":0,"parent":0,"menu_order":0,"comment_status":"closed","ping_status":"closed","template":"","meta":[],"_links":{"self":[{"href":"https:\/\/www.vievaldis.com\/valdisere\/wp-json\/wp\/v2\/pages\/131"}],"collection":[{"href":"https:\/\/www.vievaldis.com\/valdisere\/wp-json\/wp\/v2\/pages"}],"about":[{"href":"https:\/\/www.vievaldis.com\/valdisere\/wp-json\/wp\/v2\/types\/page"}],"author":[{"embeddable":true,"href":"https:\/\/www.vievaldis.com\/valdisere\/wp-json\/wp\/v2\/users\/1"}],"replies":[{"embeddable":true,"href":"https:\/\/www.vievaldis.com\/valdisere\/wp-json\/wp\/v2\/comments?post=131"}],"version-history":[{"count":27,"href":"https:\/\/www.vievaldis.com\/valdisere\/wp-json\/wp\/v2\/pages\/131\/revisions"}],"predecessor-version":[{"id":9226,"href":"https:\/\/www.vievaldis.com\/valdisere\/wp-json\/wp\/v2\/pages\/131\/revisions\/9226"}],"wp:attachment":[{"href":"https:\/\/www.vievaldis.com\/valdisere\/wp-json\/wp\/v2\/media?parent=131"}],"curies":[{"name":"wp","href":"https:\/\/api.w.org\/{rel}","templated":true}]}}