{"id":133,"date":"2020-01-30T14:00:57","date_gmt":"2020-01-30T13:00:57","guid":{"rendered":"https:\/\/www.vievaldis.com\/valdisere\/?page_id=133"},"modified":"2022-05-04T10:22:27","modified_gmt":"2022-05-04T08:22:27","slug":"espace-presse","status":"publish","type":"page","link":"https:\/\/www.vievaldis.com\/valdisere\/espace-presse\/","title":{"rendered":"Espace presse"},"content":{"rendered":"<p><strong>Ils parlent de nous !<\/strong><\/p>\n<p>Troph\u00e9 des Cimes<\/p>\n<p style=\"text-align: left;\"><a href=\"https:\/\/www.vievaldis.com\/valdisere\/wp-content\/uploads\/2022\/05\/Dossier-de-presse_Cimes-durables-2022-compresse.pdf\" target=\"_blank\" rel=\"noopener\"><img loading=\"lazy\" class=\"alignnone wp-image-5928 size-medium\" src=\"https:\/\/www.vievaldis.com\/valdisere\/wp-content\/uploads\/2022\/05\/Dossier-de-presse_Cimes-durables-2022-compresse-page-001-215x300.jpg\" alt=\"\" width=\"215\" height=\"300\" srcset=\"https:\/\/www.vievaldis.com\/valdisere\/wp-content\/uploads\/2022\/05\/Dossier-de-presse_Cimes-durables-2022-compresse-page-001-215x300.jpg 215w, https:\/\/www.vievaldis.com\/valdisere\/wp-content\/uploads\/2022\/05\/Dossier-de-presse_Cimes-durables-2022-compresse-page-001-734x1024.jpg 734w, https:\/\/www.vievaldis.com\/valdisere\/wp-content\/uploads\/2022\/05\/Dossier-de-presse_Cimes-durables-2022-compresse-page-001-768x1072.jpg 768w, https:\/\/www.vievaldis.com\/valdisere\/wp-content\/uploads\/2022\/05\/Dossier-de-presse_Cimes-durables-2022-compresse-page-001-1101x1536.jpg 1101w, https:\/\/www.vievaldis.com\/valdisere\/wp-content\/uploads\/2022\/05\/Dossier-de-presse_Cimes-durables-2022-compresse-page-001-1467x2048.jpg 1467w, https:\/\/www.vievaldis.com\/valdisere\/wp-content\/uploads\/2022\/05\/Dossier-de-presse_Cimes-durables-2022-compresse-page-001-scaled.jpg 1834w\" sizes=\"(max-width: 215px) 100vw, 215px\" \/><\/a> \u00a0<a href=\"https:\/\/www.vievaldis.com\/valdisere\/wp-content\/uploads\/2022\/05\/CPCimesDurables2022-ANMSM.pdf\" target=\"_blank\" rel=\"noopener\"><img loading=\"lazy\" class=\"alignnone wp-image-5927 size-medium\" src=\"https:\/\/www.vievaldis.com\/valdisere\/wp-content\/uploads\/2022\/05\/CPCimesDurables2022-ANMSM-page-002-212x300.jpg\" alt=\"\" width=\"212\" height=\"300\" srcset=\"https:\/\/www.vievaldis.com\/valdisere\/wp-content\/uploads\/2022\/05\/CPCimesDurables2022-ANMSM-page-002-212x300.jpg 212w, https:\/\/www.vievaldis.com\/valdisere\/wp-content\/uploads\/2022\/05\/CPCimesDurables2022-ANMSM-page-002-724x1024.jpg 724w, https:\/\/www.vievaldis.com\/valdisere\/wp-content\/uploads\/2022\/05\/CPCimesDurables2022-ANMSM-page-002-768x1086.jpg 768w, https:\/\/www.vievaldis.com\/valdisere\/wp-content\/uploads\/2022\/05\/CPCimesDurables2022-ANMSM-page-002-1086x1536.jpg 1086w, https:\/\/www.vievaldis.com\/valdisere\/wp-content\/uploads\/2022\/05\/CPCimesDurables2022-ANMSM-page-002-1448x2048.jpg 1448w, https:\/\/www.vievaldis.com\/valdisere\/wp-content\/uploads\/2022\/05\/CPCimesDurables2022-ANMSM-page-002-scaled.jpg 1811w\" sizes=\"(max-width: 212px) 100vw, 212px\" \/><\/a><\/p>\n<p>Article paru dans le Dauphin\u00e9 ao\u00fbt 2021: ramassage en rivi\u00e8re<\/p>\n<p><img loading=\"lazy\" class=\"size-full wp-image-4391 alignnone\" src=\"https:\/\/www.vievaldis.com\/valdisere\/wp-content\/uploads\/2021\/09\/Article-presse-nettoyage-berges.png\" alt=\"\" width=\"485\" height=\"645\" srcset=\"https:\/\/www.vievaldis.com\/valdisere\/wp-content\/uploads\/2021\/09\/Article-presse-nettoyage-berges.png 485w, https:\/\/www.vievaldis.com\/valdisere\/wp-content\/uploads\/2021\/09\/Article-presse-nettoyage-berges-226x300.png 226w\" sizes=\"(max-width: 485px) 100vw, 485px\" \/><\/p>\n<p>Article paru dans le Dauphin\u00e9 ao\u00fbt 2021: barbecue des b\u00e9n\u00e9voles<\/p>\n<p><img loading=\"lazy\" class=\"wp-image-4390 size-full alignnone\" src=\"https:\/\/www.vievaldis.com\/valdisere\/wp-content\/uploads\/2021\/09\/Article-presse-BBQ-VVD.png\" alt=\"\" width=\"661\" height=\"442\" srcset=\"https:\/\/www.vievaldis.com\/valdisere\/wp-content\/uploads\/2021\/09\/Article-presse-BBQ-VVD.png 661w, https:\/\/www.vievaldis.com\/valdisere\/wp-content\/uploads\/2021\/09\/Article-presse-BBQ-VVD-300x201.png 300w\" sizes=\"(max-width: 661px) 100vw, 661px\" \/><\/p>\n<p>Article paru dans le Dauphin\u00e9 juillet 2021: La Journ\u00e9e de l&rsquo;Environnement<\/p>\n<p><img loading=\"lazy\" class=\"wp-image-4305 size-full alignleft\" src=\"https:\/\/www.vievaldis.com\/valdisere\/wp-content\/uploads\/2021\/08\/Article-DL-22-08-2021-JDE.jpg\" alt=\"\" width=\"894\" height=\"603\" srcset=\"https:\/\/www.vievaldis.com\/valdisere\/wp-content\/uploads\/2021\/08\/Article-DL-22-08-2021-JDE.jpg 894w, https:\/\/www.vievaldis.com\/valdisere\/wp-content\/uploads\/2021\/08\/Article-DL-22-08-2021-JDE-300x202.jpg 300w, https:\/\/www.vievaldis.com\/valdisere\/wp-content\/uploads\/2021\/08\/Article-DL-22-08-2021-JDE-768x518.jpg 768w\" sizes=\"(max-width: 894px) 100vw, 894px\" \/><\/p>\n<p>&nbsp;<\/p>\n<p>&nbsp;<\/p>\n<p>&nbsp;<\/p>\n<p>&nbsp;<\/p>\n<p>&nbsp;<\/p>\n<p>&nbsp;<\/p>\n<p>&nbsp;<\/p>\n<p>&nbsp;<\/p>\n<p>&nbsp;<\/p>\n<p>&nbsp;<\/p>\n<p>&nbsp;<\/p>\n<p>&nbsp;<\/p>\n<p>&nbsp;<\/p>\n<p>&nbsp;<\/p>\n<p>&nbsp;<\/p>\n<p>&nbsp;<\/p>\n<p>Article paru dans le Dauphin\u00e9 juillet 2021: La Journ\u00e9e de l&rsquo;Environnement<\/p>\n<p><img loading=\"lazy\" class=\"wp-image-4321 size-full alignleft\" src=\"https:\/\/www.vievaldis.com\/valdisere\/wp-content\/uploads\/2021\/08\/Le-Dauphine-JDE-20-juillet-2021.png\" alt=\"\" width=\"757\" height=\"740\" srcset=\"https:\/\/www.vievaldis.com\/valdisere\/wp-content\/uploads\/2021\/08\/Le-Dauphine-JDE-20-juillet-2021.png 757w, https:\/\/www.vievaldis.com\/valdisere\/wp-content\/uploads\/2021\/08\/Le-Dauphine-JDE-20-juillet-2021-300x293.png 300w\" sizes=\"(max-width: 757px) 100vw, 757px\" \/><\/p>\n<p>&nbsp;<\/p>\n<p>&nbsp;<\/p>\n<p>&nbsp;<\/p>\n<p>&nbsp;<\/p>\n<p>&nbsp;<\/p>\n<p>&nbsp;<\/p>\n<p>&nbsp;<\/p>\n<p>&nbsp;<\/p>\n<p>&nbsp;<\/p>\n<p>&nbsp;<\/p>\n<p>&nbsp;<\/p>\n<p>&nbsp;<\/p>\n<p>&nbsp;<\/p>\n<p>&nbsp;<\/p>\n<p>&nbsp;<\/p>\n<p>&nbsp;<\/p>\n<p>&nbsp;<\/p>\n<p>&nbsp;<\/p>\n<p>&nbsp;<\/p>\n<p>Article paru dans le Dauphin\u00e9 mars 2021: la Journ\u00e9e de la Sant\u00e9<\/p>\n<p><img loading=\"lazy\" class=\"alignnone size-full wp-image-3967\" src=\"https:\/\/www.vievaldis.com\/valdisere\/wp-content\/uploads\/2021\/03\/journee-sante-dl.png\" alt=\"\" width=\"545\" height=\"707\" srcset=\"https:\/\/www.vievaldis.com\/valdisere\/wp-content\/uploads\/2021\/03\/journee-sante-dl.png 545w, https:\/\/www.vievaldis.com\/valdisere\/wp-content\/uploads\/2021\/03\/journee-sante-dl-231x300.png 231w\" sizes=\"(max-width: 545px) 100vw, 545px\" \/><\/p>\n<p>Article paru dans le Dauphin\u00e9 mars 2021: Bourse aux livres\/Friperie<\/p>\n<p><img loading=\"lazy\" class=\"alignnone size-full wp-image-3966\" src=\"https:\/\/www.vievaldis.com\/valdisere\/wp-content\/uploads\/2021\/03\/braderie.png\" alt=\"\" width=\"622\" height=\"458\" srcset=\"https:\/\/www.vievaldis.com\/valdisere\/wp-content\/uploads\/2021\/03\/braderie.png 622w, https:\/\/www.vievaldis.com\/valdisere\/wp-content\/uploads\/2021\/03\/braderie-300x221.png 300w\" sizes=\"(max-width: 622px) 100vw, 622px\" \/><\/p>\n<p>Article paru dans le Dauphin\u00e9 juillet 2020: Journ\u00e9e de l&rsquo;Environnement<\/p>\n<p><img loading=\"lazy\" class=\"alignnone size-full wp-image-3153\" src=\"https:\/\/www.vievaldis.com\/valdisere\/wp-content\/uploads\/2020\/07\/JDE2020.png\" alt=\"\" width=\"446\" height=\"679\" srcset=\"https:\/\/www.vievaldis.com\/valdisere\/wp-content\/uploads\/2020\/07\/JDE2020.png 446w, https:\/\/www.vievaldis.com\/valdisere\/wp-content\/uploads\/2020\/07\/JDE2020-197x300.png 197w\" sizes=\"(max-width: 446px) 100vw, 446px\" \/><\/p>\n<p>Article paru dans le Dauphin\u00e9 juin 2020: Ap\u00e9ro Jardinage<\/p>\n<p><img loading=\"lazy\" class=\"alignnone size-full wp-image-3152\" src=\"https:\/\/www.vievaldis.com\/valdisere\/wp-content\/uploads\/2020\/07\/carr\u00e9potager.png\" alt=\"\" width=\"1015\" height=\"619\" srcset=\"https:\/\/www.vievaldis.com\/valdisere\/wp-content\/uploads\/2020\/07\/carr\u00e9potager.png 1015w, https:\/\/www.vievaldis.com\/valdisere\/wp-content\/uploads\/2020\/07\/carr\u00e9potager-300x183.png 300w, https:\/\/www.vievaldis.com\/valdisere\/wp-content\/uploads\/2020\/07\/carr\u00e9potager-768x468.png 768w\" sizes=\"(max-width: 1015px) 100vw, 1015px\" \/><\/p>\n<p>Article paru dans le Dauphin\u00e9 janvier 2020 : Soir\u00e9e d&rsquo;accueil<\/p>\n<p><a href=\"https:\/\/www.vievaldis.com\/valdisere\/wp-content\/uploads\/2020\/05\/Soir\u00e9e-accueil-2020.jpg\"><img loading=\"lazy\" class=\"alignnone size-full wp-image-3036\" src=\"https:\/\/www.vievaldis.com\/valdisere\/wp-content\/uploads\/2020\/05\/Soir\u00e9e-accueil-2020.jpg\" alt=\"\" width=\"817\" height=\"625\" \/><\/a><\/p>\n<p>Article paru dans le magazine de Val d&rsquo;Is\u00e8re \u00ab\u00a0360\u00b0\u00a0\u00bb Nov 2019 : ITW avec Margot Boullanger<\/p>\n<p>&nbsp;<\/p>\n<p><a href=\"https:\/\/www.vievaldis.com\/valdisere\/wp-content\/uploads\/2020\/05\/VVD-MSAP-Mag-360\u00b0-Nov-2019.pdf\"><img loading=\"lazy\" class=\"alignnone size-full wp-image-3035\" src=\"https:\/\/www.vievaldis.com\/valdisere\/wp-content\/uploads\/2020\/05\/ITW-MSAP-2020.jpg\" alt=\"\" width=\"846\" height=\"637\" srcset=\"https:\/\/www.vievaldis.com\/valdisere\/wp-content\/uploads\/2020\/05\/ITW-MSAP-2020.jpg 846w, https:\/\/www.vievaldis.com\/valdisere\/wp-content\/uploads\/2020\/05\/ITW-MSAP-2020-300x226.jpg 300w, https:\/\/www.vievaldis.com\/valdisere\/wp-content\/uploads\/2020\/05\/ITW-MSAP-2020-768x578.jpg 768w\" sizes=\"(max-width: 846px) 100vw, 846px\" \/><\/a><\/p>\n<p>Juillet 2019 dans le Dauphin\u00e9 Lib\u00e9r\u00e9 :<\/p>\n<p><img loading=\"lazy\" class=\"alignnone size-full wp-image-2888\" src=\"https:\/\/www.vievaldis.com\/valdisere\/wp-content\/uploads\/2020\/02\/Dauphin\u00e9-07.19-13i\u00e8me-journ\u00e9e-Environnement.jpg\" alt=\"\" width=\"589\" height=\"624\" srcset=\"https:\/\/www.vievaldis.com\/valdisere\/wp-content\/uploads\/2020\/02\/Dauphin\u00e9-07.19-13i\u00e8me-journ\u00e9e-Environnement.jpg 589w, https:\/\/www.vievaldis.com\/valdisere\/wp-content\/uploads\/2020\/02\/Dauphin\u00e9-07.19-13i\u00e8me-journ\u00e9e-Environnement-283x300.jpg 283w\" sizes=\"(max-width: 589px) 100vw, 589px\" \/><\/p>\n<p>Communiqu\u00e9 de presse Val d&rsquo;Is\u00e8re, Journ\u00e9e de l&rsquo;Environnement 2019 :<\/p>\n<p><img loading=\"lazy\" class=\"alignnone size-full wp-image-2890\" src=\"https:\/\/www.vievaldis.com\/valdisere\/wp-content\/uploads\/2020\/02\/6-CP_Journ\u00e9eEnvironnement_19-002-page-001.jpg\" alt=\"\" width=\"1240\" height=\"1754\" \/><img loading=\"lazy\" class=\"alignnone size-full wp-image-2891\" src=\"https:\/\/www.vievaldis.com\/valdisere\/wp-content\/uploads\/2020\/02\/6-CP_Journ\u00e9eEnvironnement_19-002-page-002.jpg\" alt=\"\" width=\"1240\" height=\"1754\" \/><\/p>\n<p>Article paru dans Hors-s\u00e9rie Infosnews- Magazine solidaire &#8211; Janvier 2019\u00a0 : ITW avec Margot Boullanger<\/p>\n<p><a href=\"https:\/\/www.vievaldis.com\/valdisere\/wp-content\/uploads\/2020\/02\/3-InfosNews_01.2019-page-004.jpg\"><img loading=\"lazy\" class=\"alignnone size-full wp-image-2892\" src=\"https:\/\/www.vievaldis.com\/valdisere\/wp-content\/uploads\/2020\/02\/3-InfosNews_01.2019-page-004.jpg\" alt=\"\" width=\"2481\" height=\"1754\" \/><\/a><\/p>\n<p>Article paru le samedi 13 avril 2019 :<\/p>\n<p><img loading=\"lazy\" class=\"alignnone size-full wp-image-1883\" src=\"https:\/\/www.vievaldis.com\/valdisere\/wp-content\/uploads\/2019\/04\/presses.png\" alt=\"\" width=\"841\" height=\"575\" \/><\/p>\n<p>Article paru le 09 janvier 2019 dans le Dauphin\u00e9 Lib\u00e9r\u00e9 :<\/p>\n<p><img loading=\"lazy\" class=\"alignnone size-full wp-image-1708\" src=\"https:\/\/www.vievaldis.com\/valdisere\/wp-content\/uploads\/2019\/02\/Capture.png\" alt=\"\" width=\"567\" height=\"567\" \/><\/p>\n<p>Article paru le 02 janvier 2019 dans le Dauphin\u00e9 Lib\u00e9r\u00e9 :<\/p>\n<p><a href=\"https:\/\/www.vievaldis.com\/valdisere\/wp-content\/uploads\/2019\/01\/1-Snwoshow-et-\u00e9cocups.pdf\"><img loading=\"lazy\" class=\"size-large wp-image-1626 alignleft\" src=\"https:\/\/www.vievaldis.com\/valdisere\/wp-content\/uploads\/2019\/01\/Capture.jpg\" alt=\"\" width=\"501\" height=\"646\" \/><\/a><\/p>\n<p>&nbsp;<\/p>\n<p>&nbsp;<\/p>\n<p>&nbsp;<\/p>\n<p>&nbsp;<\/p>\n<p>&nbsp;<\/p>\n<p>&nbsp;<\/p>\n<p>&nbsp;<\/p>\n<p>&nbsp;<\/p>\n<p>&nbsp;<\/p>\n<p>&nbsp;<\/p>\n<p>&nbsp;<\/p>\n<p>&nbsp;<\/p>\n<p>&nbsp;<\/p>\n<p>&nbsp;<\/p>\n<p>&nbsp;<\/p>\n<p>&nbsp;<\/p>\n<p>&nbsp;<\/p>\n<p>Article paru le 22 d\u00e9cembre 2018 dans le Dauphin\u00e9 Lib\u00e9r\u00e9 :<\/p>\n<p><img loading=\"lazy\" class=\"alignnone size-large wp-image-1464\" src=\"https:\/\/www.vievaldis.com\/valdisere\/wp-content\/uploads\/2018\/12\/Soir\u00e9e-daccueil-1024x596.jpg\" alt=\"\" width=\"960\" height=\"559\" \/><\/p>\n<p>Article paru le 19 juillet 2018 dans le Dauphin\u00e9 Lib\u00e9r\u00e9 :<\/p>\n<p><span style=\"color: #000000;\"><img loading=\"lazy\" class=\"alignnone wp-image-714 size-full\" src=\"https:\/\/www.vievaldis.com\/valdisere\/wp-content\/uploads\/2018\/07\/JDE-2018.jpg\" alt=\"\" width=\"933\" height=\"528\" \/><\/span><\/p>\n<p>Communiqu\u00e9 de presse sur la Journ\u00e9e de l&rsquo;environnement, par l&rsquo;Office de tourisme le 12 Juillet 2018<\/p>\n<p><a href=\"https:\/\/www.vievaldis.com\/valdisere\/wp-content\/uploads\/2018\/07\/Communiqu\u00e9-presse-JDE-2018.pdf\" target=\"_blank\" rel=\"noopener noreferrer\">cliquer ici<\/a><\/p>\n<p>&nbsp;<\/p>\n<p><span style=\"color: #000000;\">Article paru le 05 mars 2018 dans le Dauphin\u00e9 Lib\u00e9r\u00e9 :\u00a0<\/span><\/p>\n<p><img loading=\"lazy\" class=\"alignnone wp-image-430 size-full\" src=\"https:\/\/www.vievaldis.com\/valdisere\/wp-content\/uploads\/2018\/05\/Th\u00e9\u00e2tre-la-Bandanou-du-05.03.18.jpg\" alt=\"\" width=\"949\" height=\"465\" \/><\/p>\n<p>Article paru le 07 f\u00e9vrier 2018 dans le Dauphin\u00e9 Lib\u00e9r\u00e9 :<\/p>\n<p><img loading=\"lazy\" class=\"alignnone size-full wp-image-429\" src=\"https:\/\/www.vievaldis.com\/valdisere\/wp-content\/uploads\/2018\/05\/Journ\u00e9e-sant\u00e9-06.02.18.jpg\" alt=\"\" width=\"928\" height=\"463\" \/><\/p>\n<p>Article paru le 24 janvier 2018 dans le Dauphin\u00e9 Lib\u00e9r\u00e9 :<\/p>\n<p><img loading=\"lazy\" class=\"alignnone size-full wp-image-428\" src=\"https:\/\/www.vievaldis.com\/valdisere\/wp-content\/uploads\/2018\/05\/AG-VVD-23.01.18.jpg\" alt=\"\" width=\"953\" height=\"501\" \/><\/p>\n<p>Article paru le 16 novembre 2017 dans le Dauphin\u00e9 Lib\u00e9r\u00e9 :<\/p>\n<p><img loading=\"lazy\" class=\"alignnone size-full wp-image-438\" src=\"https:\/\/www.vievaldis.com\/valdisere\/wp-content\/uploads\/2018\/05\/Lancement-des-cartes-vvd-17-18.jpg\" alt=\"\" width=\"469\" height=\"608\" \/><\/p>\n<p>Article paru le 25 octobre 2017 dans le Dauphin\u00e9 Lib\u00e9r\u00e9 :<\/p>\n<p><img loading=\"lazy\" class=\"alignnone size-full wp-image-439\" src=\"https:\/\/www.vievaldis.com\/valdisere\/wp-content\/uploads\/2018\/05\/Soir\u00e9e-dintersaison-17.jpg\" alt=\"\" width=\"505\" height=\"542\" srcset=\"https:\/\/www.vievaldis.com\/valdisere\/wp-content\/uploads\/2018\/05\/Soir\u00e9e-dintersaison-17.jpg 505w, https:\/\/www.vievaldis.com\/valdisere\/wp-content\/uploads\/2018\/05\/Soir\u00e9e-dintersaison-17-280x300.jpg 280w\" sizes=\"(max-width: 505px) 100vw, 505px\" \/><\/p>\n<p>Article paru le 24 juillet 2017 dans le Dauphin\u00e9 Lib\u00e9r\u00e9 :<\/p>\n<p><img loading=\"lazy\" class=\"alignnone size-full wp-image-437\" src=\"https:\/\/www.vievaldis.com\/valdisere\/wp-content\/uploads\/2018\/05\/JDE-17.jpg\" alt=\"\" width=\"933\" height=\"464\" \/><\/p>\n","protected":false},"excerpt":{"rendered":"<p>Ils parlent de nous ! Troph\u00e9 des Cimes \u00a0 Article paru dans le Dauphin\u00e9 ao\u00fbt 2021: ramassage en rivi\u00e8re Article paru dans le Dauphin\u00e9 ao\u00fbt 2021: barbecue des b\u00e9n\u00e9voles Article paru dans&#8230;<\/p>\n","protected":false},"author":1,"featured_media":0,"parent":0,"menu_order":0,"comment_status":"closed","ping_status":"closed","template":"","meta":[],"_links":{"self":[{"href":"https:\/\/www.vievaldis.com\/valdisere\/wp-json\/wp\/v2\/pages\/133"}],"collection":[{"href":"https:\/\/www.vievaldis.com\/valdisere\/wp-json\/wp\/v2\/pages"}],"about":[{"href":"https:\/\/www.vievaldis.com\/valdisere\/wp-json\/wp\/v2\/types\/page"}],"author":[{"embeddable":true,"href":"https:\/\/www.vievaldis.com\/valdisere\/wp-json\/wp\/v2\/users\/1"}],"replies":[{"embeddable":true,"href":"https:\/\/www.vievaldis.com\/valdisere\/wp-json\/wp\/v2\/comments?post=133"}],"version-history":[{"count":44,"href":"https:\/\/www.vievaldis.com\/valdisere\/wp-json\/wp\/v2\/pages\/133\/revisions"}],"predecessor-version":[{"id":5930,"href":"https:\/\/www.vievaldis.com\/valdisere\/wp-json\/wp\/v2\/pages\/133\/revisions\/5930"}],"wp:attachment":[{"href":"https:\/\/www.vievaldis.com\/valdisere\/wp-json\/wp\/v2\/media?parent=133"}],"curies":[{"name":"wp","href":"https:\/\/api.w.org\/{rel}","templated":true}]}}