{"id":140,"date":"2022-06-22T16:00:40","date_gmt":"2022-06-22T14:00:40","guid":{"rendered":"https:\/\/www.vievaldis.com\/valdisere\/?page_id=140"},"modified":"2025-12-17T11:58:22","modified_gmt":"2025-12-17T10:58:22","slug":"transports","status":"publish","type":"page","link":"https:\/\/www.vievaldis.com\/valdisere\/transports\/","title":{"rendered":"Mobilit\u00e9 &#038; Parkings"},"content":{"rendered":"<h2>Parkings<\/h2>\n<p>Les parkings de Val d\u2019Is\u00e8re sont g\u00e9r\u00e9s par la soci\u00e9t\u00e9 Q-Park.\u00a0Pour r\u00e9server un parking pour la saison d\u2019hiver, rendez-vous directement sur le site en <a href=\"https:\/\/www.q-park.fr\/fr-fr\/villes\/val-d-is%C3%A8re\/\" target=\"_blank\" rel=\"noopener noreferrer\">cliquant ici<\/a><\/p>\n<p>Attention, les places de parking pour la saison d\u2019hiver sont limit\u00e9es, pensez \u00e0 r\u00e9server votre place bien en avance.<\/p>\n<p>Le stationnement est gratuit sur les p\u00e9riodes d&rsquo;intersaisons et d&rsquo;\u00e9t\u00e9.<\/p>\n<h2>Mobilit\u00e9<\/h2>\n<p>Si vous \u00eates sur cette page, c&rsquo;est que vous cherchez probablement un moyen de d\u00e9placement ponctuel ou r\u00e9gulier. Nous avons donc essay\u00e9 de recenser les diff\u00e9rentes possibilit\u00e9s en terme de mobilit\u00e9 qui s&rsquo;offrent \u00e0 vous.<\/p>\n<p><a href=\"https:\/\/www.vievaldis.com\/valdisere\/wp-content\/uploads\/2025\/12\/A-partir-du-15.12.25_Affiche_S82-S83_7j7_annuelles_v2-002-scaled.jpg\"><img loading=\"lazy\" class=\"aligncenter wp-image-10425 size-medium\" src=\"https:\/\/www.vievaldis.com\/valdisere\/wp-content\/uploads\/2025\/12\/A-partir-du-15.12.25_Affiche_S82-S83_7j7_annuelles_v2-002-212x300.jpg\" alt=\"\" width=\"212\" height=\"300\" srcset=\"https:\/\/www.vievaldis.com\/valdisere\/wp-content\/uploads\/2025\/12\/A-partir-du-15.12.25_Affiche_S82-S83_7j7_annuelles_v2-002-212x300.jpg 212w, https:\/\/www.vievaldis.com\/valdisere\/wp-content\/uploads\/2025\/12\/A-partir-du-15.12.25_Affiche_S82-S83_7j7_annuelles_v2-002-724x1024.jpg 724w, https:\/\/www.vievaldis.com\/valdisere\/wp-content\/uploads\/2025\/12\/A-partir-du-15.12.25_Affiche_S82-S83_7j7_annuelles_v2-002-768x1086.jpg 768w, https:\/\/www.vievaldis.com\/valdisere\/wp-content\/uploads\/2025\/12\/A-partir-du-15.12.25_Affiche_S82-S83_7j7_annuelles_v2-002-1086x1536.jpg 1086w, https:\/\/www.vievaldis.com\/valdisere\/wp-content\/uploads\/2025\/12\/A-partir-du-15.12.25_Affiche_S82-S83_7j7_annuelles_v2-002-1448x2048.jpg 1448w, https:\/\/www.vievaldis.com\/valdisere\/wp-content\/uploads\/2025\/12\/A-partir-du-15.12.25_Affiche_S82-S83_7j7_annuelles_v2-002-scaled.jpg 1810w\" sizes=\"(max-width: 212px) 100vw, 212px\" \/><\/a><\/p>\n<p><strong>&#x1f68c; NOUVEAUT\u00c9S MOBILIT\u00c9S\u00a0: Les lignes S82\/s83 seront maintenant disponibles \u00e0 l\u2019ann\u00e9e.<\/strong><\/p>\n<p><strong>\u00a0Lignes S82\/S83 : <\/strong>d\u00e9sormais disponibles TOUTE L\u2019ANN\u00c9E ! Reliez Bourg-Saint-Maurice, S\u00e9ez Centre, Sainte-Foy Village, Tignes 1800 et Val d\u2019Is\u00e8re 365 jours par an.<\/p>\n<p><strong>&#x1f4b0; TARIFS :<\/strong><\/p>\n<ul>\n<li>Tickets \u00e0 l\u2019unit\u00e9<\/li>\n<li>Carnet 10 tickets nominatifs : 30\u20ac (soit 3\u20ac\/trajet)<\/li>\n<li>Abonnement mensuel : 62\u20ac<\/li>\n<li>Abonnement saisonnier : 160\u20ac<\/li>\n<\/ul>\n<p>&#x1f4a1; <strong>BON \u00c0 SAVOIR<\/strong> : Votre employeur peut prendre en charge 50% de vos abonnements de transport domicile &#8211; travail !<\/p>\n<p>&nbsp;<\/p>\n<p><strong>&#x26a0;&#xfe0f; IMPORTANT : TOUT LE REGLEMENT EST DISPONIBLE <a href=\"https:\/\/www.vievaldis.com\/valdisere\/wp-content\/uploads\/2025\/12\/Reglement-de-vente-des-carnets-de-10-tickets_lignes-s82s83_V6.pdf\" target=\"_blank\" rel=\"noopener\">ICI<\/a> &#x26a0;&#xfe0f;<\/strong><\/p>\n<p>&nbsp;<\/p>\n<p><strong>PENSEZ \u00c0 R\u00c9SERVER ! <\/strong>Pour voyager sereinement, surtout en haute saison et les week-ends, r\u00e9servez votre place.<\/p>\n<p><strong>HORAIRES et RESERVATION\u00a0: <\/strong>&#x1f449; <a href=\"https:\/\/savoie.transdev.com\/\">https:\/\/savoie.transdev.com\/<\/a> .<\/p>\n<p><strong>Retrouvez plus d\u2019informations dans le guide mobilit\u00e9 CCHT ou au 04.79.41.51.53 <\/strong><\/p>\n<p>&nbsp;<\/p>\n<ul>\n<li>\n<h3><strong>Le co-voiturage<\/strong><\/h3>\n<\/li>\n<\/ul>\n<p><span class=\"OYPEnA text-decoration-none text-strikethrough-none\">&#8211; <strong>LA HAUTE-TARENTAISE SUBVENTIONNE LE COVOITURAGE<\/strong><\/span><\/p>\n<p class=\"cvGsUA direction-ltr align-start para-style-body\"><span class=\"OYPEnA text-decoration-none text-strikethrough-none\">Les trajets d\u2019au moins 5 km \u00e0 l\u2019int\u00e9rieur du d\u00e9partement de la Savoie seront offerts pour les passagers et indemnis\u00e9s pour les conducteurs. <\/span><span class=\"OYPEnA text-decoration-none text-strikethrough-none\">De plus, l\u2019\u00c9tat offre 100\u20ac pour les nouveaux covoitureurs du quotidien qui r\u00e9alisent 10 trajets en 3 mois. Toutes les infos en cliquant <a href=\"https:\/\/www.vievaldis.com\/valdisere\/wp-content\/uploads\/2023\/10\/CP_Lancement-du-covoiturage-subventionne_12.10.23.pdf\" target=\"_blank\" rel=\"noopener\">ICI<\/a><\/span><\/p>\n<p class=\"cvGsUA direction-ltr align-justify para-style-body\"><span class=\"OYPEnA text-decoration-underline text-strikethrough-none\">COMMENT CA MARCHE :<\/span><\/p>\n<p class=\"cvGsUA direction-ltr align-justify para-style-body\"><span class=\"OYPEnA text-decoration-none text-strikethrough-none\">1.T\u00e9l\u00e9chargez l\u2019application BlaBlaCar Daily<\/span><\/p>\n<p class=\"cvGsUA direction-ltr align-justify para-style-body\"><span class=\"OYPEnA text-decoration-none text-strikethrough-none\">2. Cr\u00e9ez un compte Daily avec votre N\u00b0 de t\u00e9l\u00e9phone ou votre compte BlaBlaCar.<\/span><\/p>\n<p class=\"cvGsUA direction-ltr align-justify para-style-body\"><span class=\"OYPEnA text-decoration-none text-strikethrough-none\">3. Renseignez vos adresses de domicile et travail et vos horaires.<\/span><\/p>\n<p class=\"cvGsUA direction-ltr align-justify para-style-body\"><span class=\"OYPEnA text-decoration-none text-strikethrough-none\">4. Envoyez et acceptez des propositions pour covoiturer en quelques clics !<\/span><\/p>\n<p><a href=\"https:\/\/www.hautetarentaise.fr\/10433-covoiturage-local.htm\" target=\"_blank\" rel=\"noopener\">https:\/\/www.hautetarentaise.fr\/10433-covoiturage-local.htm<\/a><\/p>\n<div>&#8211; <strong>RDV SUR LE SITE DE TV-RADIO VAL D&rsquo;ISERE\u00a0<\/strong> pour d\u00e9poser ou trouver une offre de covoiturage, en <a href=\"http:\/\/www.radiovaldisere.com\/index.php?p=ads\" target=\"_blank\" rel=\"noopener noreferrer\">cliquant ici.<\/a><\/div>\n<p>&#8211; <strong>LES PAGES FACEBOOK \u00ab Les saisonniers de Val d\u2019Is\u00e8re \u00bb et \u00ab Le Vide Grenier de Tignes \u00bb <\/strong>sont \u00e9galement de bons endroit pour d\u00e9poser ou trouver des annonces de covoiturage.<\/p>\n<p>&nbsp;<\/p>\n<ul>\n<li>\n<h3>Train au d\u00e9part\/arriv\u00e9e \u00e0 Bourg St Maurice<\/h3>\n<p>Compte tenu de la crise actuelle et du co\u00fbt de la vie, <a href=\"https:\/\/www.thetrainline.com\/fr\/compagnies-ferroviaires\/sncf\" target=\"_blank\" rel=\"noopener\">Trainline<\/a> a mis au point une ressource sur les cartes ferroviaires SNCF pour vous aider \u00e0 voyager et \u00e9conomiser sur les billets de train.<\/li>\n<li>\n<h3><strong>Location de voitures<\/strong><\/h3>\n<p>Le site <a href=\"https:\/\/turo.com\/fr\/fr\" target=\"_blank\" rel=\"noopener\">https:\/\/turo.com\/fr\/fr<\/a> propose la location de voitures individuelles par un syst\u00e8me de mise en relation propri\u00e9taire de v\u00e9hicule\/loueur.<br \/>\nAlternatives de loueurs professionnels \u00e0 Bourg Saint Maurice: <a href=\"https:\/\/www.europcar.fr\/fr-fr\/agences\/france\/bourg-saint-maurice-gare\" target=\"_blank\" rel=\"noopener\">Europcar<\/a>, <a href=\"https:\/\/www.ulocation.com\/\" target=\"_blank\" rel=\"noopener\">SuperULocation<\/a><\/li>\n<li>\n<h3><strong>Les taxis sur Val d\u2019Is\u00e8re<\/strong><\/h3>\n<p>Rendez-vous sur le site de l\u2019office du tourisme en <a href=\"https:\/\/www.valdisere.com\/guide-du-village\/transports\/\" target=\"_blank\" rel=\"noopener noreferrer\">cliquant ici<\/a><\/li>\n<li>\n<h3><strong>Les navettes gratuites Val d\u2019Is\u00e8re<\/strong><\/h3>\n<p>Pour conna\u00eetre les horaires des navettes gratuites circulant dans la station en hiver comme en \u00e9t\u00e9, rendez-vous sur le site internet de l\u2019office du tourisme en <a href=\"http:\/\/www.valdisere.com\/guide-du-village\/plan-navettes\/\" target=\"_blank\" rel=\"noopener noreferrer\">cliquant ici.<\/a> Vous pouvez \u00e9galement retrouvez toutes ces informations sur l\u2019application mobile Val d\u2019Is\u00e8re. Pour plus d\u2019informations sur cette appli, rendez-vous sur le site de <a href=\"https:\/\/www.valdisere.com\/fiche\/office-du-tourisme\/\" target=\"_blank\" rel=\"noopener noreferrer\">l&rsquo;office du tourisme de Val d&rsquo;Is\u00e8re<\/a><\/li>\n<li>\n<h3><strong>Les navettes gratuites Val d&rsquo;Is\u00e8re &#8211; Tignes<\/strong><\/h3>\n<p>Pour conna\u00eetre les horaires des navettes gratuites circulant entre Val d&rsquo;Is\u00e8re et Tignes, RDV <a href=\"https:\/\/www.valdisere.com\/guide-du-village\/circuler-sur-place\/navettes-gratuites\/\" target=\"_blank\" rel=\"noopener\">ici<\/a><\/p>\n<p><img loading=\"lazy\" class=\"aligncenter wp-image-9841 size-full\" src=\"https:\/\/www.vievaldis.com\/valdisere\/wp-content\/uploads\/2025\/06\/Capture-decran-2025-06-13-111052.jpg\" alt=\"\" width=\"981\" height=\"471\" srcset=\"https:\/\/www.vievaldis.com\/valdisere\/wp-content\/uploads\/2025\/06\/Capture-decran-2025-06-13-111052.jpg 981w, https:\/\/www.vievaldis.com\/valdisere\/wp-content\/uploads\/2025\/06\/Capture-decran-2025-06-13-111052-300x144.jpg 300w, https:\/\/www.vievaldis.com\/valdisere\/wp-content\/uploads\/2025\/06\/Capture-decran-2025-06-13-111052-768x369.jpg 768w\" sizes=\"(max-width: 981px) 100vw, 981px\" \/><\/li>\n<\/ul>\n<p>&nbsp;<\/p>\n","protected":false},"excerpt":{"rendered":"<p>Parkings Les parkings de Val d\u2019Is\u00e8re sont g\u00e9r\u00e9s par la soci\u00e9t\u00e9 Q-Park.\u00a0Pour r\u00e9server un parking pour la saison d\u2019hiver, rendez-vous directement sur le site en cliquant ici Attention, les places de parking&#8230;<\/p>\n","protected":false},"author":1,"featured_media":0,"parent":0,"menu_order":0,"comment_status":"closed","ping_status":"closed","template":"","meta":[],"_links":{"self":[{"href":"https:\/\/www.vievaldis.com\/valdisere\/wp-json\/wp\/v2\/pages\/140"}],"collection":[{"href":"https:\/\/www.vievaldis.com\/valdisere\/wp-json\/wp\/v2\/pages"}],"about":[{"href":"https:\/\/www.vievaldis.com\/valdisere\/wp-json\/wp\/v2\/types\/page"}],"author":[{"embeddable":true,"href":"https:\/\/www.vievaldis.com\/valdisere\/wp-json\/wp\/v2\/users\/1"}],"replies":[{"embeddable":true,"href":"https:\/\/www.vievaldis.com\/valdisere\/wp-json\/wp\/v2\/comments?post=140"}],"version-history":[{"count":67,"href":"https:\/\/www.vievaldis.com\/valdisere\/wp-json\/wp\/v2\/pages\/140\/revisions"}],"predecessor-version":[{"id":10428,"href":"https:\/\/www.vievaldis.com\/valdisere\/wp-json\/wp\/v2\/pages\/140\/revisions\/10428"}],"wp:attachment":[{"href":"https:\/\/www.vievaldis.com\/valdisere\/wp-json\/wp\/v2\/media?parent=140"}],"curies":[{"name":"wp","href":"https:\/\/api.w.org\/{rel}","templated":true}]}}