{"id":144,"date":"2022-06-22T16:36:24","date_gmt":"2022-06-22T14:36:24","guid":{"rendered":"https:\/\/www.vievaldis.com\/valdisere\/?page_id=144"},"modified":"2026-02-09T16:11:56","modified_gmt":"2026-02-09T15:11:56","slug":"infos-saison","status":"publish","type":"page","link":"https:\/\/www.vievaldis.com\/valdisere\/infos-saison\/","title":{"rendered":"Bien vivre ta saison !"},"content":{"rendered":"<h2>\u00catre saisonnie\u00b7\u00e8re<\/h2>\n<p>L&rsquo;association Vie Val d&rsquo;Is vous propose son guide pratique de bienvenue \u00e0 Val d&rsquo;Is\u00e8re. Vous y trouverez toutes les informations, contacts et conseils (sant\u00e9, emploi, transport, culture, activit\u00e9s gratuites, partenaires&#8230;) afin de bien pr\u00e9parer et r\u00e9ussir votre saison d&rsquo;hiver et\/ou d&rsquo;\u00e9t\u00e9 2023-24 parmi nous.<\/p>\n<p>Un annuaire des contacts utiles est r\u00e9pertori\u00e9 en fin du guide.<\/p>\n<p><a href=\"https:\/\/www.calameo.com\/read\/0078214075a00e2c42519\" target=\"_blank\" rel=\"noopener\">Guide HIVER 2025\/26<\/a><\/p>\n<p><a href=\"https:\/\/www.calameo.com\/read\/0078214075a00e2c42519\" target=\"_blank\" rel=\"noopener\"><img loading=\"lazy\" class=\"aligncenter size-medium wp-image-10206\" src=\"https:\/\/www.vievaldis.com\/valdisere\/wp-content\/uploads\/2025\/11\/Copie-de-Guide-hiver-212x300.png\" alt=\"\" width=\"212\" height=\"300\" srcset=\"https:\/\/www.vievaldis.com\/valdisere\/wp-content\/uploads\/2025\/11\/Copie-de-Guide-hiver-212x300.png 212w, https:\/\/www.vievaldis.com\/valdisere\/wp-content\/uploads\/2025\/11\/Copie-de-Guide-hiver-724x1024.png 724w, https:\/\/www.vievaldis.com\/valdisere\/wp-content\/uploads\/2025\/11\/Copie-de-Guide-hiver-768x1086.png 768w, https:\/\/www.vievaldis.com\/valdisere\/wp-content\/uploads\/2025\/11\/Copie-de-Guide-hiver-1086x1536.png 1086w, https:\/\/www.vievaldis.com\/valdisere\/wp-content\/uploads\/2025\/11\/Copie-de-Guide-hiver.png 1414w\" sizes=\"(max-width: 212px) 100vw, 212px\" \/><\/a><\/p>\n<p>Le guide \u00e9volue au fil de la saison, n\u2019h\u00e9sitez pas \u00e0 liker notre page <a href=\"https:\/\/www.facebook.com\/vievaldis\">Facebook<\/a> et <a href=\"https:\/\/www.instagram.com\/asso_vievaldis\/\" target=\"_blank\" rel=\"noopener\">Instagram<\/a> pour vous tenir inform\u00e9 de l&rsquo;actualit\u00e9 \ud83d\ude42<\/p>\n<h2>Liens utiles<\/h2>\n<p><a href=\"https:\/\/www.valdisere.com\/\" target=\"_blank\" rel=\"noopener noreferrer\">Office du tourisme <\/a><\/p>\n<p><a href=\"https:\/\/www.valdisere.fr\/\" target=\"_blank\" rel=\"noopener noreferrer\">Mairie de Val d&rsquo;Is\u00e8re<\/a><\/p>\n<p><a href=\"http:\/\/www.radiovaldisere.com\/index.php?p=home\" target=\"_blank\" rel=\"noopener noreferrer\">Radio Val d&rsquo;Is\u00e8re<\/a><\/p>\n<p><a href=\"http:\/\/www.valsport.org\/fr\/\" target=\"_blank\" rel=\"noopener noreferrer\">Club des Sports<\/a><\/p>\n<p><a href=\"http:\/\/valdisere-congres.com\/fr\/\" target=\"_blank\" rel=\"noopener noreferrer\">Centre des congr\u00e8s<\/a><\/p>\n<p><a href=\"https:\/\/www.centre-aquasportif.com\/\" target=\"_blank\" rel=\"noopener noreferrer\">Centre Aquasportif<\/a><\/p>\n<p><a href=\"http:\/\/www.hautetarentaise.fr\/\" target=\"_blank\" rel=\"noopener noreferrer\">CC Haute Tarentaise<\/a><\/p>\n<p><a href=\"https:\/\/www.valdisere.ski\/fr\/\" target=\"_blank\" rel=\"noopener noreferrer\">Val d&rsquo;Is\u00e8re T\u00e9l\u00e9ph\u00e9riques<\/a><\/p>\n<p><a href=\"https:\/\/www.parkingvaldisere.com\/\" target=\"_blank\" rel=\"noopener noreferrer\">Parkings Val d&rsquo;Is\u00e8re<\/a><\/p>\n<p>&nbsp;<\/p>\n","protected":false},"excerpt":{"rendered":"<p>\u00catre saisonnie\u00b7\u00e8re L&rsquo;association Vie Val d&rsquo;Is vous propose son guide pratique de bienvenue \u00e0 Val d&rsquo;Is\u00e8re. Vous y trouverez toutes les informations, contacts et conseils (sant\u00e9, emploi, transport, culture, activit\u00e9s gratuites, partenaires&#8230;)&#8230;<\/p>\n","protected":false},"author":1,"featured_media":0,"parent":0,"menu_order":0,"comment_status":"closed","ping_status":"closed","template":"","meta":[],"_links":{"self":[{"href":"https:\/\/www.vievaldis.com\/valdisere\/wp-json\/wp\/v2\/pages\/144"}],"collection":[{"href":"https:\/\/www.vievaldis.com\/valdisere\/wp-json\/wp\/v2\/pages"}],"about":[{"href":"https:\/\/www.vievaldis.com\/valdisere\/wp-json\/wp\/v2\/types\/page"}],"author":[{"embeddable":true,"href":"https:\/\/www.vievaldis.com\/valdisere\/wp-json\/wp\/v2\/users\/1"}],"replies":[{"embeddable":true,"href":"https:\/\/www.vievaldis.com\/valdisere\/wp-json\/wp\/v2\/comments?post=144"}],"version-history":[{"count":88,"href":"https:\/\/www.vievaldis.com\/valdisere\/wp-json\/wp\/v2\/pages\/144\/revisions"}],"predecessor-version":[{"id":10557,"href":"https:\/\/www.vievaldis.com\/valdisere\/wp-json\/wp\/v2\/pages\/144\/revisions\/10557"}],"wp:attachment":[{"href":"https:\/\/www.vievaldis.com\/valdisere\/wp-json\/wp\/v2\/media?parent=144"}],"curies":[{"name":"wp","href":"https:\/\/api.w.org\/{rel}","templated":true}]}}