{"id":185,"date":"2018-03-23T13:56:24","date_gmt":"2018-03-23T12:56:24","guid":{"rendered":"https:\/\/www.vievaldis.com\/valdisere\/?page_id=185"},"modified":"2026-04-17T12:58:07","modified_gmt":"2026-04-17T10:58:07","slug":"evenements","status":"publish","type":"page","link":"https:\/\/www.vievaldis.com\/valdisere\/evenements\/","title":{"rendered":"Ev\u00e8nements"},"content":{"rendered":"<h1><\/h1>\n<h1><img loading=\"lazy\" class=\"aligncenter size-medium wp-image-4723\" src=\"https:\/\/www.vievaldis.com\/valdisere\/wp-content\/uploads\/2021\/10\/logo_vvd_wp-1-300x119.png\" alt=\"\" width=\"300\" height=\"119\" srcset=\"https:\/\/www.vievaldis.com\/valdisere\/wp-content\/uploads\/2021\/10\/logo_vvd_wp-1-300x119.png 300w, https:\/\/www.vievaldis.com\/valdisere\/wp-content\/uploads\/2021\/10\/logo_vvd_wp-1-1024x405.png 1024w, https:\/\/www.vievaldis.com\/valdisere\/wp-content\/uploads\/2021\/10\/logo_vvd_wp-1-768x304.png 768w, https:\/\/www.vievaldis.com\/valdisere\/wp-content\/uploads\/2021\/10\/logo_vvd_wp-1.png 1500w\" sizes=\"(max-width: 300px) 100vw, 300px\" \/><\/h1>\n<h1 style=\"text-align: center;\">Nos \u00e9v\u00e8nements tout au long de l&rsquo;ann\u00e9e<\/h1>\n<p>&nbsp;<\/p>\n<h2><em>Avril :<\/em><\/h2>\n<ul>\n<li><strong><em>Jardin partag\u00e9<\/em> <em>: <span style=\"color: #339966;\">\u00a0Mardi 21 avril 2026<\/span><\/em><\/strong><\/li>\n<\/ul>\n<p class=\"cvGsUA direction-ltr align-start para-style-body\"><span class=\"a_GcMg font-feature-liga-off font-feature-clig-off font-feature-calt-off text-decoration-none text-strikethrough-none\">Pr\u00e9sentation du projet, <\/span><span class=\"a_GcMg font-feature-liga-off font-feature-clig-off font-feature-calt-off text-decoration-none text-strikethrough-none\">pour une construction commune !<\/span><\/p>\n<p><a href=\"https:\/\/www.vievaldis.com\/valdisere\/wp-content\/uploads\/2026\/04\/jardin-partage.png\" target=\"_blank\" rel=\"noopener\"><img loading=\"lazy\" class=\"aligncenter size-medium wp-image-10720\" src=\"https:\/\/www.vievaldis.com\/valdisere\/wp-content\/uploads\/2026\/04\/jardin-partage-212x300.png\" alt=\"\" width=\"212\" height=\"300\" srcset=\"https:\/\/www.vievaldis.com\/valdisere\/wp-content\/uploads\/2026\/04\/jardin-partage-212x300.png 212w, https:\/\/www.vievaldis.com\/valdisere\/wp-content\/uploads\/2026\/04\/jardin-partage-724x1024.png 724w, https:\/\/www.vievaldis.com\/valdisere\/wp-content\/uploads\/2026\/04\/jardin-partage-768x1086.png 768w, https:\/\/www.vievaldis.com\/valdisere\/wp-content\/uploads\/2026\/04\/jardin-partage-1086x1536.png 1086w, https:\/\/www.vievaldis.com\/valdisere\/wp-content\/uploads\/2026\/04\/jardin-partage.png 1414w\" sizes=\"(max-width: 212px) 100vw, 212px\" \/><\/a><\/p>\n<ul>\n<li><strong><em>Th\u00e9\u00e2tre<\/em> <em>: <span style=\"color: #339966;\">\u00a0Jeudi 23 &amp; Vendredi 24 avril 2026<\/span><\/em><\/strong><\/li>\n<\/ul>\n<p><span class=\"a_GcMg font-feature-liga-off font-feature-clig-off font-feature-calt-off text-decoration-none text-strikethrough-none\">Repr\u00e9sentations de la troupe de th\u00e9\u00e2tre amateur de Vie Val Dis.<\/span><\/p>\n<h2><em><a href=\"https:\/\/www.vievaldis.com\/valdisere\/wp-content\/uploads\/2026\/04\/Theatre-1.png\" target=\"_blank\" rel=\"noopener\"><img loading=\"lazy\" class=\"aligncenter size-medium wp-image-10704\" src=\"https:\/\/www.vievaldis.com\/valdisere\/wp-content\/uploads\/2026\/04\/Theatre-1-212x300.png\" alt=\"\" width=\"212\" height=\"300\" srcset=\"https:\/\/www.vievaldis.com\/valdisere\/wp-content\/uploads\/2026\/04\/Theatre-1-212x300.png 212w, https:\/\/www.vievaldis.com\/valdisere\/wp-content\/uploads\/2026\/04\/Theatre-1-724x1024.png 724w, https:\/\/www.vievaldis.com\/valdisere\/wp-content\/uploads\/2026\/04\/Theatre-1-768x1086.png 768w, https:\/\/www.vievaldis.com\/valdisere\/wp-content\/uploads\/2026\/04\/Theatre-1-1086x1536.png 1086w, https:\/\/www.vievaldis.com\/valdisere\/wp-content\/uploads\/2026\/04\/Theatre-1-1448x2048.png 1448w\" sizes=\"(max-width: 212px) 100vw, 212px\" \/><\/a>Juin :<\/em><\/h2>\n<ul>\n<li><em><strong>La f\u00eate de la musique\u00a0 :<\/strong> <span style=\"color: #339966;\"><strong>21 juin<\/strong><\/span><\/em><\/li>\n<\/ul>\n<p>&nbsp;<\/p>\n<h2><em>Juillet :<\/em><\/h2>\n<ul>\n<li><strong><em>Don du sang : <span style=\"color: #339966;\">date \u00e0 venir pour l&rsquo;\u00e9t\u00e9 2026<\/span><\/em><\/strong><\/li>\n<li><strong><em>Journ\u00e9e de l&rsquo;Environnement : <span style=\"color: #339966;\">date \u00e0 venir pour l&rsquo;\u00e9t\u00e9 2026<\/span><\/em><\/strong><\/li>\n<\/ul>\n<p><a href=\"https:\/\/www.vievaldis.com\/valdisere\/wp-content\/uploads\/2025\/07\/bilan-JDE-1.pdf\">Bilan ramassage\u00a0 2025<\/a><\/p>\n<ul>\n<li><strong><em>AVALANCHE DE JEUX : <span style=\"color: #339966;\">Samedi 18 &amp; Dimanche 19 juillet<\/span><\/em><\/strong><\/li>\n<\/ul>\n<h2><em>Ao\u00fbt :<\/em><\/h2>\n<h2><\/h2>\n<h2><em>D\u00e9cembre :\u00a0<\/em><\/h2>\n<ul>\n<li><strong><em>La Soir\u00e9e d\u2019accueil<\/em><\/strong><\/li>\n<\/ul>\n<p>Chaque d\u00e9but d\u2019hiver, une soir\u00e9e d\u2019accueil \u00e0 destination des employ\u00e9s de la station est organis\u00e9e \u00e0 la Doudoune. Cette soir\u00e9e a pour but d\u2019accueillir et de faciliter l\u2019int\u00e9gration des nouveaux arrivants en associant convivialit\u00e9 et sensibilisation. Concert, activit\u00e9s, buvette et repas vous sont propos\u00e9s tout au long de la soir\u00e9e.<\/p>\n<p>Si vous souhaitez aider Vie Val d&rsquo;Is pour l&rsquo;organisation de la soir\u00e9e, service de la buvette, caisse, merci de nous appeler au 04 79 06 84 78.<\/p>\n<h2><em>Janvier :<\/em><\/h2>\n<ul>\n<li><strong><em>La journ\u00e9e sant\u00e9\u00a0<\/em><\/strong><\/li>\n<\/ul>\n<p>Cet \u00e9v\u00e8nement se d\u00e9roule une fois par an \u00e0 la Maison de Val.<\/p>\n<p>L\u2019objectif est de rapprocher des sp\u00e9cialistes m\u00e9dicaux et de proposer des consultations gratuites et anonymes : d\u00e9pistage VIH SIDA, IST et h\u00e9patites, d\u00e9pistage des tumeurs cutan\u00e9es, conseils bucco-dentaires, bilan ost\u00e9opathique, informations sur la contraception et la sexualit\u00e9, conseils alimentation et di\u00e9t\u00e9tique, stand d\u2019information pour sensibiliser sur les drogues et alcool et \u00e9coute psychologique.<\/p>\n<p>Journ\u00e9e ouverte \u00e0 toutes les personnes travaillant sur la station et \u00e0 leur famille.<\/p>\n<h2><em>F\u00e9vrier :<\/em><\/h2>\n<ul>\n<li><strong><em>Assembl\u00e9e G\u00e9n\u00e9rale de Vie Val d&rsquo;Is<\/em> <em>: <span style=\"color: #339966;\">Jeudi 05 f\u00e9vrier 2026<\/span><\/em><\/strong><\/li>\n<\/ul>\n<p>A cette occasion, les membres du bureau pr\u00e9sentent le rapport d&rsquo;activit\u00e9 de l&rsquo;association, avec son bilan moral et financier. C&rsquo;est aussi l&rsquo;occasion pour les nouveaux b\u00e9n\u00e9voles de d\u00e9couvrir le fonctionnement de l&rsquo;association, nos valeurs, nos objectifs et nos principales actions concr\u00e8tes. L&rsquo;Assembl\u00e9e G\u00e9n\u00e9rale est ouverte \u00e0 tous\u00b7tes.<\/p>\n<p>Si vous souhaitez vous investir \u00e0 Vie Val d&rsquo;Is, pour une saison, une ann\u00e9e ou toute la vie c&rsquo;est par ici !<\/p>\n<h2><em>Mars :<\/em><\/h2>\n<ul>\n<li><strong><em>Ecomove Day<\/em> <em>: <span style=\"color: #339966;\">Mercredi 18 mars 2026<\/span><\/em><\/strong><\/li>\n<\/ul>\n<p><span class=\"a_GcMg font-feature-liga-off font-feature-clig-off font-feature-calt-off text-decoration-none text-strikethrough-none\">Grand d\u00e9stockage de notre friperie, concert, buvette, snack, activit\u00e9s.<\/span><\/p>\n<h2><em>Avril :<\/em><\/h2>\n<ul>\n<li><strong><em>Soir\u00e9e des Queer Givr\u00e9\u00b7es<\/em><\/strong> : <strong><span style=\"color: #339966;\"><em>Jeudi 02 avril 2026\u00a0<\/em><\/span><\/strong><\/li>\n<\/ul>\n<p><a href=\"https:\/\/www.vievaldis.com\/valdisere\/wp-content\/uploads\/2026\/03\/WhatsApp-Image-2026-03-26-at-21.01.38.jpeg\" target=\"_blank\" rel=\"noopener\"><strong><em><img loading=\"lazy\" class=\"size-medium wp-image-10670 aligncenter\" src=\"https:\/\/www.vievaldis.com\/valdisere\/wp-content\/uploads\/2026\/03\/WhatsApp-Image-2026-03-26-at-21.01.38-212x300.jpeg\" alt=\"\" width=\"212\" height=\"300\" srcset=\"https:\/\/www.vievaldis.com\/valdisere\/wp-content\/uploads\/2026\/03\/WhatsApp-Image-2026-03-26-at-21.01.38-212x300.jpeg 212w, https:\/\/www.vievaldis.com\/valdisere\/wp-content\/uploads\/2026\/03\/WhatsApp-Image-2026-03-26-at-21.01.38-724x1024.jpeg 724w, https:\/\/www.vievaldis.com\/valdisere\/wp-content\/uploads\/2026\/03\/WhatsApp-Image-2026-03-26-at-21.01.38-768x1086.jpeg 768w, https:\/\/www.vievaldis.com\/valdisere\/wp-content\/uploads\/2026\/03\/WhatsApp-Image-2026-03-26-at-21.01.38-1086x1536.jpeg 1086w, https:\/\/www.vievaldis.com\/valdisere\/wp-content\/uploads\/2026\/03\/WhatsApp-Image-2026-03-26-at-21.01.38.jpeg 1131w\" sizes=\"(max-width: 212px) 100vw, 212px\" \/><\/em><\/strong><\/a><\/p>\n<ul>\n<li><strong><em>Little Big Festival<\/em> <em>: <span style=\"color: #339966;\">Vendredi 03 avril 2026<\/span><\/em><\/strong><\/li>\n<\/ul>\n<p><span class=\"a_GcMg font-feature-liga-off font-feature-clig-off font-feature-calt-off text-decoration-none text-strikethrough-none\">Le plus grand festival amateur de court m\u00e9trage de France et de Navarre ! Participation gratuite et ouverte \u00e0 toutes et tous !<\/span><\/p>\n<p><img loading=\"lazy\" class=\"size-medium wp-image-10654 aligncenter\" src=\"https:\/\/www.vievaldis.com\/valdisere\/wp-content\/uploads\/2026\/03\/Little-Big-Festival-2-212x300.jpg\" alt=\"\" width=\"212\" height=\"300\" srcset=\"https:\/\/www.vievaldis.com\/valdisere\/wp-content\/uploads\/2026\/03\/Little-Big-Festival-2-212x300.jpg 212w, https:\/\/www.vievaldis.com\/valdisere\/wp-content\/uploads\/2026\/03\/Little-Big-Festival-2-724x1024.jpg 724w, https:\/\/www.vievaldis.com\/valdisere\/wp-content\/uploads\/2026\/03\/Little-Big-Festival-2-768x1086.jpg 768w, https:\/\/www.vievaldis.com\/valdisere\/wp-content\/uploads\/2026\/03\/Little-Big-Festival-2-1086x1536.jpg 1086w, https:\/\/www.vievaldis.com\/valdisere\/wp-content\/uploads\/2026\/03\/Little-Big-Festival-2-1448x2048.jpg 1448w, https:\/\/www.vievaldis.com\/valdisere\/wp-content\/uploads\/2026\/03\/Little-Big-Festival-2.jpg 1587w\" sizes=\"(max-width: 212px) 100vw, 212px\" \/><\/p>\n<p>&nbsp;<\/p>\n<ul>\n<li><strong><em>Journ\u00e9e closing de VVD<\/em> <em>: <span style=\"color: #339966;\">\u00a0Jeudi 16 avril 2026<\/span><\/em><\/strong><\/li>\n<\/ul>\n<p>Rejoint nous \u00e0 la Pumptrack sur la plaine de la Daille (club des sports en cas de mauvais temps) pour c\u00e9l\u00e9brer le printemps et la fin de saison.<\/p>\n<p>A partir de 12h et jusqu&rsquo;\u00e0 17h :<\/p>\n<ul>\n<li>BBQ partag\u00e9<\/li>\n<li>Jeux en \u00e9quipe<\/li>\n<li>Musique<\/li>\n<li>Buvette de VVD<\/li>\n<\/ul>\n<p><a href=\"https:\/\/www.vievaldis.com\/valdisere\/wp-content\/uploads\/2026\/04\/affiche-BBQ-fin-de-saision.png\" target=\"_blank\" rel=\"noopener\"><img loading=\"lazy\" class=\"aligncenter size-medium wp-image-10698\" src=\"https:\/\/www.vievaldis.com\/valdisere\/wp-content\/uploads\/2026\/04\/affiche-BBQ-fin-de-saision-212x300.png\" alt=\"\" width=\"212\" height=\"300\" srcset=\"https:\/\/www.vievaldis.com\/valdisere\/wp-content\/uploads\/2026\/04\/affiche-BBQ-fin-de-saision-212x300.png 212w, https:\/\/www.vievaldis.com\/valdisere\/wp-content\/uploads\/2026\/04\/affiche-BBQ-fin-de-saision-724x1024.png 724w, https:\/\/www.vievaldis.com\/valdisere\/wp-content\/uploads\/2026\/04\/affiche-BBQ-fin-de-saision-768x1086.png 768w, https:\/\/www.vievaldis.com\/valdisere\/wp-content\/uploads\/2026\/04\/affiche-BBQ-fin-de-saision-1086x1536.png 1086w, https:\/\/www.vievaldis.com\/valdisere\/wp-content\/uploads\/2026\/04\/affiche-BBQ-fin-de-saision.png 1414w\" sizes=\"(max-width: 212px) 100vw, 212px\" \/><\/a><\/p>\n<p>&nbsp;<\/p>\n<p>&nbsp;<\/p>\n","protected":false},"excerpt":{"rendered":"<p>Nos \u00e9v\u00e8nements tout au long de l&rsquo;ann\u00e9e &nbsp; Avril : Jardin partag\u00e9 : \u00a0Mardi 21 avril 2026 Pr\u00e9sentation du projet, pour une construction commune ! Th\u00e9\u00e2tre : \u00a0Jeudi 23 &amp; Vendredi 24&#8230;<\/p>\n","protected":false},"author":1,"featured_media":0,"parent":0,"menu_order":0,"comment_status":"closed","ping_status":"closed","template":"","meta":[],"_links":{"self":[{"href":"https:\/\/www.vievaldis.com\/valdisere\/wp-json\/wp\/v2\/pages\/185"}],"collection":[{"href":"https:\/\/www.vievaldis.com\/valdisere\/wp-json\/wp\/v2\/pages"}],"about":[{"href":"https:\/\/www.vievaldis.com\/valdisere\/wp-json\/wp\/v2\/types\/page"}],"author":[{"embeddable":true,"href":"https:\/\/www.vievaldis.com\/valdisere\/wp-json\/wp\/v2\/users\/1"}],"replies":[{"embeddable":true,"href":"https:\/\/www.vievaldis.com\/valdisere\/wp-json\/wp\/v2\/comments?post=185"}],"version-history":[{"count":297,"href":"https:\/\/www.vievaldis.com\/valdisere\/wp-json\/wp\/v2\/pages\/185\/revisions"}],"predecessor-version":[{"id":10749,"href":"https:\/\/www.vievaldis.com\/valdisere\/wp-json\/wp\/v2\/pages\/185\/revisions\/10749"}],"wp:attachment":[{"href":"https:\/\/www.vievaldis.com\/valdisere\/wp-json\/wp\/v2\/media?parent=185"}],"curies":[{"name":"wp","href":"https:\/\/api.w.org\/{rel}","templated":true}]}}