{"id":2298,"date":"2019-09-25T08:29:21","date_gmt":"2019-09-25T06:29:21","guid":{"rendered":"https:\/\/www.vievaldis.com\/valdisere\/?page_id=2298"},"modified":"2026-01-22T15:41:11","modified_gmt":"2026-01-22T14:41:11","slug":"paniers-de-legumes","status":"publish","type":"page","link":"https:\/\/www.vievaldis.com\/valdisere\/paniers-de-legumes\/","title":{"rendered":"Paniers de l\u00e9gumes"},"content":{"rendered":"<p><img loading=\"lazy\" class=\"aligncenter wp-image-5254\" src=\"https:\/\/www.vievaldis.com\/valdisere\/wp-content\/uploads\/2021\/12\/logo-biocoop-bourg-st-maurice-300x104.png\" alt=\"\" width=\"450\" height=\"156\" srcset=\"https:\/\/www.vievaldis.com\/valdisere\/wp-content\/uploads\/2021\/12\/logo-biocoop-bourg-st-maurice-300x104.png 300w, https:\/\/www.vievaldis.com\/valdisere\/wp-content\/uploads\/2021\/12\/logo-biocoop-bourg-st-maurice-1024x356.png 1024w, https:\/\/www.vievaldis.com\/valdisere\/wp-content\/uploads\/2021\/12\/logo-biocoop-bourg-st-maurice-768x267.png 768w, https:\/\/www.vievaldis.com\/valdisere\/wp-content\/uploads\/2021\/12\/logo-biocoop-bourg-st-maurice.png 1136w\" sizes=\"(max-width: 450px) 100vw, 450px\" \/><\/p>\n<h2 style=\"text-align: center;\"><\/h2>\n<p>&nbsp;<\/p>\n<p><iframe loading=\"lazy\" title=\"Tuto commande de paniers\" width=\"960\" height=\"540\" src=\"https:\/\/www.youtube.com\/embed\/sRlGi6uZ5qs?feature=oembed\" frameborder=\"0\" allow=\"accelerometer; autoplay; clipboard-write; encrypted-media; gyroscope; picture-in-picture; web-share\" referrerpolicy=\"strict-origin-when-cross-origin\" allowfullscreen><\/iframe><\/p>\n<p>&nbsp;<\/p>\n<p>Dans une d\u00e9marche \u00e9co-responsable, l&rsquo;Association Vie Val d&rsquo;Is privil\u00e9gie les circuits courts et une alimentation qui suit le cycle des saisons. Dans cette d\u00e9marche nous nous associons \u00e0 <strong>\u00ab\u00a0La Biocoop\u00a0\u00bb<\/strong> afin de vous proposer une livraison toutes les semaines de fruits &amp; l\u00e9gumes de qualit\u00e9 et de saison.<\/p>\n<p style=\"text-align: center;\">Prix du panier de l\u00e9gumes : <strong>15\u20ac \u00a0 \u00a0\u00a0<\/strong> Prix du panier de fruits : <strong>10\u20ac<\/strong><\/p>\n<p>&gt; <strong>Cr\u00e9\u00e9 ton compte sur le site de la biocoop : <b><a href=\"https:\/\/www.bio.coop\/magasin-biocoop_bourg_st_maurice\/\" target=\"_blank\" rel=\"noopener\">www.bio.coop\/magasin-biocoop_bourg_st_maurice<\/a><br \/>\n<\/b><\/strong><\/p>\n<p>&gt; R\u00e8glement par <b>CB <\/b>directement sur le<b> site de la Biocoop : <a href=\"https:\/\/www.bio.coop\/magasin-biocoop_bourg_st_maurice\/\" target=\"_blank\" rel=\"noopener\">www.bio.coop\/magasin-biocoop_bourg_st_maurice<\/a><\/b><\/p>\n<p>&gt; <strong>Commande des paniers sur le site en pr\u00e9cisant la date souhait\u00e9e et \u00ab\u00a0retrait en magasin\u00a0\u00bb<\/strong> au plus tard le <strong>Lundi avant la date de livraison en utilisant le compte de r\u00e9duction : vvdbiocoop2022<\/strong><\/p>\n<p>&gt; La livraison se passe le <strong>mercredi \u00e0 la Maison de Val \u00e0 partir de 10h.<\/strong><\/p>\n<p><strong>DATE DE LIVRAISONS :<\/strong><\/p>\n<h3><strong>Toutes les commandes doivent \u00eatre pass\u00e9es au plus tard le lundi pr\u00e9c\u00e9dent la date de livraison !!!<\/strong><\/h3>\n<p>&nbsp;<\/p>\n<h2 style=\"text-align: center;\"><span style=\"color: #ff0000;\"><strong><span class=\"JsGRdQ\">CE CODE NE FONCTIONNE QUE POUR <\/span><\/strong><\/span><\/h2>\n<h2 style=\"text-align: center;\"><span style=\"color: #ff0000;\"><strong><span class=\"JsGRdQ\">LES PANIERS DE FRUITS et\/ou LEGUMES LIVRES <\/span><\/strong><\/span><\/h2>\n<h2 style=\"text-align: center;\"><span style=\"color: #ff0000;\"><strong><span class=\"JsGRdQ\">LE MERCREDI <\/span><\/strong><\/span><span style=\"color: #ff0000;\"><strong><span class=\"JsGRdQ\">A LA MAISON DE VAL !<\/span><\/strong><\/span><\/h2>\n<h2 style=\"text-align: center;\"><\/h2>\n<p><img loading=\"lazy\" class=\"wp-image-6537 size-large aligncenter\" src=\"https:\/\/www.vievaldis.com\/valdisere\/wp-content\/uploads\/2022\/10\/Sans-titre-1024x724.jpg\" alt=\"\" width=\"960\" height=\"679\" srcset=\"https:\/\/www.vievaldis.com\/valdisere\/wp-content\/uploads\/2022\/10\/Sans-titre-1024x724.jpg 1024w, https:\/\/www.vievaldis.com\/valdisere\/wp-content\/uploads\/2022\/10\/Sans-titre-300x212.jpg 300w, https:\/\/www.vievaldis.com\/valdisere\/wp-content\/uploads\/2022\/10\/Sans-titre-768x543.jpg 768w, https:\/\/www.vievaldis.com\/valdisere\/wp-content\/uploads\/2022\/10\/Sans-titre-1536x1086.jpg 1536w, https:\/\/www.vievaldis.com\/valdisere\/wp-content\/uploads\/2022\/10\/Sans-titre-2048x1448.jpg 2048w\" sizes=\"(max-width: 960px) 100vw, 960px\" \/><\/p>\n<p>&nbsp;<\/p>\n<h2 style=\"text-align: center;\">T\u00e9l\u00e9chargez le calendrier des fruits et l\u00e9gumes de saison <a href=\"https:\/\/www.vievaldis.com\/valdisere\/wp-content\/uploads\/2020\/10\/affiche_calendrier_saison_80x60_bd-scaled.jpg\" target=\"_blank\" rel=\"noopener noreferrer\">ici<\/a><\/h2>\n<p>&nbsp;<\/p>\n","protected":false},"excerpt":{"rendered":"<p>&nbsp; &nbsp; Dans une d\u00e9marche \u00e9co-responsable, l&rsquo;Association Vie Val d&rsquo;Is privil\u00e9gie les circuits courts et une alimentation qui suit le cycle des saisons. Dans cette d\u00e9marche nous nous associons \u00e0 \u00ab\u00a0La Biocoop\u00a0\u00bb&#8230;<\/p>\n","protected":false},"author":1,"featured_media":0,"parent":0,"menu_order":0,"comment_status":"closed","ping_status":"closed","template":"","meta":[],"_links":{"self":[{"href":"https:\/\/www.vievaldis.com\/valdisere\/wp-json\/wp\/v2\/pages\/2298"}],"collection":[{"href":"https:\/\/www.vievaldis.com\/valdisere\/wp-json\/wp\/v2\/pages"}],"about":[{"href":"https:\/\/www.vievaldis.com\/valdisere\/wp-json\/wp\/v2\/types\/page"}],"author":[{"embeddable":true,"href":"https:\/\/www.vievaldis.com\/valdisere\/wp-json\/wp\/v2\/users\/1"}],"replies":[{"embeddable":true,"href":"https:\/\/www.vievaldis.com\/valdisere\/wp-json\/wp\/v2\/comments?post=2298"}],"version-history":[{"count":58,"href":"https:\/\/www.vievaldis.com\/valdisere\/wp-json\/wp\/v2\/pages\/2298\/revisions"}],"predecessor-version":[{"id":10522,"href":"https:\/\/www.vievaldis.com\/valdisere\/wp-json\/wp\/v2\/pages\/2298\/revisions\/10522"}],"wp:attachment":[{"href":"https:\/\/www.vievaldis.com\/valdisere\/wp-json\/wp\/v2\/media?parent=2298"}],"curies":[{"name":"wp","href":"https:\/\/api.w.org\/{rel}","templated":true}]}}