{"id":3625,"date":"2020-12-03T11:00:46","date_gmt":"2020-12-03T10:00:46","guid":{"rendered":"https:\/\/www.vievaldis.com\/valdisere\/?page_id=3625"},"modified":"2023-09-06T10:10:01","modified_gmt":"2023-09-06T08:10:01","slug":"ou-faire-ses-courses","status":"publish","type":"page","link":"https:\/\/www.vievaldis.com\/valdisere\/ou-faire-ses-courses\/","title":{"rendered":"O\u00f9 faire ses courses?"},"content":{"rendered":"<h2><strong>Local et\/ou bio:<\/strong><\/h2>\n<p><span style=\"color: #333333;\"><strong>A Val d&rsquo;Is\u00e8re:<\/strong><\/span><br \/>\n-Commande de <span style=\"color: #008000;\"><a href=\"https:\/\/www.vievaldis.com\/valdisere\/paniers-de-legumes\/\" rel=\"noopener\">Paniers de l\u00e9gumes<\/a><\/span>. Livraison \u00e0 la Maison de Val.<br \/>\n-La boucherie des Arcades (march\u00e9 du lundi)<br \/>\n-Fromageries des fermes de l&rsquo;Adroit et des Coussillons<br \/>\n&#8211;<a href=\"https:\/\/poiscaille.fr\/\" target=\"_blank\" rel=\"noopener\">Poiscaille<\/a> : produits de la mer (commande sur leur <a href=\"https:\/\/poiscaille.fr\/\" target=\"_blank\" rel=\"noopener\">site<\/a> et livraison en point relais au <a href=\"https:\/\/www.valdisere.com\/fiche\/spar-supermarche-des-hameaux\/\" target=\"_blank\" rel=\"noopener\">Spar des Hameaux<\/a>)<\/p>\n<p><span style=\"color: #333333;\"><strong>Dans la vall\u00e9e:<\/strong><\/span><br \/>\n-Biocoop &#8211; Bourg Saint Maurice (Drive: <a href=\"https:\/\/www.bio.coop\/\">www.bio.coop<\/a> ou livraison sous conditions, le jeudi apr\u00e8s 17h: <em>contact@biocoop-bourg-saint-maurice.com<\/em>)<br \/>\n-Biomonde &#8211; Bourg Saint Maurice (possibilit\u00e9 de livraison \u00e0 domicile: <em>commandes@biomonde-bsm.com<\/em>)<br \/>\n-La Vie Claire &#8211; S\u00e9ez<\/p>\n<h2><strong>Courses traditionnelles:<\/strong><\/h2>\n<p><strong><span style=\"color: #333333;\">A Val d&rsquo;Is\u00e8re: <\/span><\/strong><br \/>\n-Les magasins: <span style=\"color: #008000;\">Cash 2000, Spar \u00ab\u00a0les Halles de Val\u00a0\u00bb, Spar de la Daille, Spar des Hameaux, Spar de la station service, Sherpa \u00ab\u00a0le Savoie\u00a0\u00bb*<\/span><br \/>\n-Les \u00e9piceries: les Sonnailles, la Fermette de Claudine<br \/>\n-Le March\u00e9: tous les lundis sur la place de l&rsquo;Office du Tourisme. Poissonnerie les mardis \u00e0 la gare routi\u00e8re.<\/p>\n<p><strong><span style=\"color: #333333;\">Dans la vall\u00e9e:<\/span><\/strong><br \/>\n-Super U &#8211; Bourg Saint Maurice (Drive)<br \/>\n-Intermarch\u00e9 &#8211; Bourg Saint Maurice (Drive)<br \/>\n-Lidl &#8211; Bourg Saint Maurice<br \/>\n-Leclerc &#8211; Aime (Drive)<\/p>\n<p>&nbsp;<\/p>\n<p><span style=\"color: #008000;\">*Nos partenaires Vie Val d&rsquo;Is<\/span><\/p>\n","protected":false},"excerpt":{"rendered":"<p>Local et\/ou bio: A Val d&rsquo;Is\u00e8re: -Commande de Paniers de l\u00e9gumes. Livraison \u00e0 la Maison de Val. -La boucherie des Arcades (march\u00e9 du lundi) -Fromageries des fermes de l&rsquo;Adroit et des Coussillons&#8230;<\/p>\n","protected":false},"author":1,"featured_media":0,"parent":0,"menu_order":0,"comment_status":"closed","ping_status":"closed","template":"","meta":[],"_links":{"self":[{"href":"https:\/\/www.vievaldis.com\/valdisere\/wp-json\/wp\/v2\/pages\/3625"}],"collection":[{"href":"https:\/\/www.vievaldis.com\/valdisere\/wp-json\/wp\/v2\/pages"}],"about":[{"href":"https:\/\/www.vievaldis.com\/valdisere\/wp-json\/wp\/v2\/types\/page"}],"author":[{"embeddable":true,"href":"https:\/\/www.vievaldis.com\/valdisere\/wp-json\/wp\/v2\/users\/1"}],"replies":[{"embeddable":true,"href":"https:\/\/www.vievaldis.com\/valdisere\/wp-json\/wp\/v2\/comments?post=3625"}],"version-history":[{"count":31,"href":"https:\/\/www.vievaldis.com\/valdisere\/wp-json\/wp\/v2\/pages\/3625\/revisions"}],"predecessor-version":[{"id":7920,"href":"https:\/\/www.vievaldis.com\/valdisere\/wp-json\/wp\/v2\/pages\/3625\/revisions\/7920"}],"wp:attachment":[{"href":"https:\/\/www.vievaldis.com\/valdisere\/wp-json\/wp\/v2\/media?parent=3625"}],"curies":[{"name":"wp","href":"https:\/\/api.w.org\/{rel}","templated":true}]}}