{"id":376,"date":"2018-04-11T10:40:00","date_gmt":"2018-04-11T08:40:00","guid":{"rendered":"https:\/\/www.vievaldis.com\/valdisere\/?page_id=376"},"modified":"2025-09-11T16:43:21","modified_gmt":"2025-09-11T14:43:21","slug":"about-us","status":"publish","type":"page","link":"https:\/\/www.vievaldis.com\/valdisere\/en\/about-us\/","title":{"rendered":"About us"},"content":{"rendered":"<h3>OPENING HOURS OF VIE VAL D&rsquo;IS<\/h3>\n<table>\n<tbody>\n<tr>\n<td colspan=\"2\" width=\"697\"><span style=\"color: #3366ff;\"><strong>Openning hours &#8211; Winter<\/strong><\/span><\/td>\n<\/tr>\n<tr>\n<td width=\"245\"><\/td>\n<td width=\"452\"><\/td>\n<\/tr>\n<tr>\n<td width=\"245\">From 18\/11\/2024 to 02\/05\/2025<\/td>\n<td width=\"452\">Monday : 10h-12h \/ 15h-18h<\/p>\n<p>Tuesday : 9h-13h \/ 15h-18h<\/p>\n<p>Wednesday : 9h-12h \/ 15h-19h<\/p>\n<p>Thursday : 15h-18h<\/p>\n<p>Friday : 9h-13h \/ 14h-16h<\/td>\n<\/tr>\n<\/tbody>\n<\/table>\n<table style=\"height: 341px;\" width=\"707\">\n<tbody>\n<tr>\n<td colspan=\"2\" width=\"604\"><span style=\"color: #008000;\"><strong>Opening hours &#8211; Summer<\/strong><\/span><\/td>\n<\/tr>\n<tr>\n<td width=\"218\">From 05\/05\/2025 to 08\/11\/2025<\/td>\n<td width=\"386\">Monday : 10h-12h \/ 15h-18h<\/p>\n<p>Tuesday : 9h-13h \/ 15h-18h<\/p>\n<p>Wednesday : 9h-12h \/ 15h-18h<\/p>\n<p>Thursday : 15h-18h<\/p>\n<p>Friday : 9h-12h<\/td>\n<\/tr>\n<\/tbody>\n<\/table>\n<p>&nbsp;<\/p>\n<h2><strong>We are we ?<\/strong><\/h2>\n<p>Vie Val d\u2019Is is an association for the employees of Val d\u2019Is\u00e8re and their families. The association was founded by locals wishing to improve the conditions of people working and living yearly or seasonally in Val d\u2019Is\u00e8re.<\/p>\n<p>The goals of the Vie Val d&rsquo;Is association are :<\/p>\n<p>&#8211; To help and inform people looking for work, accommodation, in training, healthcare, social services and with their rights.<\/p>\n<p>&#8211; To encourage local solidarity and help reduce the cost of living by offering a members card \u00ab\u00a0la carte Vie Val d\u2019Is\u00a0\u00bb for people working in Val d\u2019Is\u00e8re, and for their families.<\/p>\n<p>&#8211; To contribute to the development of activities during the winter and summer seasons and the inter-seasons.<\/p>\n<p>&#8211; To build community spirit.<\/p>\n<p>&#8211; To develop partnerships with existing services and businesses within the resort and other regional and national associations.<\/p>\n<p>Since the creation of Vie Val d\u2019Is there have been as presidents : Patrick Sala\u00fcn, Dominique Leclerc, Fr\u00e9d\u00e9ric Monneret, Benoit Girard, Nicolas Chev\u00e9 and currently Steve Le Briquir.<\/p>\n<p>&nbsp;<\/p>\n<p>An activity report is done every year. You can read it <a href=\"https:\/\/www.vievaldis.com\/valdisere\/wp-content\/uploads\/2021\/02\/RAPPORT-2020-DEFINITIF-compresse-1.pdf\" target=\"_blank\" rel=\"noopener\">HERE<\/a> (french)<\/p>\n<p><strong><a href=\"https:\/\/www.vievaldis.com\/valdisere\/wp-content\/uploads\/2025\/03\/RAPPORT-2023-2024-DEFINITIF-Compresse.pdf\"><img loading=\"lazy\" class=\"wp-image-9707 alignnone\" src=\"https:\/\/www.vievaldis.com\/valdisere\/wp-content\/uploads\/2025\/03\/Capture-decran-2025-03-28-152732.jpg\" alt=\"\" width=\"200\" height=\"283\" srcset=\"https:\/\/www.vievaldis.com\/valdisere\/wp-content\/uploads\/2025\/03\/Capture-decran-2025-03-28-152732.jpg 679w, https:\/\/www.vievaldis.com\/valdisere\/wp-content\/uploads\/2025\/03\/Capture-decran-2025-03-28-152732-212x300.jpg 212w\" sizes=\"(max-width: 200px) 100vw, 200px\" \/><\/a><a href=\"https:\/\/www.vievaldis.com\/valdisere\/wp-content\/uploads\/2025\/03\/RAPPORT-2023-2024-DEFINITIF-Compresse.pdf\"><img loading=\"lazy\" class=\"https:\/\/www.vievaldis.com\/valdisere\/wp-content\/uploads\/2024\/02\/RAPPORT-2022-2023-definitif-compresse-1.pdf wp-image-8528 alignnone\" src=\"https:\/\/www.vievaldis.com\/valdisere\/wp-content\/uploads\/2024\/02\/Illustration-rapport-dactivite-1.jpg\" alt=\"\" width=\"193\" height=\"273\" srcset=\"https:\/\/www.vievaldis.com\/valdisere\/wp-content\/uploads\/2024\/02\/Illustration-rapport-dactivite-1.jpg 630w, https:\/\/www.vievaldis.com\/valdisere\/wp-content\/uploads\/2024\/02\/Illustration-rapport-dactivite-1-213x300.jpg 213w\" sizes=\"(max-width: 193px) 100vw, 193px\" \/><\/a><\/strong><\/p>\n<h2><strong>The Team<\/strong><\/h2>\n<p>The Association<strong> is governed by the law of 1901<\/strong>. It is composed of an <strong>office and a board of directors<\/strong>.<\/p>\n<p>It has two annual employees, as well as one extra employee during the winter season.<\/p>\n<p>&nbsp;<\/p>\n<ul>\n<li>\n<h3><strong>The board director<\/strong><\/h3>\n<\/li>\n<\/ul>\n<p><img src=\"https:\/\/www.vievaldis.com\/valdisere\/wp-content\/uploads\/2023\/02\/Radio-Val.jpg\" \/><\/p>\n<p>&nbsp;<\/p>\n<h5><strong>The members of Honor<\/strong><\/h5>\n<ul>\n<li><strong>Sylviane LAFAURIE<\/strong><\/li>\n<li><strong>Dominique LECLERC<\/strong><\/li>\n<li><strong>Nicolas CHEVE<\/strong><\/li>\n<li><strong>Fr\u00e9d\u00e9ric MONNERET<\/strong><\/li>\n<\/ul>\n<h5>The office<\/h5>\n<ul>\n<li>ARZUR Christine (Administratrice)<\/li>\n<li>BAKER Samantha (Administratrice)<\/li>\n<li>BEILLARD Laura (Administratrice)<\/li>\n<li><strong>CHASTIN Alain (Administrateur membre du bureau)<\/strong><\/li>\n<li>DUPLANIL Marie (Administratrice)<\/li>\n<li><strong>GIROUD Morgan (Tr\u00e9sorier)<\/strong><\/li>\n<li>GLORIAN Elisa<\/li>\n<li>GRANGER Ang\u00e9lique (Administratrice)<\/li>\n<li>GUILLEME J\u00e9r\u00f4me (Administrateur)<\/li>\n<li>JOFFO Roby (Administrateur)<\/li>\n<li>LAVAUD Ang\u00e8le (Administratrice)<\/li>\n<li><strong>LE BRIQUIR Steve (Pr\u00e9sident)<\/strong><\/li>\n<li>LE CHAPOIS R\u00e9mi (Administrateur)<\/li>\n<li><strong>LISIECKI Carole (Administratrice membre du bureau)<\/strong><\/li>\n<li><strong>PAILLET Charlotte (Secr\u00e9taire)<\/strong><\/li>\n<li>PELFORT Sandrine (Administratrice)<\/li>\n<li>STASKOWIAK Morgane (Administratrice)<\/li>\n<\/ul>\n<h5><strong>The employees<\/strong><\/h5>\n<ul>\n<li><strong>Nicolas HUGRON :<\/strong> Directeur de l&rsquo;Association<\/li>\n<li><strong>Xavier NAREJO :<\/strong> Coordinateur<\/li>\n<li><strong>Eva AGUSTIN :<\/strong> Intervenante sociale<\/li>\n<li><strong>Lauren COIFFARD :<\/strong> Charg\u00e9e d&rsquo;accueil et d\u2019information<\/li>\n<\/ul>\n<p>&nbsp;<\/p>\n","protected":false},"excerpt":{"rendered":"<p>OPENING HOURS OF VIE VAL D&rsquo;IS Openning hours &#8211; Winter From 18\/11\/2024 to 02\/05\/2025 Monday : 10h-12h \/ 15h-18h Tuesday : 9h-13h \/ 15h-18h Wednesday : 9h-12h \/ 15h-19h Thursday : 15h-18h&#8230;<\/p>\n","protected":false},"author":1,"featured_media":0,"parent":0,"menu_order":0,"comment_status":"closed","ping_status":"closed","template":"","meta":[],"_links":{"self":[{"href":"https:\/\/www.vievaldis.com\/valdisere\/wp-json\/wp\/v2\/pages\/376"}],"collection":[{"href":"https:\/\/www.vievaldis.com\/valdisere\/wp-json\/wp\/v2\/pages"}],"about":[{"href":"https:\/\/www.vievaldis.com\/valdisere\/wp-json\/wp\/v2\/types\/page"}],"author":[{"embeddable":true,"href":"https:\/\/www.vievaldis.com\/valdisere\/wp-json\/wp\/v2\/users\/1"}],"replies":[{"embeddable":true,"href":"https:\/\/www.vievaldis.com\/valdisere\/wp-json\/wp\/v2\/comments?post=376"}],"version-history":[{"count":34,"href":"https:\/\/www.vievaldis.com\/valdisere\/wp-json\/wp\/v2\/pages\/376\/revisions"}],"predecessor-version":[{"id":10074,"href":"https:\/\/www.vievaldis.com\/valdisere\/wp-json\/wp\/v2\/pages\/376\/revisions\/10074"}],"wp:attachment":[{"href":"https:\/\/www.vievaldis.com\/valdisere\/wp-json\/wp\/v2\/media?parent=376"}],"curies":[{"name":"wp","href":"https:\/\/api.w.org\/{rel}","templated":true}]}}