{"id":3788,"date":"2021-01-11T16:55:49","date_gmt":"2021-01-11T15:55:49","guid":{"rendered":"https:\/\/www.vievaldis.com\/valdisere\/?page_id=3788"},"modified":"2026-04-10T14:52:46","modified_gmt":"2026-04-10T12:52:46","slug":"comment-soutenir-lassociation","status":"publish","type":"page","link":"https:\/\/www.vievaldis.com\/valdisere\/comment-soutenir-lassociation\/","title":{"rendered":"Comment soutenir l&rsquo;association ?"},"content":{"rendered":"<h2><span class=\"S1PPyQ\">Agissons ensemble pour am\u00e9liorer les conditions de vie \u00e0 Val d\u2019Is\u00e8re !<br \/>\n<\/span><\/h2>\n<h3><a href=\"https:\/\/www.vievaldis.com\/valdisere\/wp-content\/uploads\/2026\/04\/Mecenat.png\"><img loading=\"lazy\" class=\"aligncenter size-medium wp-image-10728\" src=\"https:\/\/www.vievaldis.com\/valdisere\/wp-content\/uploads\/2026\/04\/Mecenat-212x300.png\" alt=\"\" width=\"212\" height=\"300\" srcset=\"https:\/\/www.vievaldis.com\/valdisere\/wp-content\/uploads\/2026\/04\/Mecenat-212x300.png 212w, https:\/\/www.vievaldis.com\/valdisere\/wp-content\/uploads\/2026\/04\/Mecenat-724x1024.png 724w, https:\/\/www.vievaldis.com\/valdisere\/wp-content\/uploads\/2026\/04\/Mecenat-768x1086.png 768w, https:\/\/www.vievaldis.com\/valdisere\/wp-content\/uploads\/2026\/04\/Mecenat-1086x1536.png 1086w, https:\/\/www.vievaldis.com\/valdisere\/wp-content\/uploads\/2026\/04\/Mecenat.png 1414w\" sizes=\"(max-width: 212px) 100vw, 212px\" \/><\/a><img loading=\"lazy\" class=\" wp-image-8017 alignright\" src=\"https:\/\/www.vievaldis.com\/valdisere\/wp-content\/uploads\/2023\/09\/Reconnu-dinteret-general-300x300.png\" alt=\"\" width=\"172\" height=\"172\" srcset=\"https:\/\/www.vievaldis.com\/valdisere\/wp-content\/uploads\/2023\/09\/Reconnu-dinteret-general-300x300.png 300w, https:\/\/www.vievaldis.com\/valdisere\/wp-content\/uploads\/2023\/09\/Reconnu-dinteret-general-1024x1024.png 1024w, https:\/\/www.vievaldis.com\/valdisere\/wp-content\/uploads\/2023\/09\/Reconnu-dinteret-general-150x150.png 150w, https:\/\/www.vievaldis.com\/valdisere\/wp-content\/uploads\/2023\/09\/Reconnu-dinteret-general-768x768.png 768w, https:\/\/www.vievaldis.com\/valdisere\/wp-content\/uploads\/2023\/09\/Reconnu-dinteret-general-1536x1536.png 1536w, https:\/\/www.vievaldis.com\/valdisere\/wp-content\/uploads\/2023\/09\/Reconnu-dinteret-general.png 1620w\" sizes=\"(max-width: 172px) 100vw, 172px\" \/>En tant que particulier :<\/h3>\n<p>Je fais un don de 100\u20ac \u00e0 Vie Val d&rsquo;Is. Je b\u00e9n\u00e9ficie alors d&rsquo;une r\u00e9duction d&rsquo;imp\u00f4t de 66%, soit 66\u20ac. Mon don me co\u00fbte donc r\u00e9ellement 34\u20ac.<\/p>\n<h3>En tant qu&rsquo;entreprise :<\/h3>\n<h6><em><span class=\"S1PPyQ\">En devenant m\u00e9c\u00e8ne ou partenaire de Vie Val d\u2019Is, votre entreprise apporte un soutien direct \u00e0 nos actions de terrain. <\/span><\/em><em><span class=\"S1PPyQ\">Elle s\u2019engage ainsi en faveur du mieux vivre \u00e0 Val d\u2019Is\u00e8re aux quatre saisons.<\/span><\/em><\/h6>\n<h4>\u00catre partenaire de Vie Val d\u2019Is c\u2019est :<\/h4>\n<ul>\n<li><span class=\"S1PPyQ\">Impliquer votre entreprise<\/span><span class=\"S1PPyQ\"> dans des projets locaux qui font sens<\/span><\/li>\n<li><span class=\"S1PPyQ\">Exprimer votre engagement<\/span><span class=\"S1PPyQ\"> en soutenant un projet associatif concret qui participe \u00e0 l\u2019attractivit\u00e9 du territoire<\/span><\/li>\n<li><span class=\"S1PPyQ\">Rendre votre entreprise actrice<\/span><\/li>\n<li><span class=\"S1PPyQ\">Sensibiliser aux enjeux du d\u00e9veloppement durable<\/span><\/li>\n<li><span class=\"S1PPyQ\">B\u00e9n\u00e9ficier des ressources de Vie Val d\u2019Is<\/span><span class=\"S1PPyQ\"> : aide au recrutement, avantages pour vos salari\u00e9.es \u2026<\/span><\/li>\n<li><span class=\"S1PPyQ\">B\u00e9n\u00e9ficier d\u2019une r\u00e9duction d\u2019imp\u00f4t<\/span><span class=\"S1PPyQ\"> de 60% du montant de votre soutien<\/span><\/li>\n<li><span class=\"S1PPyQ\">Valoriser votre image<\/span><span class=\"S1PPyQ\"> en tant que partenaire de l\u2019association<\/span><br \/>\n<h2><\/h2>\n<h2><a href=\"https:\/\/www.vievaldis.com\/valdisere\/wp-content\/uploads\/2026\/02\/DOSSIER-PARTENARIAT-2026.pdf\" target=\"_blank\" rel=\"noopener\"><span class=\"S1PPyQ\"><img loading=\"lazy\" class=\"size-medium wp-image-10587 alignright\" src=\"https:\/\/www.vievaldis.com\/valdisere\/wp-content\/uploads\/2026\/02\/Capture-decran-2026-02-18-145239-205x300.jpg\" alt=\"\" width=\"205\" height=\"300\" srcset=\"https:\/\/www.vievaldis.com\/valdisere\/wp-content\/uploads\/2026\/02\/Capture-decran-2026-02-18-145239-205x300.jpg 205w, https:\/\/www.vievaldis.com\/valdisere\/wp-content\/uploads\/2026\/02\/Capture-decran-2026-02-18-145239.jpg 593w\" sizes=\"(max-width: 205px) 100vw, 205px\" \/><\/span><\/a><\/h2>\n<h2><\/h2>\n<\/li>\n<\/ul>\n<h4><span class=\"S1PPyQ\">Votre soutien peut \u00eatre de diff\u00e9rentes natures :<\/span><\/h4>\n<ul>\n<li><span class=\"S1PPyQ\"><strong>Financier<\/strong> :<\/span><\/li>\n<\/ul>\n<p class=\"_04xlpA direction-ltr align-justify para-style-body\"><span class=\"S1PPyQ\">Exemple : mon entreprise verse 2000\u20ac \u00e0 Vie Val d\u2019Is. Elle b\u00e9n\u00e9ficiera alors d&rsquo;une r\u00e9duction d&rsquo;imp\u00f4t \u00e9gale \u00e0 1200\u20ac sur l\u2019exercice comptable.<\/span><\/p>\n<p class=\"_04xlpA direction-ltr align-justify para-style-body\"><span class=\"S1PPyQ\">Le co\u00fbt r\u00e9el pour mon entreprise sera donc de 800 \u20ac.<\/span><\/p>\n<ul>\n<li><strong><span class=\"S1PPyQ\">M\u00e9c\u00e9nat de comp\u00e9tences<\/span><\/strong><br \/>\n<h2><\/h2>\n<\/li>\n<li><span class=\"S1PPyQ\"><strong>Dons en nature<\/strong> (mat\u00e9riel, produits, technologie \u2026)<\/span><\/li>\n<\/ul>\n<h4><span class=\"S1PPyQ\">Faire un don financier :<\/span><\/h4>\n<h2><\/h2>\n<h2><\/h2>\n<h2><\/h2>\n<p class=\"_04xlpA direction-ltr align-justify para-style-body\"><strong><span class=\"S1PPyQ\">\u2192<\/span> <span class=\"S1PPyQ\">Par virement<\/span><\/strong><span class=\"S1PPyQ\"><strong> :<\/strong> Nos coordonn\u00e9es bancaires<\/span><\/p>\n<p class=\"_04xlpA direction-ltr align-justify para-style-body\"><strong><span class=\"S1PPyQ\">IBAN : <\/span><span class=\"S1PPyQ\">FR76 1009 6184 0100 0685 9120 177<\/span><span class=\"S1PPyQ\"> \/ BIC : <\/span><span class=\"S1PPyQ\">CMCIFRPP<\/span><\/strong><\/p>\n<p class=\"_04xlpA direction-ltr align-justify para-style-body\"><strong><span class=\"S1PPyQ\">\u2192 Via Hello Asso<\/span><span class=\"S1PPyQ\"> :<\/span><\/strong><iframe id=\"haWidget\" style=\"width: 100%; height: 750px; border: none;\" src=\"https:\/\/www.helloasso.com\/associations\/vie-val-d-is\/formulaires\/2\/widget\" scrolling=\"auto\"><\/iframe><\/p>\n<h4 class=\"_04xlpA direction-ltr align-justify para-style-body\"><span class=\"S1PPyQ\">Pour toutes propositions ou demandes d\u2019informations :<\/span><\/h4>\n<p class=\"_04xlpA direction-ltr align-justify para-style-body\"><span class=\"S1PPyQ\">Nicolas HUGRON <\/span><a class=\"S1PPyQ\" draggable=\"false\" href=\"mailto:contact@vievaldis.com\" target=\"_blank\" rel=\"noopener\">&#8211; contact@vievaldis.com<\/a><span class=\"S1PPyQ\"> &#8211; 04 79 06 84 78<\/span><\/p>\n<p>&nbsp;<\/p>\n<h4>Dossier de partenariat complet <a href=\"https:\/\/www.vievaldis.com\/valdisere\/wp-content\/uploads\/2026\/02\/DOSSIER-PARTENARIAT-2026.pdf\" target=\"_blank\" rel=\"noopener\">ICI<\/a><\/h4>\n","protected":false},"excerpt":{"rendered":"<p>Agissons ensemble pour am\u00e9liorer les conditions de vie \u00e0 Val d\u2019Is\u00e8re ! En tant que particulier : Je fais un don de 100\u20ac \u00e0 Vie Val d&rsquo;Is. Je b\u00e9n\u00e9ficie alors d&rsquo;une r\u00e9duction&#8230;<\/p>\n","protected":false},"author":1,"featured_media":0,"parent":0,"menu_order":0,"comment_status":"closed","ping_status":"closed","template":"","meta":[],"_links":{"self":[{"href":"https:\/\/www.vievaldis.com\/valdisere\/wp-json\/wp\/v2\/pages\/3788"}],"collection":[{"href":"https:\/\/www.vievaldis.com\/valdisere\/wp-json\/wp\/v2\/pages"}],"about":[{"href":"https:\/\/www.vievaldis.com\/valdisere\/wp-json\/wp\/v2\/types\/page"}],"author":[{"embeddable":true,"href":"https:\/\/www.vievaldis.com\/valdisere\/wp-json\/wp\/v2\/users\/1"}],"replies":[{"embeddable":true,"href":"https:\/\/www.vievaldis.com\/valdisere\/wp-json\/wp\/v2\/comments?post=3788"}],"version-history":[{"count":34,"href":"https:\/\/www.vievaldis.com\/valdisere\/wp-json\/wp\/v2\/pages\/3788\/revisions"}],"predecessor-version":[{"id":6621,"href":"https:\/\/www.vievaldis.com\/valdisere\/wp-json\/wp\/v2\/pages\/3788\/revisions\/6621"}],"wp:attachment":[{"href":"https:\/\/www.vievaldis.com\/valdisere\/wp-json\/wp\/v2\/media?parent=3788"}],"curies":[{"name":"wp","href":"https:\/\/api.w.org\/{rel}","templated":true}]}}