{"id":4164,"date":"2021-06-22T15:40:38","date_gmt":"2021-06-22T13:40:38","guid":{"rendered":"https:\/\/www.vievaldis.com\/valdisere\/?page_id=4164"},"modified":"2021-07-06T10:53:59","modified_gmt":"2021-07-06T08:53:59","slug":"journee-de-lenvironnement-2021","status":"publish","type":"page","link":"https:\/\/www.vievaldis.com\/valdisere\/journee-de-lenvironnement-2021\/","title":{"rendered":"Journ\u00e9e de l&rsquo;environnement 2021"},"content":{"rendered":"\n<div class=\"wpcf7 no-js\" id=\"wpcf7-f4145-o1\" lang=\"fr-FR\" dir=\"ltr\">\n<div class=\"screen-reader-response\"><p role=\"status\" aria-live=\"polite\" aria-atomic=\"true\"><\/p> <ul><\/ul><\/div>\n<form action=\"\/valdisere\/wp-json\/wp\/v2\/pages\/4164#wpcf7-f4145-o1\" method=\"post\" class=\"wpcf7-form init\" aria-label=\"Formulaire de contact\" novalidate=\"novalidate\" data-status=\"init\">\n<div style=\"display: none;\">\n<input type=\"hidden\" name=\"_wpcf7\" value=\"4145\" \/>\n<input type=\"hidden\" name=\"_wpcf7_version\" value=\"5.7.7\" \/>\n<input type=\"hidden\" name=\"_wpcf7_locale\" value=\"fr_FR\" \/>\n<input type=\"hidden\" name=\"_wpcf7_unit_tag\" value=\"wpcf7-f4145-o1\" \/>\n<input type=\"hidden\" name=\"_wpcf7_container_post\" value=\"0\" \/>\n<input type=\"hidden\" name=\"_wpcf7_posted_data_hash\" value=\"\" \/>\n<input type=\"hidden\" name=\"_wpcf7_recaptcha_response\" value=\"\" \/>\n<\/div>\n<p><label> Votre nom (obligatoire)<br \/>\n<span class=\"wpcf7-form-control-wrap\" data-name=\"your-name\"><input size=\"40\" class=\"wpcf7-form-control wpcf7-text wpcf7-validates-as-required\" aria-required=\"true\" aria-invalid=\"false\" value=\"\" type=\"text\" name=\"your-name\" \/><\/span> <\/label>\n<\/p>\n<p><label> Votre adresse de messagerie (obligatoire)<br \/>\n<span class=\"wpcf7-form-control-wrap\" data-name=\"your-email\"><input size=\"40\" class=\"wpcf7-form-control wpcf7-text wpcf7-email wpcf7-validates-as-required wpcf7-validates-as-email\" aria-required=\"true\" aria-invalid=\"false\" value=\"\" type=\"email\" name=\"your-email\" \/><\/span> <\/label>\n<\/p>\n<p><label> Votre num\u00e9ro de t\u00e9l\u00e9phone (obligatoire)<br \/>\n<span class=\"wpcf7-form-control-wrap\" data-name=\"your-phone\"><input size=\"40\" class=\"wpcf7-form-control wpcf7-text wpcf7-validates-as-required\" aria-required=\"true\" aria-invalid=\"false\" value=\"\" type=\"text\" name=\"your-phone\" \/><\/span> <\/label>\n<\/p>\n<p><label> Votre \u00e2ge (obligatoire)<br \/>\n<span class=\"wpcf7-form-control-wrap\" data-name=\"your-age\"><input size=\"40\" class=\"wpcf7-form-control wpcf7-text wpcf7-validates-as-required\" aria-required=\"true\" aria-invalid=\"false\" value=\"\" type=\"text\" name=\"your-age\" \/><\/span> <\/label>\n<\/p>\n<p><label> Vous \u00eates <span class=\"wpcf7-form-control-wrap\" data-name=\"menu-117\"><select class=\"wpcf7-form-control wpcf7-select\" aria-invalid=\"false\" name=\"menu-117\"><option value=\"saisonnier l&#039;\u00e9t\u00e9\">saisonnier l&#039;\u00e9t\u00e9<\/option><option value=\"habitant \u00e0 l&#039;ann\u00e9e \u00e0 Val d&#039;Is\u00e8re\">habitant \u00e0 l&#039;ann\u00e9e \u00e0 Val d&#039;Is\u00e8re<\/option><option value=\"en vacances\">en vacances<\/option><option value=\"venu(e) sp\u00e9cialement pour la journ\u00e9e\">venu(e) sp\u00e9cialement pour la journ\u00e9e<\/option><option value=\"autre\">autre<\/option><\/select><\/span><\/label>\n<\/p>\n<p><label>Nombre de ramasseur (vous compris) <span class=\"wpcf7-form-control-wrap\" data-name=\"menu-585\"><select class=\"wpcf7-form-control wpcf7-select\" aria-invalid=\"false\" name=\"menu-585\"><option value=\"1\">1<\/option><option value=\"2\">2<\/option><option value=\"3\">3<\/option><option value=\"4\">4<\/option><option value=\"5\">5<\/option><option value=\"6\">6<\/option><\/select><\/span><\/label>\n<\/p>\n<p><label>Nombre de personnes souhaitant rester pour le repas du midi <span class=\"wpcf7-form-control-wrap\" data-name=\"menu-586\"><select class=\"wpcf7-form-control wpcf7-select\" aria-invalid=\"false\" name=\"menu-586\"><option value=\"1\">1<\/option><option value=\"2\">2<\/option><option value=\"3\">3<\/option><option value=\"4\">4<\/option><option value=\"5\">5<\/option><option value=\"6\">6<\/option><\/select><\/span><\/label>\n<\/p>\n<p><label> Noms et \u00e2ges des autres membres<br \/>\n<span class=\"wpcf7-form-control-wrap\" data-name=\"name-age\"><input size=\"40\" class=\"wpcf7-form-control wpcf7-text wpcf7-validates-as-required\" aria-required=\"true\" aria-invalid=\"false\" value=\"\" type=\"text\" name=\"name-age\" \/><\/span> <\/label>\n<\/p>\n<p><label> Souhaitez-vous \u00eatre b\u00e9n\u00e9vole pour organiser le reste de la journ\u00e9e avec l'asso <span class=\"wpcf7-form-control-wrap\" data-name=\"menu-119\"><select class=\"wpcf7-form-control wpcf7-select\" aria-invalid=\"false\" name=\"menu-119\"><option value=\"Oui\">Oui<\/option><option value=\"Non\">Non<\/option><\/select><\/span><\/label>\n<\/p>\n<p><input class=\"wpcf7-form-control has-spinner wpcf7-submit\" type=\"submit\" value=\"Envoyer\" \/>\n<\/p><div class=\"wpcf7-response-output\" aria-hidden=\"true\"><\/div>\n<\/form>\n<\/div>\n\n","protected":false},"excerpt":{"rendered":"Votre nom (obligatoire) Votre adresse de messagerie (obligatoire) Votre num\u00e9ro de t\u00e9l\u00e9phone (obligatoire) Votre \u00e2ge (obligatoire) Vous \u00eates saisonnier l&#039;\u00e9t\u00e9habitant \u00e0 l&#039;ann\u00e9e \u00e0 Val d&#039;Is\u00e8reen vacancesvenu(e) sp\u00e9cialement pour la journ\u00e9eautre Nombre de...","protected":false},"author":1,"featured_media":0,"parent":0,"menu_order":0,"comment_status":"closed","ping_status":"closed","template":"","meta":[],"_links":{"self":[{"href":"https:\/\/www.vievaldis.com\/valdisere\/wp-json\/wp\/v2\/pages\/4164"}],"collection":[{"href":"https:\/\/www.vievaldis.com\/valdisere\/wp-json\/wp\/v2\/pages"}],"about":[{"href":"https:\/\/www.vievaldis.com\/valdisere\/wp-json\/wp\/v2\/types\/page"}],"author":[{"embeddable":true,"href":"https:\/\/www.vievaldis.com\/valdisere\/wp-json\/wp\/v2\/users\/1"}],"replies":[{"embeddable":true,"href":"https:\/\/www.vievaldis.com\/valdisere\/wp-json\/wp\/v2\/comments?post=4164"}],"version-history":[{"count":3,"href":"https:\/\/www.vievaldis.com\/valdisere\/wp-json\/wp\/v2\/pages\/4164\/revisions"}],"predecessor-version":[{"id":4239,"href":"https:\/\/www.vievaldis.com\/valdisere\/wp-json\/wp\/v2\/pages\/4164\/revisions\/4239"}],"wp:attachment":[{"href":"https:\/\/www.vievaldis.com\/valdisere\/wp-json\/wp\/v2\/media?parent=4164"}],"curies":[{"name":"wp","href":"https:\/\/api.w.org\/{rel}","templated":true}]}}