{"id":522,"date":"2018-05-08T15:41:04","date_gmt":"2018-05-08T13:41:04","guid":{"rendered":"https:\/\/www.vievaldis.com\/valdisere\/?page_id=522"},"modified":"2025-11-13T09:31:09","modified_gmt":"2025-11-13T08:31:09","slug":"transport","status":"publish","type":"page","link":"https:\/\/www.vievaldis.com\/valdisere\/en\/transport\/","title":{"rendered":"Transport"},"content":{"rendered":"<h2><strong>Carparks<\/strong><\/h2>\n<p>Val d\u2019Is\u00e8re carparks are run by SAGS (Soci\u00e9t\u00e9 d\u2019Assistance et de Gestion du Stationnement). To reserve a space for the winter season, contact SAGS on 04 79 06 07 44 or directly on the website by clicking here<\/p>\n<p>Attention, car parking spaces are limited for the winter season so please reserve your space well in advance.<\/p>\n<h2><strong>Transport<\/strong><\/h2>\n<p><span class=\"VIiyi\" lang=\"en\"><span class=\"JLqJ4b ChMk0b\" data-language-for-alternatives=\"en\" data-language-to-translate-into=\"auto\" data-phrase-index=\"0\">If you are on this page, it is because you are probably looking for a punctual or regular ways of travel.<\/span> <span class=\"JLqJ4b ChMk0b\" data-language-for-alternatives=\"en\" data-language-to-translate-into=\"auto\" data-phrase-index=\"1\">We have therefore tried to identify the different possibilities in terms of mobility available to you.<\/span><\/span><\/p>\n<p><a href=\"https:\/\/www.vievaldis.com\/valdisere\/wp-content\/uploads\/2025\/11\/Affiche_S82-S83_7j7_annuelle_FINAL-1-scaled.jpg\" target=\"_blank\" rel=\"noopener\"><img loading=\"lazy\" class=\"aligncenter size-medium wp-image-10269\" src=\"https:\/\/www.vievaldis.com\/valdisere\/wp-content\/uploads\/2025\/11\/Affiche_S82-S83_7j7_annuelle_FINAL-1-212x300.jpg\" alt=\"\" width=\"212\" height=\"300\" srcset=\"https:\/\/www.vievaldis.com\/valdisere\/wp-content\/uploads\/2025\/11\/Affiche_S82-S83_7j7_annuelle_FINAL-1-212x300.jpg 212w, https:\/\/www.vievaldis.com\/valdisere\/wp-content\/uploads\/2025\/11\/Affiche_S82-S83_7j7_annuelle_FINAL-1-724x1024.jpg 724w, https:\/\/www.vievaldis.com\/valdisere\/wp-content\/uploads\/2025\/11\/Affiche_S82-S83_7j7_annuelle_FINAL-1-768x1086.jpg 768w, https:\/\/www.vievaldis.com\/valdisere\/wp-content\/uploads\/2025\/11\/Affiche_S82-S83_7j7_annuelle_FINAL-1-1086x1536.jpg 1086w, https:\/\/www.vievaldis.com\/valdisere\/wp-content\/uploads\/2025\/11\/Affiche_S82-S83_7j7_annuelle_FINAL-1-1448x2048.jpg 1448w, https:\/\/www.vievaldis.com\/valdisere\/wp-content\/uploads\/2025\/11\/Affiche_S82-S83_7j7_annuelle_FINAL-1-scaled.jpg 1810w\" sizes=\"(max-width: 212px) 100vw, 212px\" \/><\/a><\/p>\n<p><strong>NEW MOBILITY SERVICES: The S82\/S83 routes will now be available all year round.<\/strong><\/p>\n<p>S82\/S83 routes: now available ALL YEAR ROUND! Connect Bourg-Saint-Maurice, S\u00e9ez Centre, Sainte-Foy Village, Tignes 1800 and Val d&rsquo;Is\u00e8re 365 days a year.<\/p>\n<p>PRICES:<\/p>\n<p>Single tickets:<\/p>\n<ul>\n<li>Book of 10 named tickets: \u20ac30 (i.e. \u00a33\/journey)<\/li>\n<li>Monthly pass: \u20ac62<\/li>\n<li>Season pass: \u20ac160<\/li>\n<\/ul>\n<p>GOOD TO KNOW: Your employer <strong>must<\/strong> cover 50% of your home-to-work travel costs by public services!<\/p>\n<p>TO SUBSCRIBE TO A PASS: <a href=\"https:\/\/www.cars-region-savoie.fr\/abonnement\/\" target=\"_blank\" rel=\"noopener\">https:\/\/www.cars-region-savoie.fr\/abonnement\/<\/a><\/p>\n<p>HOW TO PURCHASE YOUR BOOK OF 10 TICKETS?<\/p>\n<p>From 15\/11 to 15\/12:<br \/>\nFill in your form at the town hall, CCAS or France Service.<br \/>\nPay (by card or cash) and collect your book directly from the driver in exchange for your form.<\/p>\n<p>From 16\/12:<br \/>\nFill in your form at the town hall, CCAS or France Service.<br \/>\nThen pay and collect your book at the ticket office at Bourg-Saint-Maurice station, bringing your form with you.<\/p>\n<p>IMPORTANT: REMEMBER TO BOOK! To travel with peace of mind, especially during peak season and weekends, book your seat.<\/p>\n<p>TIMETABLES and BOOKINGS: <a href=\"https:\/\/savoie.transdev.com\" target=\"_blank\" rel=\"noopener\">https:\/\/savoie.transdev.com<\/a><\/p>\n<p>Find more information in the CCHT mobility guide or by calling 04.79.41.51.53.<\/p>\n<p>&nbsp;<\/p>\n<ul>\n<li><strong>Carpooling:<\/strong><\/li>\n<\/ul>\n<p><span class=\"VIiyi\" lang=\"en\"><span class=\"JLqJ4b ChMk0b\" data-language-for-alternatives=\"en\" data-language-to-translate-into=\"fr\" data-phrase-index=\"0\">The Region has set up the <a href=\"https:\/\/movici.auvergnerhonealpes.fr\/\">Mov&rsquo;ici<\/a> program to develop micro-local carpooling for free (without commission).<\/span><\/span><\/p>\n<p><span class=\"VIiyi\" lang=\"en\"><span class=\"JLqJ4b ChMk0b\" data-language-for-alternatives=\"en\" data-language-to-translate-into=\"fr\" data-phrase-index=\"0\">Go to the Val d&rsquo;Is\u00e8re radio website to submit or find a carpooling offer, by clicking <a href=\"http:\/\/www.radiovaldisere.com\/index.php?p=ads\">here<\/a>.<\/span><\/span><\/p>\n<p><span class=\"VIiyi\" lang=\"en\"><span class=\"JLqJ4b ChMk0b\" data-language-for-alternatives=\"en\" data-language-to-translate-into=\"fr\" data-phrase-index=\"0\">Also, do not hesitate to place a post for carpooling at Vie Val d&rsquo;Is association and on the Facebook pages \u00ab\u00a0Les Saisonniers de Val d&rsquo;Is\u00e8re\u00a0\u00bb and \u00ab\u00a0Le Vide Grenier de Tignes\u00a0\u00bb.<\/span><\/span><\/p>\n<ul>\n<li><strong>Car rental:<\/strong><\/li>\n<\/ul>\n<p><span class=\"VIiyi\" lang=\"en\"><span class=\"JLqJ4b ChMk0b\" data-language-for-alternatives=\"en\" data-language-to-translate-into=\"fr\" data-phrase-index=\"0\">The website \u00ab\u00a0<a href=\"https:\/\/www.ouicar.fr\/\">OuiCar<\/a>\u00a0\u00bb offers the rental of individual cars through a vehicle owner \/ rental system.<\/span> <span class=\"JLqJ4b ChMk0b\" data-language-for-alternatives=\"en\" data-language-to-translate-into=\"fr\" data-phrase-index=\"2\">Alternatives of professional rental companies in Bourg Saint Maurice: <a href=\"https:\/\/www.europcar.fr\/fr-fr\/agences\/france\/bourg-saint-maurice-gare\">Europcar<\/a>, <a href=\"https:\/\/www.ulocation.com\/\">SuperULocation<\/a><\/span><\/span><\/p>\n<ul>\n<li><strong>Val d\u2019Is\u00e8re taxis:<\/strong><\/li>\n<\/ul>\n<p>Go to the tourist office website by clicking here<\/p>\n<ul>\n<li><strong>Free shuttle Val d\u2019Is\u00e8re \u2013 Tignes<\/strong>More informations for the shuttles <a href=\"https:\/\/www.valdisere.com\/guide-du-village\/circuler-sur-place\/navettes-gratuites\/\" target=\"_blank\" rel=\"noopener\">here<\/a><\/li>\n<\/ul>\n<ul>\n<li><strong>Val d\u2019Is\u00e8re free buses:<\/strong><\/li>\n<\/ul>\n<p>To look at timetables for the free buses within resort for both winter and summer, go to the tourist office website by clicking <a href=\"https:\/\/www.valdisere.com\/guide-du-village\/plan-navettes\/\">here<\/a><\/p>\n<p>You can also find all the information on the Val d\u2019Is\u00e8re mobile application. For more information check the Val d&rsquo;Is\u00e8re tourist office <a href=\"https:\/\/www.valdisere.com\/\">website<\/a>.<\/p>\n<ul>\n<li><strong>Bike:<\/strong><\/li>\n<\/ul>\n<p><span class=\"VIiyi\" lang=\"en\"><span class=\"JLqJ4b ChMk0b\" data-language-for-alternatives=\"en\" data-language-to-translate-into=\"fr\" data-phrase-index=\"0\">In summer, getting around by bike is easy in Val d&rsquo;Is\u00e8re.<\/span> <span class=\"JLqJ4b ChMk0b\" data-language-for-alternatives=\"en\" data-language-to-translate-into=\"fr\" data-phrase-index=\"1\">If you want to try out the electrically assisted bicycle (VAE), the Tourism Office offers one at 1 \u20ac \/ hour (\u00bd hour free).<\/span><\/span><\/p>\n<ul>\n<li><span style=\"color: #000000;\"><strong>You have a car:<\/strong><\/span><\/li>\n<\/ul>\n<p><span class=\"VIiyi\" lang=\"en\"><span class=\"JLqJ4b ChMk0b\" data-language-for-alternatives=\"en\" data-language-to-translate-into=\"fr\" data-phrase-index=\"0\">Think of carpooling on <a href=\"https:\/\/movici.auvergnerhonealpes.fr\/\">Mov&rsquo;Ici<\/a> or renting your car on <a href=\"https:\/\/www.ouicar.fr\/\">OuiCar<\/a>.<\/span><\/span><\/p>\n","protected":false},"excerpt":{"rendered":"<p>Carparks Val d\u2019Is\u00e8re carparks are run by SAGS (Soci\u00e9t\u00e9 d\u2019Assistance et de Gestion du Stationnement). To reserve a space for the winter season, contact SAGS on 04 79 06 07 44 or&#8230;<\/p>\n","protected":false},"author":1,"featured_media":0,"parent":0,"menu_order":0,"comment_status":"closed","ping_status":"closed","template":"","meta":[],"_links":{"self":[{"href":"https:\/\/www.vievaldis.com\/valdisere\/wp-json\/wp\/v2\/pages\/522"}],"collection":[{"href":"https:\/\/www.vievaldis.com\/valdisere\/wp-json\/wp\/v2\/pages"}],"about":[{"href":"https:\/\/www.vievaldis.com\/valdisere\/wp-json\/wp\/v2\/types\/page"}],"author":[{"embeddable":true,"href":"https:\/\/www.vievaldis.com\/valdisere\/wp-json\/wp\/v2\/users\/1"}],"replies":[{"embeddable":true,"href":"https:\/\/www.vievaldis.com\/valdisere\/wp-json\/wp\/v2\/comments?post=522"}],"version-history":[{"count":15,"href":"https:\/\/www.vievaldis.com\/valdisere\/wp-json\/wp\/v2\/pages\/522\/revisions"}],"predecessor-version":[{"id":10272,"href":"https:\/\/www.vievaldis.com\/valdisere\/wp-json\/wp\/v2\/pages\/522\/revisions\/10272"}],"wp:attachment":[{"href":"https:\/\/www.vievaldis.com\/valdisere\/wp-json\/wp\/v2\/media?parent=522"}],"curies":[{"name":"wp","href":"https:\/\/api.w.org\/{rel}","templated":true}]}}