{"id":526,"date":"2018-05-08T15:42:22","date_gmt":"2018-05-08T13:42:22","guid":{"rendered":"https:\/\/www.vievaldis.com\/valdisere\/?page_id=526"},"modified":"2026-02-09T16:12:46","modified_gmt":"2026-02-09T15:12:46","slug":"seasonal-info","status":"publish","type":"page","link":"https:\/\/www.vievaldis.com\/valdisere\/en\/seasonal-info\/","title":{"rendered":"Seasonal info"},"content":{"rendered":"<h2><strong>Being a seasonal worker<\/strong><\/h2>\n<p>The Vievaldis Association propose you his practical guide of Val d&rsquo;Is\u00e8re. You&rsquo;ll find all the informations, contacts and advices (healthcare, transport, culture, free activities&#8230;) you need to prepare a good and successfull winter 2021\/22 with us.<\/p>\n<h2><a href=\"https:\/\/www.calameo.com\/read\/0078214071d2ea27c23fb\" target=\"_blank\" rel=\"noopener\"><strong>WINTER BOOKLET<\/strong><\/a><\/h2>\n<p>Access to other useful information is available from the tourist office, townhall, lift company, etc.<\/p>\n<p><strong>Useful links :<br \/>\n<\/strong><\/p>\n<p><a href=\"https:\/\/www.valdisere.com\/\">Tourist office \/ Office du tourisme<\/a><\/p>\n<p><a href=\"https:\/\/www.valdisere.fr\/\">Townhall \/ Mairie de Val d\u2019Is\u00e8re<\/a><\/p>\n<p><a href=\"http:\/\/www.radiovaldisere.com\">Radio Val d\u2019Is\u00e8re<\/a><\/p>\n<p><a href=\"https:\/\/www.valsport.org\/\">Sports club \/ Club des Sports<\/a><\/p>\n<p><a href=\"http:\/\/valdisere-congres.com\/fr\/\">Congress centre \/ Centre des congr\u00e8s<\/a><\/p>\n<p><a href=\"https:\/\/centre-aquasportif.com\/\">Sports centre &amp; swimming pool \/ Centre Aquasportif<\/a><\/p>\n<p><a href=\"http:\/\/hautetarentaise.fr\/\">CC Haute Tarentaise<\/a><\/p>\n<p><a href=\"https:\/\/www.valdisere.ski\/fr\/\">Ski lift company \/ Val d\u2019Is\u00e8re T\u00e9l\u00e9ph\u00e9riques<\/a><\/p>\n<p><a href=\"https:\/\/www.valdisere.ski\/fr\/\">Carparks \/ Parkings Val d\u2019Is\u00e8re<\/a><\/p>\n","protected":false},"excerpt":{"rendered":"<p>Being a seasonal worker The Vievaldis Association propose you his practical guide of Val d&rsquo;Is\u00e8re. You&rsquo;ll find all the informations, contacts and advices (healthcare, transport, culture, free activities&#8230;) you need to prepare&#8230;<\/p>\n","protected":false},"author":1,"featured_media":0,"parent":0,"menu_order":0,"comment_status":"closed","ping_status":"closed","template":"","meta":[],"_links":{"self":[{"href":"https:\/\/www.vievaldis.com\/valdisere\/wp-json\/wp\/v2\/pages\/526"}],"collection":[{"href":"https:\/\/www.vievaldis.com\/valdisere\/wp-json\/wp\/v2\/pages"}],"about":[{"href":"https:\/\/www.vievaldis.com\/valdisere\/wp-json\/wp\/v2\/types\/page"}],"author":[{"embeddable":true,"href":"https:\/\/www.vievaldis.com\/valdisere\/wp-json\/wp\/v2\/users\/1"}],"replies":[{"embeddable":true,"href":"https:\/\/www.vievaldis.com\/valdisere\/wp-json\/wp\/v2\/comments?post=526"}],"version-history":[{"count":54,"href":"https:\/\/www.vievaldis.com\/valdisere\/wp-json\/wp\/v2\/pages\/526\/revisions"}],"predecessor-version":[{"id":10558,"href":"https:\/\/www.vievaldis.com\/valdisere\/wp-json\/wp\/v2\/pages\/526\/revisions\/10558"}],"wp:attachment":[{"href":"https:\/\/www.vievaldis.com\/valdisere\/wp-json\/wp\/v2\/media?parent=526"}],"curies":[{"name":"wp","href":"https:\/\/api.w.org\/{rel}","templated":true}]}}