{"id":6774,"date":"2022-10-21T11:53:20","date_gmt":"2022-10-21T09:53:20","guid":{"rendered":"https:\/\/www.vievaldis.com\/valdisere\/?page_id=6774"},"modified":"2023-04-12T10:52:47","modified_gmt":"2023-04-12T08:52:47","slug":"assurance-maladie","status":"publish","type":"page","link":"https:\/\/www.vievaldis.com\/valdisere\/assurance-maladie\/","title":{"rendered":"Assurance maladie"},"content":{"rendered":"<div class=\"field_ameli_paragraphs_blocks entity_reference_revisions\">\n<div id=\"text_217\" class=\"paragraph paragraph--type--field-ameli-paragraph-titre-sect paragraph--view-mode--full\">\n<h2 class=\"field_ameli_paragraph_title string\"><img loading=\"lazy\" class=\"aligncenter size-full wp-image-7388\" src=\"https:\/\/www.vievaldis.com\/valdisere\/wp-content\/uploads\/2023\/03\/Capture-decran-2023-03-28-170940.jpg\" alt=\"\" width=\"308\" height=\"117\" srcset=\"https:\/\/www.vievaldis.com\/valdisere\/wp-content\/uploads\/2023\/03\/Capture-decran-2023-03-28-170940.jpg 308w, https:\/\/www.vievaldis.com\/valdisere\/wp-content\/uploads\/2023\/03\/Capture-decran-2023-03-28-170940-300x114.jpg 300w\" sizes=\"(max-width: 308px) 100vw, 308px\" \/>VOTRE RATTACHEMENT AU R\u00c9GIME G\u00c9N\u00c9RAL DE S\u00c9CURIT\u00c9 SOCIALE<\/h2>\n<\/div>\n<\/div>\n<div class=\"field_ameli_paragraphs_blocks entity_reference_revisions\">\n<div id=\"text_353\" class=\"paragraph paragraph--type--field-ameli-paragraph-simple paragraph--view-mode--full\">\n<div class=\"field_ameli_paragraph_body text_with_summary\">\n<p>En tant que salari\u00e9.e, vous \u00eates obligatoirement rattach\u00e9.e au r\u00e9gime g\u00e9n\u00e9ral de s\u00e9curit\u00e9 sociale et vous \u00eates affili\u00e9.e \u00e0 la caisse d&rsquo;Assurance Maladie de votre lieu de r\u00e9sidence : caisse primaire d&rsquo;assurance maladie (CPAM).<\/p>\n<p>Vous avez droit au remboursement de vos frais de sant\u00e9 en cas de maladie ou de maternit\u00e9 du seul fait de votre activit\u00e9 professionnelle.<\/p>\n<p>Sous r\u00e9serve de remplir certaines conditions, notamment justifier d&rsquo;une dur\u00e9e de travail minimum ou d&rsquo;un montant de cotisations minimum, vous pouvez \u00e9galement b\u00e9n\u00e9ficier des prestations en esp\u00e8ces des assurances maladie, maternit\u00e9, invalidit\u00e9 et d\u00e9c\u00e8s.<\/p>\n<p>Vous b\u00e9n\u00e9ficiez de l&rsquo;assurance accidents du travail &#8211; maladies professionnelles (AT\/MP) d\u00e8s votre embauche, sans conditions d&rsquo;ouverture de droit \u00e0 remplir.<\/p>\n<p><span style=\"color: #ff0000;\"><strong> ATTENTION<\/strong> : Les personnes en Visa Vacances Travail ne permet aucune prise en charge par l\u2019assurance maladie fran\u00e7aise, il faut donc souscrire \u00e0 une assurance priv\u00e9e couvrant les risques maladie-maternit\u00e9, invalidit\u00e9, l&rsquo;hospitalisation et le rapatriement, pour la dur\u00e9e du s\u00e9jour.<\/span><\/p>\n<p><strong>\u00c0 noter\u00a0<\/strong>: si vous \u00eates salari\u00e9.e agricole, vous \u00eates rattach\u00e9.e au r\u00e9gime de la <a title=\"Site Mutualit\u00e9 sociale agricole (MSA) (nouvelle fen\u00eatre)\" href=\"https:\/\/www.msa.fr\/\" target=\"_blank\" rel=\"nofollow noopener\">Mutualit\u00e9 sociale agricole (MSA)<\/a><\/p>\n<\/div>\n<\/div>\n<\/div>\n<h3>Voici le CERFA n\u00e9cessaire ainsi que la liste des documents r\u00e9clam\u00e9s pour faire une demande d&rsquo;ouverture de droit \u00e0 l&rsquo;assurance maladie : <a href=\"https:\/\/www.vievaldis.com\/valdisere\/wp-content\/uploads\/2022\/10\/cerfa-736-Vierge.pdf\">cerfa 736<\/a><\/h3>\n","protected":false},"excerpt":{"rendered":"<p>VOTRE RATTACHEMENT AU R\u00c9GIME G\u00c9N\u00c9RAL DE S\u00c9CURIT\u00c9 SOCIALE En tant que salari\u00e9.e, vous \u00eates obligatoirement rattach\u00e9.e au r\u00e9gime g\u00e9n\u00e9ral de s\u00e9curit\u00e9 sociale et vous \u00eates affili\u00e9.e \u00e0 la caisse d&rsquo;Assurance Maladie de&#8230;<\/p>\n","protected":false},"author":1,"featured_media":0,"parent":0,"menu_order":0,"comment_status":"closed","ping_status":"closed","template":"","meta":[],"_links":{"self":[{"href":"https:\/\/www.vievaldis.com\/valdisere\/wp-json\/wp\/v2\/pages\/6774"}],"collection":[{"href":"https:\/\/www.vievaldis.com\/valdisere\/wp-json\/wp\/v2\/pages"}],"about":[{"href":"https:\/\/www.vievaldis.com\/valdisere\/wp-json\/wp\/v2\/types\/page"}],"author":[{"embeddable":true,"href":"https:\/\/www.vievaldis.com\/valdisere\/wp-json\/wp\/v2\/users\/1"}],"replies":[{"embeddable":true,"href":"https:\/\/www.vievaldis.com\/valdisere\/wp-json\/wp\/v2\/comments?post=6774"}],"version-history":[{"count":5,"href":"https:\/\/www.vievaldis.com\/valdisere\/wp-json\/wp\/v2\/pages\/6774\/revisions"}],"predecessor-version":[{"id":7389,"href":"https:\/\/www.vievaldis.com\/valdisere\/wp-json\/wp\/v2\/pages\/6774\/revisions\/7389"}],"wp:attachment":[{"href":"https:\/\/www.vievaldis.com\/valdisere\/wp-json\/wp\/v2\/media?parent=6774"}],"curies":[{"name":"wp","href":"https:\/\/api.w.org\/{rel}","templated":true}]}}