{"id":7667,"date":"2023-06-20T09:10:48","date_gmt":"2023-06-20T07:10:48","guid":{"rendered":"https:\/\/www.vievaldis.com\/valdisere\/?page_id=7667"},"modified":"2026-04-08T15:20:50","modified_gmt":"2026-04-08T13:20:50","slug":"ils-nous-soutiennent","status":"publish","type":"page","link":"https:\/\/www.vievaldis.com\/valdisere\/ils-nous-soutiennent\/","title":{"rendered":"Ils nous soutiennent"},"content":{"rendered":"<h2>NOS PARTENAIRES FINANCIERS<img loading=\"lazy\" class=\"wp-image-7656 aligncenter\" src=\"https:\/\/www.vievaldis.com\/valdisere\/wp-content\/uploads\/2023\/06\/Design-sans-titre1-1024x724.png\" alt=\"\" width=\"474\" height=\"335\" srcset=\"https:\/\/www.vievaldis.com\/valdisere\/wp-content\/uploads\/2023\/06\/Design-sans-titre1-1024x724.png 1024w, https:\/\/www.vievaldis.com\/valdisere\/wp-content\/uploads\/2023\/06\/Design-sans-titre1-300x212.png 300w, https:\/\/www.vievaldis.com\/valdisere\/wp-content\/uploads\/2023\/06\/Design-sans-titre1-768x543.png 768w, https:\/\/www.vievaldis.com\/valdisere\/wp-content\/uploads\/2023\/06\/Design-sans-titre1-1536x1086.png 1536w, https:\/\/www.vievaldis.com\/valdisere\/wp-content\/uploads\/2023\/06\/Design-sans-titre1-2048x1448.png 2048w\" sizes=\"(max-width: 474px) 100vw, 474px\" \/>Ils nous soutiennent aussi :<\/h2>\n<h2><a href=\"https:\/\/www.vievaldis.com\/valdisere\/wp-content\/uploads\/2026\/04\/ils-nous-soutiennent-1.png\" target=\"_blank\" rel=\"noopener\"><img loading=\"lazy\" class=\"aligncenter wp-image-10708 size-large\" src=\"https:\/\/www.vievaldis.com\/valdisere\/wp-content\/uploads\/2026\/04\/ils-nous-soutiennent-1-1024x724.png\" alt=\"\" width=\"960\" height=\"679\" srcset=\"https:\/\/www.vievaldis.com\/valdisere\/wp-content\/uploads\/2026\/04\/ils-nous-soutiennent-1-1024x724.png 1024w, https:\/\/www.vievaldis.com\/valdisere\/wp-content\/uploads\/2026\/04\/ils-nous-soutiennent-1-300x212.png 300w, https:\/\/www.vievaldis.com\/valdisere\/wp-content\/uploads\/2026\/04\/ils-nous-soutiennent-1-768x543.png 768w, https:\/\/www.vievaldis.com\/valdisere\/wp-content\/uploads\/2026\/04\/ils-nous-soutiennent-1-1536x1086.png 1536w, https:\/\/www.vievaldis.com\/valdisere\/wp-content\/uploads\/2026\/04\/ils-nous-soutiennent-1-2048x1448.png 2048w\" sizes=\"(max-width: 960px) 100vw, 960px\" \/><\/a><\/h2>\n<h2><\/h2>\n<h2>NOS PARTENAIRES D\u2019ACTIONS<\/h2>\n<p>Pour l\u2019ensemble de ses projets, Vie Val d\u2019Is d\u00e9veloppe de multiples partenariats. Une vingtaine de partenaires diff\u00e9rents.<\/p>\n<p><strong>Les partenaires station\u00a0:<\/strong><\/p>\n<ul>\n<li>La mairie de Val d\u2019Is\u00e8re\n<ul>\n<li>Le Centre Communal d\u2019Actions Sociales<\/li>\n<li>Les services techniques<\/li>\n<li>Le service communication<\/li>\n<li>La maison de Val<\/li>\n<li>La police municipale<\/li>\n<li>Les services administratifs<\/li>\n<\/ul>\n<\/li>\n<li>Val d\u2019Is\u00e8re t\u00e9l\u00e9ph\u00e9riques<\/li>\n<li>Val d\u2019Is\u00e8re Tourisme<\/li>\n<li>Radio Val d\u2019Is\u00e8re<\/li>\n<li>Centre aquasportif<\/li>\n<li>Le Centre des congr\u00e8s<\/li>\n<li>La SAGS<\/li>\n<li>CEVEO<\/li>\n<li>La Sacoval<\/li>\n<li>Le centre de secours<\/li>\n<li>La gendarmerie<\/li>\n<li>Les associations locales (L&rsquo;Amicale du Personnel \/ Le club des sports \/ La Sauce \/ Les pics \u00e0 Bouic\u2026)<\/li>\n<li>Les professionnels de sant\u00e9<\/li>\n<\/ul>\n<p>&nbsp;<\/p>\n<p><strong>Nos partenaires ext\u00e9rieurs :<\/strong><\/p>\n<ul>\n<li>ACTIMUT<\/li>\n<li>L\u2019ADRETS\u00a0: Vie Val d\u2019Is est adh\u00e9rente \u00e0 l\u2019ADRETS<\/li>\n<li>L\u2019association \u00ab\u00a0Le Pelican\u00a0\u00bb<\/li>\n<li>La CCHT<\/li>\n<li>Le centre hospitalier de Chamb\u00e9ry<\/li>\n<li>L\u2019association coup de pouce<\/li>\n<li>Les partenaires \u00ab\u00a0France Services\u00a0\u00bb (CAF, Direccte, Pole emploi, CPAM, CNAV, Pr\u00e9fecture, Minist\u00e8re Justice, Action logement \u2026)<\/li>\n<li>Les espaces saisonniers de Tarentaise<\/li>\n<\/ul>\n<h2>NOS PARTENAIRES DE LA CARTE VIE VAL D\u2019IS<\/h2>\n<p>Une centaine de partenaires priv\u00e9s proposent des r\u00e9ductions aux adh\u00e9rents de l\u2019association. Pour voir tous nos partenaires carte : <a href=\"https:\/\/www.vievaldis.com\/valdisere\/les-avantages\/\">ici<\/a><\/p>\n<p>Certains d\u2019entre eux soutiennent \u00e9galement ponctuellement les projets ou \u00e9v\u00e8nements de l\u2019association.<\/p>\n","protected":false},"excerpt":{"rendered":"<p>NOS PARTENAIRES FINANCIERSIls nous soutiennent aussi : NOS PARTENAIRES D\u2019ACTIONS Pour l\u2019ensemble de ses projets, Vie Val d\u2019Is d\u00e9veloppe de multiples partenariats. Une vingtaine de partenaires diff\u00e9rents. Les partenaires station\u00a0: La mairie&#8230;<\/p>\n","protected":false},"author":1,"featured_media":0,"parent":0,"menu_order":0,"comment_status":"closed","ping_status":"closed","template":"","meta":[],"_links":{"self":[{"href":"https:\/\/www.vievaldis.com\/valdisere\/wp-json\/wp\/v2\/pages\/7667"}],"collection":[{"href":"https:\/\/www.vievaldis.com\/valdisere\/wp-json\/wp\/v2\/pages"}],"about":[{"href":"https:\/\/www.vievaldis.com\/valdisere\/wp-json\/wp\/v2\/types\/page"}],"author":[{"embeddable":true,"href":"https:\/\/www.vievaldis.com\/valdisere\/wp-json\/wp\/v2\/users\/1"}],"replies":[{"embeddable":true,"href":"https:\/\/www.vievaldis.com\/valdisere\/wp-json\/wp\/v2\/comments?post=7667"}],"version-history":[{"count":10,"href":"https:\/\/www.vievaldis.com\/valdisere\/wp-json\/wp\/v2\/pages\/7667\/revisions"}],"predecessor-version":[{"id":10709,"href":"https:\/\/www.vievaldis.com\/valdisere\/wp-json\/wp\/v2\/pages\/7667\/revisions\/10709"}],"wp:attachment":[{"href":"https:\/\/www.vievaldis.com\/valdisere\/wp-json\/wp\/v2\/media?parent=7667"}],"curies":[{"name":"wp","href":"https:\/\/api.w.org\/{rel}","templated":true}]}}