{"id":7972,"date":"2023-09-12T12:26:59","date_gmt":"2023-09-12T10:26:59","guid":{"rendered":"https:\/\/www.vievaldis.com\/valdisere\/?page_id=7972"},"modified":"2023-09-15T09:18:33","modified_gmt":"2023-09-15T07:18:33","slug":"deposer-une-offre-demploi","status":"publish","type":"page","link":"https:\/\/www.vievaldis.com\/valdisere\/deposer-une-offre-demploi\/","title":{"rendered":"D\u00e9poser une offre d&#8217;emploi"},"content":{"rendered":"<p>Afin de d\u00e9poser une offre d&#8217;emploi, veuillez remplir le formulaire ci-dessous.<\/p>\n<p>Votre offre sera ensuite trait\u00e9e et mise en ligne sur le site internet de l&rsquo;association Vie Val Dis.<\/p>\n<p>&nbsp;<\/p>\n<p>Merci par la suite de nous tenir inform\u00e9 d\u00e8s que le poste sera pourvu afin de mettre \u00e0 jour notre site.<\/p>\n<p>&nbsp;<\/p>\n<div class=\"wpforms-container wpforms-container-full wpforms-render-modern\" id=\"wpforms-7962\"><form id=\"wpforms-form-7962\" class=\"wpforms-validate wpforms-form wpforms-ajax-form\" data-formid=\"7962\" method=\"post\" enctype=\"multipart\/form-data\" action=\"\/valdisere\/wp-json\/wp\/v2\/pages\/7972\" data-token=\"096fc77ad55718b68da34d2aa77e8bcb\" data-token-time=\"1776249475\"><noscript class=\"wpforms-error-noscript\">Veuillez activer JavaScript dans votre navigateur pour remplir ce formulaire.<\/noscript><div class=\"wpforms-hidden\" id=\"wpforms-error-noscript\">Veuillez activer JavaScript dans votre navigateur pour remplir ce formulaire.<\/div><div class=\"wpforms-field-container\"><div id=\"wpforms-7962-field_12-container\" class=\"wpforms-field wpforms-field-text wpforms-one-half wpforms-first\" data-field-id=\"12\"><label class=\"wpforms-field-label\" for=\"wpforms-7962-field_12\">Votre nom <span class=\"wpforms-required-label\" aria-hidden=\"true\">*<\/span><\/label><input type=\"text\" id=\"wpforms-7962-field_12\" class=\"wpforms-field-large wpforms-field-required\" name=\"wpforms[fields][12]\" placeholder=\"INFORMATION NON COMMUNIQUE SUR L&#039;OFFRE\" aria-errormessage=\"wpforms-7962-field_12-error\" required><\/div><div id=\"wpforms-7962-field_14-container\" class=\"wpforms-field wpforms-field-text wpforms-one-half\" data-field-id=\"14\"><label class=\"wpforms-field-label\" for=\"wpforms-7962-field_14\">Votre pr\u00e9nom <span class=\"wpforms-required-label\" aria-hidden=\"true\">*<\/span><\/label><input type=\"text\" id=\"wpforms-7962-field_14\" class=\"wpforms-field-large wpforms-field-required\" name=\"wpforms[fields][14]\" placeholder=\"INFORMATION NON COMMUNIQUE SUR L&#039;OFFRE\" aria-errormessage=\"wpforms-7962-field_14-error\" required><\/div><div id=\"wpforms-7962-field_1-container\" class=\"wpforms-field wpforms-field-text\" data-field-id=\"1\"><label class=\"wpforms-field-label\" for=\"wpforms-7962-field_1\">Nom de l&#039;entreprise <span class=\"wpforms-required-label\" aria-hidden=\"true\">*<\/span><\/label><input type=\"text\" id=\"wpforms-7962-field_1\" class=\"wpforms-field-large wpforms-field-required\" name=\"wpforms[fields][1]\" aria-errormessage=\"wpforms-7962-field_1-error\" required><\/div><div id=\"wpforms-7962-field_2-container\" class=\"wpforms-field wpforms-field-text\" data-field-id=\"2\"><label class=\"wpforms-field-label\" for=\"wpforms-7962-field_2\">Titre du poste <span class=\"wpforms-required-label\" aria-hidden=\"true\">*<\/span><\/label><input type=\"text\" id=\"wpforms-7962-field_2\" class=\"wpforms-field-large wpforms-field-required\" name=\"wpforms[fields][2]\" aria-errormessage=\"wpforms-7962-field_2-error\" required><\/div><div id=\"wpforms-7962-field_4-container\" class=\"wpforms-field wpforms-field-textarea\" data-field-id=\"4\"><label class=\"wpforms-field-label\" for=\"wpforms-7962-field_4\">Description <span class=\"wpforms-required-label\" aria-hidden=\"true\">*<\/span><\/label><textarea id=\"wpforms-7962-field_4\" class=\"wpforms-field-large wpforms-field-required\" name=\"wpforms[fields][4]\" aria-errormessage=\"wpforms-7962-field_4-error\" required><\/textarea><\/div><div id=\"wpforms-7962-field_5-container\" class=\"wpforms-field wpforms-field-textarea\" data-field-id=\"5\"><label class=\"wpforms-field-label\" for=\"wpforms-7962-field_5\">Comp\u00e9tences requises <span class=\"wpforms-required-label\" aria-hidden=\"true\">*<\/span><\/label><textarea id=\"wpforms-7962-field_5\" class=\"wpforms-field-large wpforms-field-required\" name=\"wpforms[fields][5]\" aria-errormessage=\"wpforms-7962-field_5-error\" required><\/textarea><\/div><div id=\"wpforms-7962-field_6-container\" class=\"wpforms-field wpforms-field-text\" data-field-id=\"6\"><label class=\"wpforms-field-label\" for=\"wpforms-7962-field_6\">Salaires <span class=\"wpforms-required-label\" aria-hidden=\"true\">*<\/span><\/label><input type=\"text\" id=\"wpforms-7962-field_6\" class=\"wpforms-field-large wpforms-field-required\" name=\"wpforms[fields][6]\" aria-errormessage=\"wpforms-7962-field_6-error\" required><\/div><div id=\"wpforms-7962-field_8-container\" class=\"wpforms-field wpforms-field-textarea\" data-field-id=\"8\"><label class=\"wpforms-field-label\" for=\"wpforms-7962-field_8\">Avantages <span class=\"wpforms-required-label\" aria-hidden=\"true\">*<\/span><\/label><textarea id=\"wpforms-7962-field_8\" class=\"wpforms-field-large wpforms-field-required\" name=\"wpforms[fields][8]\" placeholder=\"Nourri, log\u00e9...\" aria-errormessage=\"wpforms-7962-field_8-error\" required><\/textarea><\/div><div id=\"wpforms-7962-field_9-container\" class=\"wpforms-field wpforms-field-text\" data-field-id=\"9\"><label class=\"wpforms-field-label\" for=\"wpforms-7962-field_9\">Type de contrat et p\u00e9riode <span class=\"wpforms-required-label\" aria-hidden=\"true\">*<\/span><\/label><input type=\"text\" id=\"wpforms-7962-field_9\" class=\"wpforms-field-large wpforms-field-required\" name=\"wpforms[fields][9]\" placeholder=\"CDD, CDI, extra... de... \u00e0...\" aria-errormessage=\"wpforms-7962-field_9-error\" required><\/div><div id=\"wpforms-7962-field_11-container\" class=\"wpforms-field wpforms-field-text\" data-field-id=\"11\"><label class=\"wpforms-field-label\" for=\"wpforms-7962-field_11\">Postuler <span class=\"wpforms-required-label\" aria-hidden=\"true\">*<\/span><\/label><input type=\"text\" id=\"wpforms-7962-field_11\" class=\"wpforms-field-large wpforms-field-required\" name=\"wpforms[fields][11]\" placeholder=\"Mail et ou num\u00e9ro de t\u00e9l\u00e9phone\" aria-errormessage=\"wpforms-7962-field_11-error\" required><\/div><\/div><!-- .wpforms-field-container --><div class=\"wpforms-submit-container\" ><input type=\"hidden\" name=\"wpforms[id]\" value=\"7962\"><input type=\"hidden\" name=\"page_title\" value=\"\"><input type=\"hidden\" name=\"page_url\" value=\"https:\/\/www.vievaldis.com\/valdisere\/wp-json\/wp\/v2\/pages\/7972\"><button type=\"submit\" name=\"wpforms[submit]\" id=\"wpforms-submit-7962\" class=\"wpforms-submit bouton_wpforms\" data-alt-text=\"Sending...\" data-submit-text=\"Envoyer\" aria-live=\"assertive\" value=\"wpforms-submit\">Envoyer<\/button><img src=\"https:\/\/www.vievaldis.com\/valdisere\/wp-content\/plugins\/wpforms-lite\/assets\/images\/submit-spin.svg\" class=\"wpforms-submit-spinner\" style=\"display: none;\" width=\"26\" height=\"26\" alt=\"Chargement en cours\"><\/div><\/form><\/div>  <!-- .wpforms-container -->\n<p>&nbsp;<\/p>\n<p><em><span class=\"S1PPyQ\">N&rsquo;oubliez pas que vous pouvez nous soutenir, en devenant m\u00e9c\u00e8ne ou partenaire de Vie Val d\u2019Is, votre entreprise apporte un soutien direct \u00e0 nos actions de terrain.<img loading=\"lazy\" class=\"size-thumbnail wp-image-8017 alignright\" src=\"https:\/\/www.vievaldis.com\/valdisere\/wp-content\/uploads\/2023\/09\/Reconnu-dinteret-general-150x150.png\" alt=\"\" width=\"150\" height=\"150\" srcset=\"https:\/\/www.vievaldis.com\/valdisere\/wp-content\/uploads\/2023\/09\/Reconnu-dinteret-general-150x150.png 150w, https:\/\/www.vievaldis.com\/valdisere\/wp-content\/uploads\/2023\/09\/Reconnu-dinteret-general-300x300.png 300w, https:\/\/www.vievaldis.com\/valdisere\/wp-content\/uploads\/2023\/09\/Reconnu-dinteret-general-1024x1024.png 1024w, https:\/\/www.vievaldis.com\/valdisere\/wp-content\/uploads\/2023\/09\/Reconnu-dinteret-general-768x768.png 768w, https:\/\/www.vievaldis.com\/valdisere\/wp-content\/uploads\/2023\/09\/Reconnu-dinteret-general-1536x1536.png 1536w, https:\/\/www.vievaldis.com\/valdisere\/wp-content\/uploads\/2023\/09\/Reconnu-dinteret-general.png 1620w\" sizes=\"(max-width: 150px) 100vw, 150px\" \/><\/span><\/em><\/p>\n<p><em><span class=\"S1PPyQ\">Elle s\u2019engage ainsi en faveur du mieux vivre \u00e0 Val d\u2019Is\u00e8re aux quatre saisons.<\/span><\/em><\/p>\n<p><em>Plus d&rsquo;infos <a href=\"https:\/\/www.vievaldis.com\/valdisere\/comment-soutenir-lassociation\/\" target=\"_blank\" rel=\"noopener\">ici<\/a>\u00a0<\/em><\/p>\n","protected":false},"excerpt":{"rendered":"<p>Afin de d\u00e9poser une offre d&#8217;emploi, veuillez remplir le formulaire ci-dessous. Votre offre sera ensuite trait\u00e9e et mise en ligne sur le site internet de l&rsquo;association Vie Val Dis. &nbsp; Merci par&#8230;<\/p>\n","protected":false},"author":1,"featured_media":0,"parent":0,"menu_order":0,"comment_status":"closed","ping_status":"closed","template":"","meta":[],"_links":{"self":[{"href":"https:\/\/www.vievaldis.com\/valdisere\/wp-json\/wp\/v2\/pages\/7972"}],"collection":[{"href":"https:\/\/www.vievaldis.com\/valdisere\/wp-json\/wp\/v2\/pages"}],"about":[{"href":"https:\/\/www.vievaldis.com\/valdisere\/wp-json\/wp\/v2\/types\/page"}],"author":[{"embeddable":true,"href":"https:\/\/www.vievaldis.com\/valdisere\/wp-json\/wp\/v2\/users\/1"}],"replies":[{"embeddable":true,"href":"https:\/\/www.vievaldis.com\/valdisere\/wp-json\/wp\/v2\/comments?post=7972"}],"version-history":[{"count":4,"href":"https:\/\/www.vievaldis.com\/valdisere\/wp-json\/wp\/v2\/pages\/7972\/revisions"}],"predecessor-version":[{"id":7992,"href":"https:\/\/www.vievaldis.com\/valdisere\/wp-json\/wp\/v2\/pages\/7972\/revisions\/7992"}],"wp:attachment":[{"href":"https:\/\/www.vievaldis.com\/valdisere\/wp-json\/wp\/v2\/media?parent=7972"}],"curies":[{"name":"wp","href":"https:\/\/api.w.org\/{rel}","templated":true}]}}