{"id":8854,"date":"2024-06-18T12:57:10","date_gmt":"2024-06-18T10:57:10","guid":{"rendered":"https:\/\/www.vievaldis.com\/valdisere\/?page_id=8854"},"modified":"2025-05-15T10:27:50","modified_gmt":"2025-05-15T08:27:50","slug":"faq-france-services","status":"publish","type":"page","link":"https:\/\/www.vievaldis.com\/valdisere\/faq-france-services\/","title":{"rendered":"FAQ France Services"},"content":{"rendered":"<h2><img loading=\"lazy\" class=\"wp-image-8790 alignnone\" src=\"https:\/\/www.vievaldis.com\/valdisere\/wp-content\/uploads\/2024\/06\/Sans-titre.png\" alt=\"\" width=\"111\" height=\"44\" srcset=\"https:\/\/www.vievaldis.com\/valdisere\/wp-content\/uploads\/2024\/06\/Sans-titre.png 358w, https:\/\/www.vievaldis.com\/valdisere\/wp-content\/uploads\/2024\/06\/Sans-titre-300x118.png 300w\" sizes=\"(max-width: 111px) 100vw, 111px\" \/>\u00a0 FRANCE TRAVAIL<\/h2>\n<ul>\n<li>Les d\u00e9missions qui donnent droit \u00e0 l&rsquo;allocation ch\u00f4mage : <a href=\"https:\/\/www.francetravail.fr\/candidat\/mes-droits-aux-aides-et-allocati\/a-chaque-situation-son-allocatio\/quelle-est-ma-situation-professi\/je-perds-ou-je-quitte-un-emploi\/je-veux-demissionner-pour-un-mot.html\" target=\"_blank\" rel=\"noopener\">ici<\/a><\/li>\n<li>Ai-je droit \u00e0 l\u2019allocation ch\u00f4mage ? <a href=\"https:\/\/www.francetravail.fr\/candidat\/mes-droits-aux-aides-et-allocati\/lessentiel-a-savoir-sur-lallocat\/ai-je-droit-a-lallocation-chomag.html\" target=\"_blank\" rel=\"noopener\">ici<\/a><\/li>\n<li>L\u2019inscription \u00e0 France Travail : les r\u00e9ponses \u00e0 vos questions <a href=\"https:\/\/www.francetravail.fr\/candidat\/vos-droits-et-demarches\/vos-demarches-aupres-de-pole-emp\/pour-minscrire-a-pole-emploi.html\" target=\"_blank\" rel=\"noopener\">ici<\/a><\/li>\n<li>Si je mets fin \u00e0 ma p\u00e9riode d&rsquo;essai, ai-je droit \u00e0 l&rsquo;allocation ch\u00f4mage ? <a href=\"https:\/\/www.francetravail.fr\/candidat\/mes-droits-aux-aides-et-allocati\/allocations-et-aides--les-repons\/allocations--attention-aux-idees\/demission-et-droit-aux-allocatio.html\" target=\"_blank\" rel=\"noopener\">ici<\/a><\/li>\n<\/ul>\n<p>&nbsp;<\/p>\n<h2><img loading=\"lazy\" class=\"wp-image-8859 alignnone\" src=\"https:\/\/www.vievaldis.com\/valdisere\/wp-content\/uploads\/2024\/06\/Capture-decran-2023-03-28-170940.jpg\" alt=\"\" width=\"143\" height=\"54\" srcset=\"https:\/\/www.vievaldis.com\/valdisere\/wp-content\/uploads\/2024\/06\/Capture-decran-2023-03-28-170940.jpg 308w, https:\/\/www.vievaldis.com\/valdisere\/wp-content\/uploads\/2024\/06\/Capture-decran-2023-03-28-170940-300x114.jpg 300w\" sizes=\"(max-width: 143px) 100vw, 143px\" \/>\u00a0 L&rsquo;ASSURANCE MALADIE , LA CPAM<\/h2>\n<ul>\n<li><strong>Je suis travailleur\u00b7se \u00e9tranger\u00b7\u00e8re, ai-je doit \u00e0 la S\u00e9curit\u00e9 sociale Fran\u00e7aise ?<\/strong><\/li>\n<\/ul>\n<div class=\"flex-container flex-dir-column-reverse\">\n<details class=\"isRel\">\n<div id=\"close-details\" class=\"cta-sheet-link marg-top-sm\"><\/div>\n<div class=\"marg-top-sm\">Oui, sauf si vous \u00eates en Visa Vacance Travail <span style=\"color: #ff0000;\">*<\/span><br \/>\nPour cela il faut imp\u00e9rativement, d\u00e8s que vous avez votre contrat de travail, remplir et envoyer le <a href=\"https:\/\/www.vievaldis.com\/valdisere\/wp-content\/uploads\/2022\/10\/cerfa-736-Vierge.pdf\" target=\"_blank\" rel=\"noopener\">Cerfa 736<\/a> ainsi que :<br \/>\n&#8211; Certificat d\u2019acte de naissance<br \/>\n&#8211; La carte d\u2019identit\u00e9 ou passeport<br \/>\n&#8211; Un titre de s\u00e9jour ou Visa (si hors Europe)<br \/>\n&#8211; Le RIB (attention les comptes REVOLUT ne sont pas accept\u00e9s)<br \/>\n&#8211; Le contrat de travail<br \/>\n&#8211; L\u2019attestation de logement<br \/>\n<span style=\"color: #ff0000;\">* Si vous \u00eates en PVT vous n\u2019avez pas le statut d&rsquo;expatri\u00e9.e et n&rsquo;est donc pas admissible \u00e0 l&rsquo;assurance maladie du pays, m\u00eame si vous travaillez. Vous devez souscrire une assurance priv\u00e9e couvrant les risques maladie-maternit\u00e9, invalidit\u00e9, l&rsquo;hospitalisation et le rapatriement, pour la dur\u00e9e du s\u00e9jour. Aucune prise en charge n&rsquo;est r\u00e9alis\u00e9e par l&rsquo;assurance maladie fran\u00e7aise. <\/span><\/div>\n<\/details>\n<\/div>\n<ul>\n<li><strong>Si je d\u00e9pends de la MSA, comment passer \u00e0 la CPAM ?<\/strong><\/li>\n<\/ul>\n<div class=\"flex-container flex-dir-column-reverse\">\n<details class=\"isRel\">\n<div id=\"close-details\" class=\"cta-sheet-link marg-top-sm\"><\/div>\n<div class=\"marg-top-sm\">Si je d\u00e9pends de la MSA et que je d\u00e9bute une activit\u00e9 salari\u00e9e relevant du r\u00e9gime g\u00e9n\u00e9ral je dois faire parvenir les pi\u00e8ces suivantes \u00e0 la CPAM afin d\u2019effectuer la mutation de son dossier :<br \/>\n&#8211;<a href=\"https:\/\/www.ameli.fr\/sites\/default\/files\/formulaires\/172\/750.cnam_mut_puma_2018_v5_remp.pdf\" target=\"_blank\" rel=\"noopener\"> CERFA s750<\/a><br \/>\n&#8211; RIB<br \/>\n&#8211; Carte d\u2019identit\u00e9<br \/>\n&#8211; Copie contrat de travail<\/div>\n<\/details>\n<\/div>\n<ul>\n<li><strong>Est ce que mon employeur\u00b7se peut me faire mon contrat m\u00eame si je n&rsquo;ai pas encore mon num\u00e9ro de s\u00e9curit\u00e9 sociale?<\/strong><\/li>\n<\/ul>\n<div class=\"flex-container flex-dir-column-reverse\">\n<details class=\"isRel\">\n<div id=\"close-details\" class=\"cta-sheet-link marg-top-sm\"><\/div>\n<div class=\"marg-top-sm\">Oui, votre employeur\u00b7se peut faire votre contrat sans votre num\u00e9ro de s\u00e9curit\u00e9 sociale si vous ne l&rsquo;avez pas encore<\/div>\n<\/details>\n<\/div>\n<div><\/div>\n<ul>\n<li><strong>Combien de temps prend la cr\u00e9ation de mon num\u00e9ro de s\u00e9curit\u00e9 sociale ?<\/strong><\/li>\n<\/ul>\n<div class=\"flex-container flex-dir-column-reverse\">\n<details class=\"isRel\">\n<div id=\"close-details\" class=\"cta-sheet-link marg-top-sm\"><\/div>\n<div class=\"marg-top-sm\">Si mon dossier est complet, il faut compter environ 1mois et demi \/ 2 mois mais cela peut \u00eatre plus long en fonction du nombre des demandes que doit traiter la CPAM<\/div>\n<\/details>\n<\/div>\n<div><\/div>\n<ul>\n<li><strong>Est ce que je peux me faire rembourser mes soins m\u00eame si je n&rsquo;ai pas mon num\u00e9ro de s\u00e9curit\u00e9 sociale?<\/strong><\/li>\n<\/ul>\n<div class=\"flex-container flex-dir-column-reverse\">\n<details class=\"isRel\">\n<div id=\"close-details\" class=\"cta-sheet-link marg-top-sm\"><\/div>\n<div class=\"marg-top-sm\">Sans num\u00e9ro de s\u00e9curit\u00e9 sociale je ne peux pas me faire rembourser MAIS certains remboursements sont r\u00e9troactifs, cela signifie que une fois que j&rsquo;ai num\u00e9ro je peux me faire rembourser. Je garde donc bien toutes mes feuilles de soins pour les envoyer a la CPAM d\u00e8s la r\u00e9ception de mon num\u00e9ro de s\u00e9curit\u00e9 sociale<\/div>\n<\/details>\n<\/div>\n<div><\/div>\n<h2><img loading=\"lazy\" class=\"wp-image-8871 alignnone\" src=\"https:\/\/www.vievaldis.com\/valdisere\/wp-content\/uploads\/2024\/06\/Capture-decran-2023-04-06-174604.jpg\" alt=\"\" width=\"232\" height=\"55\" srcset=\"https:\/\/www.vievaldis.com\/valdisere\/wp-content\/uploads\/2024\/06\/Capture-decran-2023-04-06-174604.jpg 712w, https:\/\/www.vievaldis.com\/valdisere\/wp-content\/uploads\/2024\/06\/Capture-decran-2023-04-06-174604-300x71.jpg 300w\" sizes=\"(max-width: 232px) 100vw, 232px\" \/> IMP\u00d4TS<\/h2>\n<ul>\n<li><strong>Je dois faire pour la premi\u00e8re fois mes imp\u00f4ts, de quels documents ai-je besoin?<\/strong><\/li>\n<\/ul>\n<div class=\"flex-container flex-dir-column-reverse\">\n<details class=\"isRel\">\n<div id=\"close-details\" class=\"cta-sheet-link marg-top-sm\"><\/div>\n<div class=\"marg-top-sm\">\n<p>&#8211; Copie de justificatif d\u2019identit\u00e9<br \/>\n&#8211; Locataire ou colocataire : copie du contrat de bail<br \/>\n&#8211; H\u00e9berg\u00e9\u00b7e \u00e0 titre gratuit : copie du dernier avis de taxe fonci\u00e8re ou du contrat de bail de la personne chez qui je r\u00e9side et attestation d\u2019h\u00e9bergement sign\u00e9e par la personne qui h\u00e9bergeait le contribuable \u00e0 cette date<br \/>\n&#8211; Occupant d\u2019une chambre d\u2019h\u00f4tel : attestation d\u2019occupation d\u2019une chambre d\u2019h\u00f4tel d\u00e9livr\u00e9e par le g\u00e9rant de l\u2019h\u00f4tel o\u00f9 l\u2019on r\u00e9sidait au 31 d\u00e9cembre<br \/>\n&#8211; H\u00e9berg\u00e9\u00b7e dans un foyer : attestation d\u00e9livr\u00e9e par le foyer qui h\u00e9bergeait le contribuable au 31 d\u00e9cembre<br \/>\n&#8211; Domicili\u00e9\u00b7e aupr\u00e8s d\u2019un centre communal d\u2019action sociale (CCAS) : attestation d\u2019\u00e9lection de domicile en cours de validit\u00e9<br \/>\n&#8211; H\u00e9berg\u00e9\u00b7e par mon employeur\u00b7se : attestation d\u2019h\u00e9bergement<br \/>\n&#8211; Le formulaire de d\u00e9claration des revenus n\u00b02042<br \/>\n&#8211; Justificatifs de salaire<br \/>\n&#8211; RIB<\/p>\n<\/div>\n<\/details>\n<\/div>\n<div><\/div>\n","protected":false},"excerpt":{"rendered":"<p>\u00a0 FRANCE TRAVAIL Les d\u00e9missions qui donnent droit \u00e0 l&rsquo;allocation ch\u00f4mage : ici Ai-je droit \u00e0 l\u2019allocation ch\u00f4mage ? ici L\u2019inscription \u00e0 France Travail : les r\u00e9ponses \u00e0 vos questions ici Si&#8230;<\/p>\n","protected":false},"author":1,"featured_media":0,"parent":0,"menu_order":0,"comment_status":"closed","ping_status":"closed","template":"","meta":[],"_links":{"self":[{"href":"https:\/\/www.vievaldis.com\/valdisere\/wp-json\/wp\/v2\/pages\/8854"}],"collection":[{"href":"https:\/\/www.vievaldis.com\/valdisere\/wp-json\/wp\/v2\/pages"}],"about":[{"href":"https:\/\/www.vievaldis.com\/valdisere\/wp-json\/wp\/v2\/types\/page"}],"author":[{"embeddable":true,"href":"https:\/\/www.vievaldis.com\/valdisere\/wp-json\/wp\/v2\/users\/1"}],"replies":[{"embeddable":true,"href":"https:\/\/www.vievaldis.com\/valdisere\/wp-json\/wp\/v2\/comments?post=8854"}],"version-history":[{"count":18,"href":"https:\/\/www.vievaldis.com\/valdisere\/wp-json\/wp\/v2\/pages\/8854\/revisions"}],"predecessor-version":[{"id":9783,"href":"https:\/\/www.vievaldis.com\/valdisere\/wp-json\/wp\/v2\/pages\/8854\/revisions\/9783"}],"wp:attachment":[{"href":"https:\/\/www.vievaldis.com\/valdisere\/wp-json\/wp\/v2\/media?parent=8854"}],"curies":[{"name":"wp","href":"https:\/\/api.w.org\/{rel}","templated":true}]}}