{"id":9191,"date":"2024-09-26T12:50:40","date_gmt":"2024-09-26T10:50:40","guid":{"rendered":"https:\/\/www.vievaldis.com\/valdisere\/?page_id=9191"},"modified":"2025-09-29T17:20:37","modified_gmt":"2025-09-29T15:20:37","slug":"tous-au-compost","status":"publish","type":"page","link":"https:\/\/www.vievaldis.com\/valdisere\/tous-au-compost\/","title":{"rendered":"Tous au compost !"},"content":{"rendered":"<div id=\"par141930\" class=\"paragraphe txt\">\n<div class=\"innerParagraphe\">\n<h4>Les sites sur la commune de Val d\u2019Is\u00e8re\u00a0:<\/h4>\n<ul>\n<li>Les Richardes<\/li>\n<li>Ecole<\/li>\n<li>La Daille<\/li>\n<\/ul>\n<p>Nouveaux sites :<\/p>\n<ul>\n<li>Lessi\u00e8res<\/li>\n<li>Cr\u00e8che Municpale<\/li>\n<li>R\u00e9sidences des Lupins<\/li>\n<\/ul>\n<h4>Trier ses biod\u00e9chets en Haute Tarentaise, comment faire ?<\/h4>\n<p>Conform\u00e9ment \u00e0 la loi du 10 f\u00e9vrier 2020 relative \u00e0 la lutte contre le gaspillage et \u00e0 l\u2019\u00e9conomie circulaire, la g\u00e9n\u00e9ralisation du tri \u00e0 la source des biod\u00e9chets doit \u00eatre mise en place sur l\u2019ensemble du territoire au 1er janvier 2024 pour tous les producteurs de d\u00e9chets.<\/p>\n<p><strong>La Communaut\u00e9 de Communes de Haute Tarentaise a la comp\u00e9tence collecte des d\u00e9chets m\u00e9nagers et assimil\u00e9s pour ses 8 communes. Elle doit donc proposer des solutions de tri \u00e0 la source des biod\u00e9chets \u00e0 tous ses habitants, pour des quantit\u00e9s et des co\u00fbts raisonnables.<\/strong><\/p>\n<p>Au 1<sup>er<\/sup>\u00a0janvier 2024, la CCHT propose des solutions de valorisation selon les sp\u00e9cificit\u00e9s de chacun :<\/p>\n<ul>\n<li><strong>Pour les habitations avec jardin<\/strong>, le compostage individuel est la meilleure solution : compostage en tas, composteur individuel \u00e0 domicile fourni par la collectivit\u00e9, achet\u00e9 en autonomie ou fabriqu\u00e9. Pour obtenir un composteur + un bioseau (20\u20ac ou 30\u20ac), merci de contacter la CCHT.<\/li>\n<li><strong>Pour les appartements<\/strong>, il y a la possibilit\u00e9 d\u2019installer des composteurs partag\u00e9s. La copropri\u00e9t\u00e9, apr\u00e8s validation en assembl\u00e9e g\u00e9n\u00e9rale, peut contacter la CCHT \u00eatre accompagn\u00e9e dans l\u2019installation de composteurs.<\/li>\n<li><strong>Pour un restaurant jetant moins de 200 litres de biod\u00e9chets\/semaine<\/strong>\u00a0(environ 250 couverts\/jour), la CCHT propose un test de collecte en bac de 120 litres 2 fois par semaine qui sera r\u00e9alis\u00e9 dans un premier temps, de janvier 2024 \u00e0 avril 2024, seulement pour les communes de Bourg-Saint-Maurice (sans Les Arcs), S\u00e9ez et La Rosi\u00e8re. \u00c0 la suite du test, la collecte sera d\u00e9velopp\u00e9e pour les autres secteurs.<\/li>\n<li><strong>Pour un restaurant\/professionnel jetant plus de 200 litres de biod\u00e9chets\/semaine<\/strong>, la CCHT n\u2019a pas l\u2019obligation de le collecter. Il faudra convenir d\u2019un RDV avec un collecteur priv\u00e9 pour valoriser les d\u00e9chets et r\u00e9pondre \u00e0 la r\u00e9glementation en cours.<\/li>\n<li><strong>Pour les g\u00e9rants de locations touristiques<\/strong>, la CCHT est en cours de recherche de la meilleure solution pour valoriser les biod\u00e9chets des vacanciers. Il est possible de contacter la CCHT pour d\u00e9terminer un lieu pour des composteurs partag\u00e9s, dont l\u2019entretien reste \u00e0 la charge des g\u00e9rants.<\/li>\n<\/ul>\n<p>Pour toute demande, merci de privil\u00e9gier notre formulaire de contact sur notre site internet hautetarentaise.fr ou nous contacter directement au\u00a0<strong>04.79.41.08.53<\/strong>. Mail :\u00a0<strong>tri-reduction@hautetarentaise.fr<\/strong><\/p>\n<\/div>\n<\/div>\n<div id=\"par83275\" class=\"paragraphe txt\">\n<div class=\"innerParagraphe\">\n<h2>Guide du compostage collectif<\/h2>\n<p>Toutes les infos compostage et biod\u00e9chets de la Communaut\u00e9 de Commune Haute Tarentaise <a href=\"https:\/\/www.hautetarentaise.fr\/2759-compostage-biodechets.htm\" target=\"_blank\" rel=\"noopener\">ICI<\/a><\/p>\n<\/div>\n<\/div>\n","protected":false},"excerpt":{"rendered":"<p>Les sites sur la commune de Val d\u2019Is\u00e8re\u00a0: Les Richardes Ecole La Daille Nouveaux sites : Lessi\u00e8res Cr\u00e8che Municpale R\u00e9sidences des Lupins Trier ses biod\u00e9chets en Haute Tarentaise, comment faire ? Conform\u00e9ment&#8230;<\/p>\n","protected":false},"author":1,"featured_media":0,"parent":0,"menu_order":0,"comment_status":"closed","ping_status":"closed","template":"","meta":[],"_links":{"self":[{"href":"https:\/\/www.vievaldis.com\/valdisere\/wp-json\/wp\/v2\/pages\/9191"}],"collection":[{"href":"https:\/\/www.vievaldis.com\/valdisere\/wp-json\/wp\/v2\/pages"}],"about":[{"href":"https:\/\/www.vievaldis.com\/valdisere\/wp-json\/wp\/v2\/types\/page"}],"author":[{"embeddable":true,"href":"https:\/\/www.vievaldis.com\/valdisere\/wp-json\/wp\/v2\/users\/1"}],"replies":[{"embeddable":true,"href":"https:\/\/www.vievaldis.com\/valdisere\/wp-json\/wp\/v2\/comments?post=9191"}],"version-history":[{"count":7,"href":"https:\/\/www.vievaldis.com\/valdisere\/wp-json\/wp\/v2\/pages\/9191\/revisions"}],"predecessor-version":[{"id":10128,"href":"https:\/\/www.vievaldis.com\/valdisere\/wp-json\/wp\/v2\/pages\/9191\/revisions\/10128"}],"wp:attachment":[{"href":"https:\/\/www.vievaldis.com\/valdisere\/wp-json\/wp\/v2\/media?parent=9191"}],"curies":[{"name":"wp","href":"https:\/\/api.w.org\/{rel}","templated":true}]}}